{"id":1850,"date":"2024-01-30T14:48:11","date_gmt":"2024-01-30T13:48:11","guid":{"rendered":"https:\/\/enricoriolc13.sg-host.com\/?page_id=1850"},"modified":"2024-05-29T11:28:24","modified_gmt":"2024-05-29T09:28:24","slug":"legal-warning","status":"publish","type":"page","link":"https:\/\/varietatslocals.org\/en\/avis-legal\/","title":{"rendered":"Legal warning"},"content":{"rendered":"<div data-elementor-type=\"wp-page\" data-elementor-id=\"1850\" class=\"elementor elementor-1850\" data-elementor-post-type=\"page\">\n\t\t\t\t<div class=\"elementor-element elementor-element-4a73df0 e-flex e-con-boxed e-con e-parent\" data-id=\"4a73df0\" data-element_type=\"container\" data-e-type=\"container\" data-settings=\"{&quot;background_background&quot;:&quot;classic&quot;}\">\n\t\t\t\t\t<div class=\"e-con-inner\">\n\t\t\t\t<div class=\"elementor-element elementor-element-9ec00cb elementor-widget elementor-widget-heading\" data-id=\"9ec00cb\" data-element_type=\"widget\" data-e-type=\"widget\" data-widget_type=\"heading.default\">\n\t\t\t\t<div class=\"elementor-widget-container\">\n\t\t\t\t\t<h1 class=\"elementor-heading-title elementor-size-default\">Legal warning<\/h1>\t\t\t\t<\/div>\n\t\t\t\t<\/div>\n\t\t\t\t\t<\/div>\n\t\t\t\t<\/div>\n\t\t<div class=\"elementor-element elementor-element-19da605 e-flex e-con-boxed e-con e-parent\" data-id=\"19da605\" data-element_type=\"container\" data-e-type=\"container\" data-settings=\"{&quot;background_background&quot;:&quot;classic&quot;}\">\n\t\t\t\t\t<div class=\"e-con-inner\">\n\t\t<div class=\"elementor-element elementor-element-3a5f308 e-con-full e-flex e-con e-child\" data-id=\"3a5f308\" data-element_type=\"container\" data-e-type=\"container\">\n\t\t\t\t<div class=\"elementor-element elementor-element-8e076d5 elementor-widget elementor-widget-text-editor\" data-id=\"8e076d5\" data-element_type=\"widget\" data-e-type=\"widget\" data-widget_type=\"text-editor.default\">\n\t\t\t\t<div class=\"elementor-widget-container\">\n\t\t\t\t\t\t\t\t\t<p><strong>General information<\/strong><\/p>\n<p>The owner of the website&nbsp;<a href=\"https:\/\/varietatslocals.org\/en\/\">https:\/\/www.varietatslocals.org\/<\/a>&nbsp;is the Association of Local Varieties, with NIF G57272122 and domiciled at Carrer de la Santa Creu, 31, 07260, Porreres, Balearic Islands.<\/p>\n<p>The entity is registered in the Mercantile Registry with the following registration data: no. Registration: 311000004967 dated 19\/12\/2003 in section 1.<\/p>\n<p>With the intention that the use of the website conforms to criteria of transparency, clarity and simplicity, the Association of Local Varieties informs the user that any suggestion, doubt or query regarding this Legal Notice or any other informative document of the website will be received and resolved by contacting The Association of Local Varieties, through the email address:&nbsp;<a href=\"mailto:info@varietatslocals.org\">info@varietatslocals.org<\/a><\/p>\n<p><strong>Intellectual Property<\/strong><\/p>\n<p>All the content shown on this website, and in particular designs, texts, images, logos, icons, trade names, brands or any other information susceptible to industrial and\/or commercial use, are protected by the corresponding copyright , not allowing its reproduction, transmission or registration of information except with the prior authorization of the owner, The Association of Local Varieties. However, the user will be able to use information provided to manage their order and the corresponding contact details.<\/p>\n<p><strong>links<\/strong><\/p>\n<p>The Association of Local Varieties does not assume any responsibility for links to other websites or web pages that, if applicable, could be included in the same, since it has no control over them, and for this reason the user you access the content and the conditions of use that govern them exclusively under your responsibility.<\/p>\n<p><strong>Social networks (web)<\/strong><\/p>\n<p>The Associaci\u00f3 de Varietats Locals is the person responsible for the treatment of the information that is processed through your profile in this social network, we invite you to know our Privacy Policy which you can consult at https:\/\/www.varietatslocals.org .<\/p>\n<p><strong>Contact form (web)<\/strong><\/p>\n<p>The personal data provided voluntarily by you, through this web form, will be treated by L&#039;Associaci\u00f3 de Varietats Locals as the person responsible for the treatment, with the purpose of attending to your request, query, complaint or suggestion, without produces communication or transfer of data and kept during the periods necessary to attend to the requests. You can exercise your rights of access, rectification or deletion of your data, by going to&nbsp;<a href=\"mailto:info@varietatslocals.org\">info@varietatslocals.org<\/a>, for more information on this, you can consult our Privacy Policy a&nbsp;<a href=\"https:\/\/varietatslocals.org\/en\/\">https:\/\/www.varietatslocals.org<\/a>.<\/p>\t\t\t\t\t\t\t\t<\/div>\n\t\t\t\t<\/div>\n\t\t\t\t<\/div>\n\t\t\t\t\t<\/div>\n\t\t\t\t<\/div>\n\t\t\t\t<\/div>","protected":false},"excerpt":{"rendered":"<p>Informaci\u00f3 General El titular del lloc web&nbsp;https:\/\/www.varietatslocals.org\/&nbsp;\u00e9s L\u2019Associaci\u00f3 de Varietats Locals, amb NIF G57272122 i amb domicili al carrer de la Santa Creu, 31, 07260, Porreres, Illes Balears. L\u2019entitat es troba inscrita al Registre Mercantil amb les seg\u00fcents dades d\u2019inscripci\u00f3: n\u00fam. Registre: 311000004967 amb data 19\/12\/2003 a la secci\u00f3 1. Amb \u00e0nim de qu\u00e8 l\u2019\u00fas [&hellip;]<\/p>\n","protected":false},"author":1,"featured_media":0,"parent":0,"menu_order":0,"comment_status":"closed","ping_status":"closed","template":"","meta":{"_joinchat":[],"footnotes":""},"class_list":["post-1850","page","type-page","status-publish","hentry"],"_links":{"self":[{"href":"https:\/\/varietatslocals.org\/en\/wp-json\/wp\/v2\/pages\/1850","targetHints":{"allow":["GET"]}}],"collection":[{"href":"https:\/\/varietatslocals.org\/en\/wp-json\/wp\/v2\/pages"}],"about":[{"href":"https:\/\/varietatslocals.org\/en\/wp-json\/wp\/v2\/types\/page"}],"author":[{"embeddable":true,"href":"https:\/\/varietatslocals.org\/en\/wp-json\/wp\/v2\/users\/1"}],"replies":[{"embeddable":true,"href":"https:\/\/varietatslocals.org\/en\/wp-json\/wp\/v2\/comments?post=1850"}],"version-history":[{"count":0,"href":"https:\/\/varietatslocals.org\/en\/wp-json\/wp\/v2\/pages\/1850\/revisions"}],"wp:attachment":[{"href":"https:\/\/varietatslocals.org\/en\/wp-json\/wp\/v2\/media?parent=1850"}],"curies":[{"name":"wp","href":"https:\/\/api.w.org\/{rel}","templated":true}]}}