{"id":634,"date":"2024-01-14T19:46:09","date_gmt":"2024-01-14T18:46:09","guid":{"rendered":"https:\/\/enricoriolc13.sg-host.com\/?page_id=634"},"modified":"2024-07-31T09:10:41","modified_gmt":"2024-07-31T07:10:41","slug":"his-wife","status":"publish","type":"page","link":"https:\/\/varietatslocals.org\/en\/sa-porgadora\/","title":{"rendered":"Sa Porgadora Screening"},"content":{"rendered":"<div data-elementor-type=\"wp-page\" data-elementor-id=\"634\" class=\"elementor elementor-634\" data-elementor-post-type=\"page\">\n\t\t\t\t<div class=\"elementor-element elementor-element-c4ae270 e-flex e-con-boxed e-con e-parent\" data-id=\"c4ae270\" data-element_type=\"container\" data-e-type=\"container\" data-settings=\"{&quot;background_background&quot;:&quot;classic&quot;}\">\n\t\t\t\t\t<div class=\"e-con-inner\">\n\t\t\t\t<div class=\"elementor-element elementor-element-0010947 elementor-widget elementor-widget-heading\" data-id=\"0010947\" data-element_type=\"widget\" data-e-type=\"widget\" data-widget_type=\"heading.default\">\n\t\t\t\t<div class=\"elementor-widget-container\">\n\t\t\t\t\t<h1 class=\"elementor-heading-title elementor-size-default\">Sa Porgadora Screening<\/h1>\t\t\t\t<\/div>\n\t\t\t\t<\/div>\n\t\t\t\t\t<\/div>\n\t\t\t\t<\/div>\n\t\t<div class=\"elementor-element elementor-element-366700d e-flex e-con-boxed e-con e-parent\" data-id=\"366700d\" data-element_type=\"container\" data-e-type=\"container\">\n\t\t\t\t\t<div class=\"e-con-inner\">\n\t\t<div class=\"elementor-element elementor-element-77ce063 e-con-full e-flex e-con e-child\" data-id=\"77ce063\" data-element_type=\"container\" data-e-type=\"container\">\n\t\t\t\t<div class=\"elementor-element elementor-element-807c658 elementor-widget elementor-widget-heading\" data-id=\"807c658\" data-element_type=\"widget\" data-e-type=\"widget\" data-widget_type=\"heading.default\">\n\t\t\t\t<div class=\"elementor-widget-container\">\n\t\t\t\t\t<h2 class=\"elementor-heading-title elementor-size-default\">Open door service!<\/h2>\t\t\t\t<\/div>\n\t\t\t\t<\/div>\n\t\t\t\t<div class=\"elementor-element elementor-element-9dcff32 elementor-widget elementor-widget-text-editor\" data-id=\"9dcff32\" data-element_type=\"widget\" data-e-type=\"widget\" data-widget_type=\"text-editor.default\">\n\t\t\t\t<div class=\"elementor-widget-container\">\n\t\t\t\t\t\t\t\t\t<p><span style=\"color: #000000;\">The sieving service consists of the cleaning of grain (cereals and legumes) of local varieties, foreign varieties, conventionally and organically.&nbsp;<\/span><\/p>\n<p><span style=\"text-align: var(--text-align); color: rgb(0, 0, 0);\">After several years of managing deliveries and collections by the Association of Local Varieties, from now on&nbsp;<\/span><span style=\"text-align: var(--text-align); color: rgb(0, 0, 0);\">it will be in charge of Camp Mallorqu\u00ed.&nbsp;<\/span><\/p><p><span style=\"text-align: var(--text-align); color: rgb(0, 0, 0);\">Sa Porgadora is located in the Cooperativa Agr\u00edcola de Sineu (Camp Mallorqu\u00ed Fruits, carrer del Carril, 21, Sineu) and<\/span><span style=\"text-align: var(--text-align); color: rgb(0, 0, 0);\">&nbsp;is the only center for cleaning organic grain and local varieties in Mallorca and the Islands.<\/span><br><\/p>\n<p><span style=\"color: #000000;\">The conditions for our partners remain.&nbsp;<\/span><span style=\"color: rgb(0, 0, 0); text-align: var(--text-align);\">The first week of each month has been reserved for the delivery of organic products. The rest of the days will be conventional, although the machine is cleaned after each bite.<\/span><\/p>\n<p><span style=\"color: #000000;\">The prices are very similar but they have been adjusted to the work that each type of grain takes (it is not the same to harvest a bean or broad bean seed as it is for wheat).&nbsp;<\/span><span style=\"text-decoration: underline;\"><a href=\"https:\/\/www.varietatslocals.org\/wp-content\/uploads\/2024\/05\/Tarifes-porgat.pdf\"><span style=\"color: #000000; text-align: var(--text-align); text-decoration: underline;\">Here is the information about the new prices.<\/span><\/a><\/span><\/p>\t\t\t\t\t\t\t\t<\/div>\n\t\t\t\t<\/div>\n\t\t\t\t<\/div>\n\t\t\t\t\t<\/div>\n\t\t\t\t<\/div>\n\t\t<div class=\"elementor-element elementor-element-c52f901 e-flex e-con-boxed e-con e-parent\" data-id=\"c52f901\" data-element_type=\"container\" data-e-type=\"container\">\n\t\t\t\t\t<div class=\"e-con-inner\">\n\t\t<div class=\"elementor-element elementor-element-c0d04a2 e-con-full e-flex e-con e-child\" data-id=\"c0d04a2\" data-element_type=\"container\" data-e-type=\"container\">\n\t\t\t\t<div class=\"elementor-element elementor-element-de168fb elementor-widget elementor-widget-image\" data-id=\"de168fb\" data-element_type=\"widget\" data-e-type=\"widget\" data-widget_type=\"image.default\">\n\t\t\t\t<div class=\"elementor-widget-container\">\n\t\t\t\t\t\t\t\t\t\t\t\t\t\t\t<img fetchpriority=\"high\" decoding=\"async\" width=\"500\" height=\"500\" src=\"https:\/\/varietatslocals.org\/wp-content\/uploads\/2024\/02\/Sa-Porgadora.jpg\" class=\"attachment-large size-large wp-image-3563\" alt=\"Sa Porgadora Screening\" srcset=\"https:\/\/varietatslocals.org\/wp-content\/uploads\/2024\/02\/Sa-Porgadora.jpg 500w, https:\/\/varietatslocals.org\/wp-content\/uploads\/2024\/02\/Sa-Porgadora-300x300.jpg 300w, https:\/\/varietatslocals.org\/wp-content\/uploads\/2024\/02\/Sa-Porgadora-100x100.jpg 100w\" sizes=\"(max-width: 500px) 100vw, 500px\" title=\"\">\t\t\t\t\t\t\t\t\t\t\t\t\t\t\t<\/div>\n\t\t\t\t<\/div>\n\t\t\t\t<\/div>\n\t\t<div class=\"elementor-element elementor-element-9d2f070 e-con-full e-flex e-con e-child\" data-id=\"9d2f070\" data-element_type=\"container\" data-e-type=\"container\">\n\t\t\t\t<div class=\"elementor-element elementor-element-83a6518 elementor-widget elementor-widget-image\" data-id=\"83a6518\" data-element_type=\"widget\" data-e-type=\"widget\" data-widget_type=\"image.default\">\n\t\t\t\t<div class=\"elementor-widget-container\">\n\t\t\t\t\t\t\t\t\t\t\t\t\t\t\t<img decoding=\"async\" width=\"500\" height=\"500\" src=\"https:\/\/varietatslocals.org\/wp-content\/uploads\/2024\/02\/Sa-Porgadora-1.jpg\" class=\"attachment-large size-large wp-image-3564\" alt=\"Gran de sa Porgadora\" srcset=\"https:\/\/varietatslocals.org\/wp-content\/uploads\/2024\/02\/Sa-Porgadora-1.jpg 500w, https:\/\/varietatslocals.org\/wp-content\/uploads\/2024\/02\/Sa-Porgadora-1-300x300.jpg 300w, https:\/\/varietatslocals.org\/wp-content\/uploads\/2024\/02\/Sa-Porgadora-1-100x100.jpg 100w\" sizes=\"(max-width: 500px) 100vw, 500px\" title=\"\">\t\t\t\t\t\t\t\t\t\t\t\t\t\t\t<\/div>\n\t\t\t\t<\/div>\n\t\t\t\t<\/div>\n\t\t<div class=\"elementor-element elementor-element-00fb9e3 e-con-full e-flex e-con e-child\" data-id=\"00fb9e3\" data-element_type=\"container\" data-e-type=\"container\">\n\t\t\t\t<div class=\"elementor-element elementor-element-a706864 elementor-widget elementor-widget-image\" data-id=\"a706864\" data-element_type=\"widget\" data-e-type=\"widget\" data-widget_type=\"image.default\">\n\t\t\t\t<div class=\"elementor-widget-container\">\n\t\t\t\t\t\t\t\t\t\t\t\t\t\t\t<img decoding=\"async\" width=\"500\" height=\"500\" src=\"https:\/\/varietatslocals.org\/wp-content\/uploads\/2024\/02\/Sa-Porgadora-2.jpg\" class=\"attachment-large size-large wp-image-3565\" alt=\"\" srcset=\"https:\/\/varietatslocals.org\/wp-content\/uploads\/2024\/02\/Sa-Porgadora-2.jpg 500w, https:\/\/varietatslocals.org\/wp-content\/uploads\/2024\/02\/Sa-Porgadora-2-300x300.jpg 300w, https:\/\/varietatslocals.org\/wp-content\/uploads\/2024\/02\/Sa-Porgadora-2-100x100.jpg 100w\" sizes=\"(max-width: 500px) 100vw, 500px\" title=\"\">\t\t\t\t\t\t\t\t\t\t\t\t\t\t\t<\/div>\n\t\t\t\t<\/div>\n\t\t\t\t<\/div>\n\t\t\t\t\t<\/div>\n\t\t\t\t<\/div>\n\t\t<div class=\"elementor-element elementor-element-90a29d6 e-flex e-con-boxed e-con e-parent\" data-id=\"90a29d6\" data-element_type=\"container\" data-e-type=\"container\" data-settings=\"{&quot;background_background&quot;:&quot;classic&quot;}\">\n\t\t\t\t\t<div class=\"e-con-inner\">\n\t\t<div class=\"elementor-element elementor-element-3229f51 e-con-full e-flex e-con e-child\" data-id=\"3229f51\" data-element_type=\"container\" data-e-type=\"container\">\n\t\t\t\t<div class=\"elementor-element elementor-element-4260188 elementor-widget elementor-widget-text-editor\" data-id=\"4260188\" data-element_type=\"widget\" data-e-type=\"widget\" data-widget_type=\"text-editor.default\">\n\t\t\t\t<div class=\"elementor-widget-container\">\n\t\t\t\t\t\t\t\t\t<p><span style=\"font-family: Lato, sans-serif; font-size: 24px; font-weight: 600; text-align: var(--text-align);\">How should you do it if you are interested in using the portage service?<\/span><\/p>\n<p>If you are interested in donating cereals and legumes, you can make an appointment via&nbsp;<span style=\"text-decoration: underline;\"><a href=\"https:\/\/calendar.google.com\/calendar\/u\/0\/appointments\/schedules\/AcZssZ1U08Bruyfd8Az5MziykVolIGw32LIVSQKyOI-j_ev-kuJTGOsrzYRxe6JMxFG2UzjPgMFihetH\" target=\"_blank\" rel=\"noopener\"><span style=\"color: #ffcc99; text-decoration: underline;\">of this<\/span> <span style=\"color: #ffcc99; text-decoration: underline;\">link<\/span><\/a><span style=\"color: #ffcc99; text-decoration: underline;\">.&nbsp;<\/span><\/span><\/p><p><span style=\"text-align: var(--text-align);\">The form just lets you fill it out <\/span><strong style=\"text-align: var(--text-align);\">monday and thursday<\/strong><span style=\"text-align: var(--text-align);\">, grain delivery days. That&#039;s why you can only sign up these days during the available hours. You must write down all your data as well as all the grain to be harvested. If you have more than one type of grain, you must separate them with a comma, dash or hyphen and put the amount of each type of grain in the same order. For example<\/span><span style=\"text-align: var(--text-align);\">&nbsp;PRODUCT: barley-wheat-oats QUANTITY: 1000KG\/500KG\/750KG<\/span><\/p>\n<p>If you have any questions, you can call Lloren\u00e7, responsible for the concierge service, at&nbsp;<span style=\"color: #ffcc99;\">&nbsp;<span style=\"text-decoration: underline;\"><strong><span style=\"text-align: var(--text-align);\">686 69 67 70<\/span><\/strong><\/span><\/span><\/p>\n<div><span style=\"text-align: var(--text-align);\">The grain cleaning season begins on June 17, 2024.&nbsp;<\/span><span style=\"text-align: var(--text-align);\">It is important that you read the<\/span><span style=\"text-align: var(--text-align);\">&nbsp;<\/span><span style=\"text-align: var(--text-align); color: rgb(255, 204, 153);\"><span style=\"text-decoration-line: underline;\"><a style=\"color: rgb(255, 204, 153);\" href=\"https:\/\/www.varietatslocals.org\/wp-content\/uploads\/2023\/06\/Decaleg-pels-cerealistes-pel-servei-de-porgat.pdf\">Decalogue of grain service providers<\/a><\/span>.<\/span><span style=\"text-align: var(--text-align);\"><br><\/span><\/div>\t\t\t\t\t\t\t\t<\/div>\n\t\t\t\t<\/div>\n\t\t\t\t<\/div>\n\t\t\t\t\t<\/div>\n\t\t\t\t<\/div>\n\t\t<div class=\"elementor-element elementor-element-348ca19 e-flex e-con-boxed e-con e-parent\" data-id=\"348ca19\" data-element_type=\"container\" data-e-type=\"container\" data-settings=\"{&quot;background_background&quot;:&quot;classic&quot;}\">\n\t\t\t\t\t<div class=\"e-con-inner\">\n\t\t<div class=\"elementor-element elementor-element-a8b3aa6 e-con-full e-flex e-con e-child\" data-id=\"a8b3aa6\" data-element_type=\"container\" data-e-type=\"container\">\n\t\t\t\t<div class=\"elementor-element elementor-element-d679ee6 elementor-widget elementor-widget-image\" data-id=\"d679ee6\" data-element_type=\"widget\" data-e-type=\"widget\" data-widget_type=\"image.default\">\n\t\t\t\t<div class=\"elementor-widget-container\">\n\t\t\t\t\t\t\t\t\t\t\t\t\t\t\t<img loading=\"lazy\" decoding=\"async\" width=\"300\" height=\"300\" src=\"https:\/\/varietatslocals.org\/wp-content\/uploads\/2024\/01\/Sa-Porgadora-1.jpg\" class=\"attachment-large size-large wp-image-636\" alt=\"Sa Porgadora Screening\" srcset=\"https:\/\/varietatslocals.org\/wp-content\/uploads\/2024\/01\/Sa-Porgadora-1.jpg 300w, https:\/\/varietatslocals.org\/wp-content\/uploads\/2024\/01\/Sa-Porgadora-1-100x100.jpg 100w\" sizes=\"(max-width: 300px) 100vw, 300px\" title=\"\">\t\t\t\t\t\t\t\t\t\t\t\t\t\t\t<\/div>\n\t\t\t\t<\/div>\n\t\t\t\t<\/div>\n\t\t\t\t\t<\/div>\n\t\t\t\t<\/div>\n\t\t<div class=\"elementor-element elementor-element-124cb9e e-flex e-con-boxed e-con e-parent\" data-id=\"124cb9e\" data-element_type=\"container\" data-e-type=\"container\" data-settings=\"{&quot;background_background&quot;:&quot;classic&quot;}\">\n\t\t\t\t\t<div class=\"e-con-inner\">\n\t\t<div class=\"elementor-element elementor-element-bbaf029 e-con-full e-flex e-con e-child\" data-id=\"bbaf029\" data-element_type=\"container\" data-e-type=\"container\">\n\t\t\t\t<div class=\"elementor-element elementor-element-1c6f5fd elementor-widget elementor-widget-heading\" data-id=\"1c6f5fd\" data-element_type=\"widget\" data-e-type=\"widget\" data-widget_type=\"heading.default\">\n\t\t\t\t<div class=\"elementor-widget-container\">\n\t\t\t\t\t<h2 class=\"elementor-heading-title elementor-size-default\">The reason for the Sa Porgadora project<\/h2>\t\t\t\t<\/div>\n\t\t\t\t<\/div>\n\t\t\t\t<div class=\"elementor-element elementor-element-a1d47a1 elementor-widget elementor-widget-text-editor\" data-id=\"a1d47a1\" data-element_type=\"widget\" data-e-type=\"widget\" data-widget_type=\"text-editor.default\">\n\t\t\t\t<div class=\"elementor-widget-container\">\n\t\t\t\t\t\t\t\t\t<p>The agricultural sector has difficulties in obtaining grain for sowing or for human consumption, among others due to mini-farming and the use of the same grain sowing and harvesting machinery for different farms, which causes mixing of different species to the detriment of the conservation of varieties in their purity.<\/p><p>Currently, there is an increase in the demand for flours of local and organic varieties due to the bread made from them. Despite the growing demand, farmers and millers find it difficult to obtain selected cereals for consumption.<\/p><p>It is known that, by now, some legumes or cereals are on the verge of disappearing, since they have no commercial outlet as a result of the lack of cleaning machinery. There is a market that values these varieties and that values the production of organic products. In the case at hand, it seems that there is a demand for being able to make cereal flours and to be able to sell local legumes. Thus, we can say that there is a certain potential in these types of products, but with the current tools the cost of production becomes very expensive.<\/p><p>An investment with infrastructure is necessary, since the quality achieved in Sa Porgadora from cleaning is good, compared to how the grain arrives. But in some cases, especially in legumes, it could be improved, and for this reason, more and better infrastructure is needed. Cleaning the grain is not only important for what can be achieved as a final product, but it is a key process to preserve cultivated biodiversity, to encourage the autonomy of farmers and, therefore, food sovereignty.<\/p><p>To know more about the project: a\u00a0<a href=\"https:\/\/apaema.net\/agricultura\/sa-porgadora-projecte-pilot\/\" target=\"_blank\" rel=\"noopener\">APAEMA<\/a>\u00a0you can find the article of the month in the 2020 agenda, dedicated this time to the Sa Porgadora project. And an article about this project was also published in Agrocultura magazine, in September 2021, and you can find\u00a0<a href=\"https:\/\/www.agrocultura.org\/sa-porgadora-neteja-de-gra-de-varietats-locals-i-ecologic\/\" target=\"_blank\" rel=\"noopener\">here<\/a>.<\/p><p>\u00a0<\/p>\t\t\t\t\t\t\t\t<\/div>\n\t\t\t\t<\/div>\n\t\t\t\t<\/div>\n\t\t\t\t\t<\/div>\n\t\t\t\t<\/div>\n\t\t\t\t<\/div>","protected":false},"excerpt":{"rendered":"<p>Servei de porgat obert! El servei de porgat consisteix en la neteja de gra (cereals i llegums) de varietats locals, varietats foranes, en convencional i en ecol\u00f2gic.&nbsp; Despr\u00e9s de diversos anys de portar la gesti\u00f3 de les entregues i recollides per part de l&#8217;Associaci\u00f3 de Varietats Locals, d&#8217;ara en endavant&nbsp;ser\u00e0 a c\u00e0rrec de Camp Mallorqu\u00ed.&nbsp; [&hellip;]<\/p>\n","protected":false},"author":1,"featured_media":0,"parent":0,"menu_order":0,"comment_status":"closed","ping_status":"closed","template":"","meta":{"_joinchat":[],"footnotes":""},"class_list":["post-634","page","type-page","status-publish","hentry"],"_links":{"self":[{"href":"https:\/\/varietatslocals.org\/en\/wp-json\/wp\/v2\/pages\/634","targetHints":{"allow":["GET"]}}],"collection":[{"href":"https:\/\/varietatslocals.org\/en\/wp-json\/wp\/v2\/pages"}],"about":[{"href":"https:\/\/varietatslocals.org\/en\/wp-json\/wp\/v2\/types\/page"}],"author":[{"embeddable":true,"href":"https:\/\/varietatslocals.org\/en\/wp-json\/wp\/v2\/users\/1"}],"replies":[{"embeddable":true,"href":"https:\/\/varietatslocals.org\/en\/wp-json\/wp\/v2\/comments?post=634"}],"version-history":[{"count":0,"href":"https:\/\/varietatslocals.org\/en\/wp-json\/wp\/v2\/pages\/634\/revisions"}],"wp:attachment":[{"href":"https:\/\/varietatslocals.org\/en\/wp-json\/wp\/v2\/media?parent=634"}],"curies":[{"name":"wp","href":"https:\/\/api.w.org\/{rel}","templated":true}]}}