{"id":8876,"date":"2025-12-02T10:50:02","date_gmt":"2025-12-02T09:50:02","guid":{"rendered":"https:\/\/varietatslocals.org\/?page_id=8876"},"modified":"2025-12-02T12:53:02","modified_gmt":"2025-12-02T11:53:02","slug":"ramellet-tomato-campaign","status":"publish","type":"page","link":"https:\/\/varietatslocals.org\/en\/campanya-tomatiga-de-ramellet\/","title":{"rendered":"Ramellet tomato campaign"},"content":{"rendered":"<div data-elementor-type=\"wp-page\" data-elementor-id=\"8876\" class=\"elementor elementor-8876\" data-elementor-post-type=\"page\">\n\t\t\t\t<div class=\"elementor-element elementor-element-9d5a8a1 e-flex e-con-boxed e-con e-parent\" data-id=\"9d5a8a1\" data-element_type=\"container\" data-e-type=\"container\" data-settings=\"{&quot;background_background&quot;:&quot;classic&quot;}\">\n\t\t\t\t\t<div class=\"e-con-inner\">\n\t\t\t\t<div class=\"elementor-element elementor-element-cff37bf elementor-widget elementor-widget-heading\" data-id=\"cff37bf\" data-element_type=\"widget\" data-e-type=\"widget\" data-widget_type=\"heading.default\">\n\t\t\t\t<div class=\"elementor-widget-container\">\n\t\t\t\t\t<h1 class=\"elementor-heading-title elementor-size-default\">Ramellet tomato campaign<\/h1>\t\t\t\t<\/div>\n\t\t\t\t<\/div>\n\t\t\t\t\t<\/div>\n\t\t\t\t<\/div>\n\t\t<div class=\"elementor-element elementor-element-b4f9aa6 e-flex e-con-boxed e-con e-parent\" data-id=\"b4f9aa6\" data-element_type=\"container\" data-e-type=\"container\" data-settings=\"{&quot;background_background&quot;:&quot;classic&quot;}\">\n\t\t\t\t\t<div class=\"e-con-inner\">\n\t\t<div class=\"elementor-element elementor-element-e16e5fd e-con-full e-flex e-con e-child\" data-id=\"e16e5fd\" data-element_type=\"container\" data-e-type=\"container\">\n\t\t\t\t<div class=\"elementor-element elementor-element-70e678e elementor-widget elementor-widget-heading\" data-id=\"70e678e\" data-element_type=\"widget\" data-e-type=\"widget\" data-widget_type=\"heading.default\">\n\t\t\t\t<div class=\"elementor-widget-container\">\n\t\t\t\t\t<h2 class=\"elementor-heading-title elementor-size-default\">The ramellet tomato campaign<\/h2>\t\t\t\t<\/div>\n\t\t\t\t<\/div>\n\t\t\t\t<div class=\"elementor-element elementor-element-c236a46 elementor-widget elementor-widget-text-editor\" data-id=\"c236a46\" data-element_type=\"widget\" data-e-type=\"widget\" data-widget_type=\"text-editor.default\">\n\t\t\t\t<div class=\"elementor-widget-container\">\n\t\t\t\t\t\t\t\t\t<p data-pm-slice=\"1 1 []\">This campaign aims to raise awareness of the ramellet tomato as a local variety, and to make people aware of the importance of knowing how to identify it in the local market.<\/p><p data-pm-slice=\"1 1 []\">The objective is to highlight this product that is so representative of our table, the work of the local producers and invite citizens to consume local, quality products with their own identity.<\/p>\t\t\t\t\t\t\t\t<\/div>\n\t\t\t\t<\/div>\n\t\t\t\t<\/div>\n\t\t\t\t\t<\/div>\n\t\t\t\t<\/div>\n\t\t<div class=\"elementor-element elementor-element-eaa8ad0 e-flex e-con-boxed e-con e-parent\" data-id=\"eaa8ad0\" data-element_type=\"container\" data-e-type=\"container\" data-settings=\"{&quot;background_background&quot;:&quot;classic&quot;}\">\n\t\t\t\t\t<div class=\"e-con-inner\">\n\t\t<div class=\"elementor-element elementor-element-11c210d e-con-full e-flex e-con e-child\" data-id=\"11c210d\" data-element_type=\"container\" data-e-type=\"container\">\n\t\t\t\t<div class=\"elementor-element elementor-element-4d07493 elementor-widget elementor-widget-gallery\" data-id=\"4d07493\" data-element_type=\"widget\" data-e-type=\"widget\" data-settings=\"{&quot;columns&quot;:3,&quot;gap&quot;:{&quot;unit&quot;:&quot;px&quot;,&quot;size&quot;:30,&quot;sizes&quot;:[]},&quot;lazyload&quot;:&quot;yes&quot;,&quot;gallery_layout&quot;:&quot;grid&quot;,&quot;columns_tablet&quot;:2,&quot;columns_mobile&quot;:1,&quot;gap_tablet&quot;:{&quot;unit&quot;:&quot;px&quot;,&quot;size&quot;:10,&quot;sizes&quot;:[]},&quot;gap_mobile&quot;:{&quot;unit&quot;:&quot;px&quot;,&quot;size&quot;:10,&quot;sizes&quot;:[]},&quot;link_to&quot;:&quot;file&quot;,&quot;aspect_ratio&quot;:&quot;3:2&quot;,&quot;overlay_background&quot;:&quot;yes&quot;,&quot;content_hover_animation&quot;:&quot;fade-in&quot;}\" data-widget_type=\"gallery.default\">\n\t\t\t\t<div class=\"elementor-widget-container\">\n\t\t\t\t\t\t\t<div class=\"elementor-gallery__container\">\n\t\t\t\t\t\t\t<a class=\"e-gallery-item elementor-gallery-item elementor-animated-content\" href=\"https:\/\/varietatslocals.org\/wp-content\/uploads\/2025\/12\/Disseny-sense-titol.jpg\" data-elementor-open-lightbox=\"yes\" data-elementor-lightbox-slideshow=\"4d07493\" data-elementor-lightbox-title=\"Disseny sense t\u00edtol\" data-e-action-hash=\"#elementor-action%3Aaction%3Dlightbox%26settings%3DeyJpZCI6ODg2MywidXJsIjoiaHR0cHM6XC9cL3ZhcmlldGF0c2xvY2Fscy5vcmdcL3dwLWNvbnRlbnRcL3VwbG9hZHNcLzIwMjVcLzEyXC9EaXNzZW55LXNlbnNlLXRpdG9sLmpwZyIsInNsaWRlc2hvdyI6IjRkMDc0OTMifQ%3D%3D\">\n\t\t\t\t\t<div class=\"e-gallery-image elementor-gallery-item__image\" data-thumbnail=\"https:\/\/varietatslocals.org\/wp-content\/uploads\/2025\/12\/Disseny-sense-titol.jpg\" data-width=\"1920\" data-height=\"1280\" aria-label=\"\" role=\"img\" ><\/div>\n\t\t\t\t\t\t\t\t\t\t\t<div class=\"elementor-gallery-item__overlay\"><\/div>\n\t\t\t\t\t\t\t\t\t\t\t\t\t\t<\/a>\n\t\t\t\t\t\t\t<a class=\"e-gallery-item elementor-gallery-item elementor-animated-content\" href=\"https:\/\/varietatslocals.org\/wp-content\/uploads\/2025\/12\/Disseny-sense-titol-1.jpg\" data-elementor-open-lightbox=\"yes\" data-elementor-lightbox-slideshow=\"4d07493\" data-elementor-lightbox-title=\"Disseny sense t\u00edtol (1)\" data-e-action-hash=\"#elementor-action%3Aaction%3Dlightbox%26settings%3DeyJpZCI6ODg2NCwidXJsIjoiaHR0cHM6XC9cL3ZhcmlldGF0c2xvY2Fscy5vcmdcL3dwLWNvbnRlbnRcL3VwbG9hZHNcLzIwMjVcLzEyXC9EaXNzZW55LXNlbnNlLXRpdG9sLTEuanBnIiwic2xpZGVzaG93IjoiNGQwNzQ5MyJ9\">\n\t\t\t\t\t<div class=\"e-gallery-image elementor-gallery-item__image\" data-thumbnail=\"https:\/\/varietatslocals.org\/wp-content\/uploads\/2025\/12\/Disseny-sense-titol-1.jpg\" data-width=\"1920\" data-height=\"1280\" aria-label=\"\" role=\"img\" ><\/div>\n\t\t\t\t\t\t\t\t\t\t\t<div class=\"elementor-gallery-item__overlay\"><\/div>\n\t\t\t\t\t\t\t\t\t\t\t\t\t\t<\/a>\n\t\t\t\t\t\t\t<a class=\"e-gallery-item elementor-gallery-item elementor-animated-content\" href=\"https:\/\/varietatslocals.org\/wp-content\/uploads\/2025\/12\/Disseny-sense-titol-2.jpg\" data-elementor-open-lightbox=\"yes\" data-elementor-lightbox-slideshow=\"4d07493\" data-elementor-lightbox-title=\"Disseny sense t\u00edtol (2)\" data-e-action-hash=\"#elementor-action%3Aaction%3Dlightbox%26settings%3DeyJpZCI6ODg2NSwidXJsIjoiaHR0cHM6XC9cL3ZhcmlldGF0c2xvY2Fscy5vcmdcL3dwLWNvbnRlbnRcL3VwbG9hZHNcLzIwMjVcLzEyXC9EaXNzZW55LXNlbnNlLXRpdG9sLTIuanBnIiwic2xpZGVzaG93IjoiNGQwNzQ5MyJ9\">\n\t\t\t\t\t<div class=\"e-gallery-image elementor-gallery-item__image\" data-thumbnail=\"https:\/\/varietatslocals.org\/wp-content\/uploads\/2025\/12\/Disseny-sense-titol-2.jpg\" data-width=\"1920\" data-height=\"1280\" aria-label=\"\" role=\"img\" ><\/div>\n\t\t\t\t\t\t\t\t\t\t\t<div class=\"elementor-gallery-item__overlay\"><\/div>\n\t\t\t\t\t\t\t\t\t\t\t\t\t\t<\/a>\n\t\t\t\t\t<\/div>\n\t\t\t\t\t<\/div>\n\t\t\t\t<\/div>\n\t\t\t\t<\/div>\n\t\t\t\t\t<\/div>\n\t\t\t\t<\/div>\n\t\t<div class=\"elementor-element elementor-element-3908283 e-flex e-con-boxed e-con e-parent\" data-id=\"3908283\" data-element_type=\"container\" data-e-type=\"container\" data-settings=\"{&quot;background_background&quot;:&quot;classic&quot;}\">\n\t\t\t\t\t<div class=\"e-con-inner\">\n\t\t\t\t<div class=\"elementor-element elementor-element-b1fa4d3 elementor-widget elementor-widget-heading\" data-id=\"b1fa4d3\" data-element_type=\"widget\" data-e-type=\"widget\" data-widget_type=\"heading.default\">\n\t\t\t\t<div class=\"elementor-widget-container\">\n\t\t\t\t\t<h2 class=\"elementor-heading-title elementor-size-default\">Our organization has been working for years to prevent the misappropriation of the ramellet tomato.<\/h2>\t\t\t\t<\/div>\n\t\t\t\t<\/div>\n\t\t\t\t\t<\/div>\n\t\t\t\t<\/div>\n\t\t<div class=\"elementor-element elementor-element-74cb356 e-flex e-con-boxed e-con e-parent\" data-id=\"74cb356\" data-element_type=\"container\" data-e-type=\"container\" data-settings=\"{&quot;background_background&quot;:&quot;classic&quot;}\">\n\t\t\t\t\t<div class=\"e-con-inner\">\n\t\t<div class=\"elementor-element elementor-element-2e10a3c e-con-full e-flex e-con e-child\" data-id=\"2e10a3c\" data-element_type=\"container\" data-e-type=\"container\">\n\t\t\t\t<div class=\"elementor-element elementor-element-6a9db2c elementor-widget elementor-widget-text-editor\" data-id=\"6a9db2c\" data-element_type=\"widget\" data-e-type=\"widget\" data-widget_type=\"text-editor.default\">\n\t\t\t\t<div class=\"elementor-widget-container\">\n\t\t\t\t\t\t\t\t\t<p data-pm-slice=\"1 1 []\">The commercial variety, which has appropriated the name of ramellet tomato, is produced <strong>under plastic<\/strong>, with <strong>improved seeds<\/strong>, <strong>grown during the winter<\/strong> and marketed right after harvest.<\/p><p>The Mallorcan ramellet tomato is considered a group variety, since in the common name of the ramellet tomato we find many different denominations, such as: <em>crawling<\/em>, iron, hanging, white, authentic, star... Each one comes from a different type of selection and handling, which makes them morphologically and ethnoecologically different.<\/p>\t\t\t\t\t\t\t\t<\/div>\n\t\t\t\t<\/div>\n\t\t\t\t<div class=\"elementor-element elementor-element-dc8a81f elementor-widget elementor-widget-gallery\" data-id=\"dc8a81f\" data-element_type=\"widget\" data-e-type=\"widget\" data-settings=\"{&quot;gallery_layout&quot;:&quot;masonry&quot;,&quot;gap&quot;:{&quot;unit&quot;:&quot;px&quot;,&quot;size&quot;:58,&quot;sizes&quot;:[]},&quot;columns&quot;:2,&quot;lazyload&quot;:&quot;yes&quot;,&quot;columns_tablet&quot;:2,&quot;columns_mobile&quot;:1,&quot;gap_tablet&quot;:{&quot;unit&quot;:&quot;px&quot;,&quot;size&quot;:10,&quot;sizes&quot;:[]},&quot;gap_mobile&quot;:{&quot;unit&quot;:&quot;px&quot;,&quot;size&quot;:10,&quot;sizes&quot;:[]},&quot;link_to&quot;:&quot;file&quot;,&quot;overlay_background&quot;:&quot;yes&quot;,&quot;content_hover_animation&quot;:&quot;fade-in&quot;}\" data-widget_type=\"gallery.default\">\n\t\t\t\t<div class=\"elementor-widget-container\">\n\t\t\t\t\t\t\t<div class=\"elementor-gallery__container\">\n\t\t\t\t\t\t\t<a class=\"e-gallery-item elementor-gallery-item elementor-animated-content\" href=\"https:\/\/varietatslocals.org\/wp-content\/uploads\/2025\/12\/Disseny-sense-titol-1-1.jpg\" data-elementor-open-lightbox=\"yes\" data-elementor-lightbox-slideshow=\"dc8a81f\" data-elementor-lightbox-title=\"Disseny sense t\u00edtol (1)\" data-e-action-hash=\"#elementor-action%3Aaction%3Dlightbox%26settings%3DeyJpZCI6ODg4NCwidXJsIjoiaHR0cHM6XC9cL3ZhcmlldGF0c2xvY2Fscy5vcmdcL3dwLWNvbnRlbnRcL3VwbG9hZHNcLzIwMjVcLzEyXC9EaXNzZW55LXNlbnNlLXRpdG9sLTEtMS5qcGciLCJzbGlkZXNob3ciOiJkYzhhODFmIn0%3D\">\n\t\t\t\t\t<div class=\"e-gallery-image elementor-gallery-item__image\" data-thumbnail=\"https:\/\/varietatslocals.org\/wp-content\/uploads\/2025\/12\/Disseny-sense-titol-1-1.jpg\" data-width=\"338\" data-height=\"600\" aria-label=\"\" role=\"img\" ><\/div>\n\t\t\t\t\t\t\t\t\t\t\t<div class=\"elementor-gallery-item__overlay\"><\/div>\n\t\t\t\t\t\t\t\t\t\t\t\t\t\t<\/a>\n\t\t\t\t\t\t\t<a class=\"e-gallery-item elementor-gallery-item elementor-animated-content\" href=\"https:\/\/varietatslocals.org\/wp-content\/uploads\/2025\/12\/Disseny-sense-titol-2-1.jpg\" data-elementor-open-lightbox=\"yes\" data-elementor-lightbox-slideshow=\"dc8a81f\" data-elementor-lightbox-title=\"Disseny sense t\u00edtol (2)\" data-e-action-hash=\"#elementor-action%3Aaction%3Dlightbox%26settings%3DeyJpZCI6ODg4NSwidXJsIjoiaHR0cHM6XC9cL3ZhcmlldGF0c2xvY2Fscy5vcmdcL3dwLWNvbnRlbnRcL3VwbG9hZHNcLzIwMjVcLzEyXC9EaXNzZW55LXNlbnNlLXRpdG9sLTItMS5qcGciLCJzbGlkZXNob3ciOiJkYzhhODFmIn0%3D\">\n\t\t\t\t\t<div class=\"e-gallery-image elementor-gallery-item__image\" data-thumbnail=\"https:\/\/varietatslocals.org\/wp-content\/uploads\/2025\/12\/Disseny-sense-titol-2-1.jpg\" data-width=\"338\" data-height=\"600\" aria-label=\"\" role=\"img\" ><\/div>\n\t\t\t\t\t\t\t\t\t\t\t<div class=\"elementor-gallery-item__overlay\"><\/div>\n\t\t\t\t\t\t\t\t\t\t\t\t\t\t<\/a>\n\t\t\t\t\t<\/div>\n\t\t\t\t\t<\/div>\n\t\t\t\t<\/div>\n\t\t\t\t<div class=\"elementor-element elementor-element-587af1d elementor-widget elementor-widget-text-editor\" data-id=\"587af1d\" data-element_type=\"widget\" data-e-type=\"widget\" data-widget_type=\"text-editor.default\">\n\t\t\t\t<div class=\"elementor-widget-container\">\n\t\t\t\t\t\t\t\t\t<p>In order to document and register the name of the ramellet tomato, <strong>in 2010 we requested<\/strong> that of one of the ideotypes of the ramellet tomato in <strong>register at the\u2019<em>Office<\/em> <em>Spanish<\/em> <em>from<\/em> <em>Varieties<\/em> <em>Vegetables<\/em> (OEVV)<\/strong>, from the Ministry of Agriculture. Specifically, the tomato was sent from the Can Nicolau nurseries, in Sant Joan and originally from Son Suau, in Manacor.<\/p><p>After two years of testing, <strong>The ramellet tomato was registered as a conservation variety<\/strong>, and was published in the BOE No. 127 of May 28, 2012.<\/p><p>The Spanish Plant Variety Office has declared that <strong>the name of a conservation variety cannot be registered as a trademark<\/strong>, under article 48 of the law on the protection of plant varieties, given that the trademark grants an exclusive right of use to its owner and the denomination of a variety implies the obligation of use to everyone who uses the variety. For all this, <strong>It is not possible for there to be brands with the names of local varieties.<\/strong><\/p><p>Law 17\/2001 on Trademarks establishes some absolute prohibitions according to which <strong>Signs or indications that have become common to designate products in common language cannot be registered as trademarks.<\/strong> or in the <strong>loyal customs<\/strong> and constants <strong>of trade<\/strong>, <strong>and not those that may mislead the public<\/strong>, for example on the nature, quality or geographical origin of the product or service. The latter point is also affected by European regulations on labelling.<\/p><p>Seeing this, <strong>the &#039;de ramellet de Mallorca&#039; tomato guarantee mark\u2018<\/strong> It covers certain types of tomatoes (not a variety), which may have different characteristics from the &#039;ramellet&#039; variety registered in the Variety Register, thus, <strong>violates a common prohibition for the two aforementioned laws and the Community regulation<\/strong> for misleading the public about the characteristics and nature in labeling and marketing.<\/p><p>The design is by <a href=\"https:\/\/www.temabcn.com\/\" target=\"_blank\" rel=\"noopener\">Theme<\/a>. With a close, demanding and somewhat irreverent tone, the message emphasizes three major common events that have to do with this product: Hang. Scrub, Eat. .<\/p><p>The campaign also highlights, on the backs of the postcards, three messages:<\/p><ul><li>The fact that the ramellet tomato comes from the past, from avian and that it belongs to our cultural idiosyncrasy<\/li><li>The fact that, being an heirloom, it is not a hybrid and is the product of many years of agricultural selection<\/li><li>Preserved over time and the link of the ramellet tomato with the territory where it is grown<\/li><\/ul>\t\t\t\t\t\t\t\t<\/div>\n\t\t\t\t<\/div>\n\t\t\t\t<\/div>\n\t\t\t\t\t<\/div>\n\t\t\t\t<\/div>\n\t\t<div class=\"elementor-element elementor-element-dd08426 e-flex e-con-boxed e-con e-parent\" data-id=\"dd08426\" data-element_type=\"container\" data-e-type=\"container\">\n\t\t\t\t\t<div class=\"e-con-inner\">\n\t\t<div class=\"elementor-element elementor-element-54fa89d e-flex e-con-boxed e-con e-child\" data-id=\"54fa89d\" data-element_type=\"container\" data-e-type=\"container\">\n\t\t\t\t\t<div class=\"e-con-inner\">\n\t\t\t\t<div class=\"elementor-element elementor-element-9f98b59 elementor-widget elementor-widget-gallery\" data-id=\"9f98b59\" data-element_type=\"widget\" data-e-type=\"widget\" data-settings=\"{&quot;gallery_layout&quot;:&quot;masonry&quot;,&quot;columns&quot;:3,&quot;lazyload&quot;:&quot;yes&quot;,&quot;columns_tablet&quot;:2,&quot;columns_mobile&quot;:1,&quot;gap&quot;:{&quot;unit&quot;:&quot;px&quot;,&quot;size&quot;:10,&quot;sizes&quot;:[]},&quot;gap_tablet&quot;:{&quot;unit&quot;:&quot;px&quot;,&quot;size&quot;:10,&quot;sizes&quot;:[]},&quot;gap_mobile&quot;:{&quot;unit&quot;:&quot;px&quot;,&quot;size&quot;:10,&quot;sizes&quot;:[]},&quot;link_to&quot;:&quot;file&quot;,&quot;overlay_background&quot;:&quot;yes&quot;,&quot;content_hover_animation&quot;:&quot;fade-in&quot;}\" data-widget_type=\"gallery.default\">\n\t\t\t\t<div class=\"elementor-widget-container\">\n\t\t\t\t\t\t\t<div class=\"elementor-gallery__container\">\n\t\t\t\t\t\t\t<a class=\"e-gallery-item elementor-gallery-item elementor-animated-content\" href=\"https:\/\/varietatslocals.org\/wp-content\/uploads\/2025\/12\/Disseny-sense-titol-3-1.jpg\" data-elementor-open-lightbox=\"yes\" data-elementor-lightbox-slideshow=\"9f98b59\" data-elementor-lightbox-title=\"Disseny sense t\u00edtol (3)\" data-e-action-hash=\"#elementor-action%3Aaction%3Dlightbox%26settings%3DeyJpZCI6ODg5MSwidXJsIjoiaHR0cHM6XC9cL3ZhcmlldGF0c2xvY2Fscy5vcmdcL3dwLWNvbnRlbnRcL3VwbG9hZHNcLzIwMjVcLzEyXC9EaXNzZW55LXNlbnNlLXRpdG9sLTMtMS5qcGciLCJzbGlkZXNob3ciOiI5Zjk4YjU5In0%3D\">\n\t\t\t\t\t<div class=\"e-gallery-image elementor-gallery-item__image\" data-thumbnail=\"https:\/\/varietatslocals.org\/wp-content\/uploads\/2025\/12\/Disseny-sense-titol-3-1.jpg\" data-width=\"1080\" data-height=\"1350\" aria-label=\"\" role=\"img\" ><\/div>\n\t\t\t\t\t\t\t\t\t\t\t<div class=\"elementor-gallery-item__overlay\"><\/div>\n\t\t\t\t\t\t\t\t\t\t\t\t\t\t<\/a>\n\t\t\t\t\t\t\t<a class=\"e-gallery-item elementor-gallery-item elementor-animated-content\" href=\"https:\/\/varietatslocals.org\/wp-content\/uploads\/2025\/12\/Disseny-sense-titol-5.jpg\" data-elementor-open-lightbox=\"yes\" data-elementor-lightbox-slideshow=\"9f98b59\" data-elementor-lightbox-title=\"Disseny sense t\u00edtol (5)\" data-e-action-hash=\"#elementor-action%3Aaction%3Dlightbox%26settings%3DeyJpZCI6ODg5MCwidXJsIjoiaHR0cHM6XC9cL3ZhcmlldGF0c2xvY2Fscy5vcmdcL3dwLWNvbnRlbnRcL3VwbG9hZHNcLzIwMjVcLzEyXC9EaXNzZW55LXNlbnNlLXRpdG9sLTUuanBnIiwic2xpZGVzaG93IjoiOWY5OGI1OSJ9\">\n\t\t\t\t\t<div class=\"e-gallery-image elementor-gallery-item__image\" data-thumbnail=\"https:\/\/varietatslocals.org\/wp-content\/uploads\/2025\/12\/Disseny-sense-titol-5.jpg\" data-width=\"1080\" data-height=\"1350\" aria-label=\"\" role=\"img\" ><\/div>\n\t\t\t\t\t\t\t\t\t\t\t<div class=\"elementor-gallery-item__overlay\"><\/div>\n\t\t\t\t\t\t\t\t\t\t\t\t\t\t<\/a>\n\t\t\t\t\t\t\t<a class=\"e-gallery-item elementor-gallery-item elementor-animated-content\" href=\"https:\/\/varietatslocals.org\/wp-content\/uploads\/2025\/12\/Disseny-sense-titol-4.jpg\" data-elementor-open-lightbox=\"yes\" data-elementor-lightbox-slideshow=\"9f98b59\" data-elementor-lightbox-title=\"Disseny sense t\u00edtol (4)\" data-e-action-hash=\"#elementor-action%3Aaction%3Dlightbox%26settings%3DeyJpZCI6ODg4OSwidXJsIjoiaHR0cHM6XC9cL3ZhcmlldGF0c2xvY2Fscy5vcmdcL3dwLWNvbnRlbnRcL3VwbG9hZHNcLzIwMjVcLzEyXC9EaXNzZW55LXNlbnNlLXRpdG9sLTQuanBnIiwic2xpZGVzaG93IjoiOWY5OGI1OSJ9\">\n\t\t\t\t\t<div class=\"e-gallery-image elementor-gallery-item__image\" data-thumbnail=\"https:\/\/varietatslocals.org\/wp-content\/uploads\/2025\/12\/Disseny-sense-titol-4.jpg\" data-width=\"1080\" data-height=\"1350\" aria-label=\"\" role=\"img\" ><\/div>\n\t\t\t\t\t\t\t\t\t\t\t<div class=\"elementor-gallery-item__overlay\"><\/div>\n\t\t\t\t\t\t\t\t\t\t\t\t\t\t<\/a>\n\t\t\t\t\t<\/div>\n\t\t\t\t\t<\/div>\n\t\t\t\t<\/div>\n\t\t\t\t\t<\/div>\n\t\t\t\t<\/div>\n\t\t\t\t\t<\/div>\n\t\t\t\t<\/div>\n\t\t<div class=\"elementor-element elementor-element-9835f13 e-flex e-con-boxed e-con e-parent\" data-id=\"9835f13\" data-element_type=\"container\" data-e-type=\"container\">\n\t\t\t\t\t<div class=\"e-con-inner\">\n\t\t\t\t<div class=\"elementor-element elementor-element-9f040b4 elementor-widget elementor-widget-heading\" data-id=\"9f040b4\" data-element_type=\"widget\" data-e-type=\"widget\" data-widget_type=\"heading.default\">\n\t\t\t\t<div class=\"elementor-widget-container\">\n\t\t\t\t\t<h2 class=\"elementor-heading-title elementor-size-default\">Where can I buy ramellet tomatoes?<\/h2>\t\t\t\t<\/div>\n\t\t\t\t<\/div>\n\t\t\t\t<div class=\"elementor-element elementor-element-e79965b elementor-widget elementor-widget-html\" data-id=\"e79965b\" data-element_type=\"widget\" data-e-type=\"widget\" data-widget_type=\"html.default\">\n\t\t\t\t<div class=\"elementor-widget-container\">\n\t\t\t\t\t<iframe src=\"https:\/\/www.google.com\/maps\/d\/embed?mid=1iVxTcyqUAtZe6n1wWVIo04QNkZh7WU4&ehbc=2E312F\" width=\"640\" height=\"480\"><\/iframe>\t\t\t\t<\/div>\n\t\t\t\t<\/div>\n\t\t\t\t<div class=\"elementor-element elementor-element-ad98b95 elementor-widget elementor-widget-text-editor\" data-id=\"ad98b95\" data-element_type=\"widget\" data-e-type=\"widget\" data-widget_type=\"text-editor.default\">\n\t\t\t\t<div class=\"elementor-widget-container\">\n\t\t\t\t\t\t\t\t\t<p>Thanks to the <a href=\"https:\/\/www.conselldemallorca.es\/\" target=\"_blank\" rel=\"noopener\">Council of Mallorca<\/a><a href=\"https:\/\/www.conselldemallorca.es\/\" target=\"_blank\" rel=\"noopener\">a<\/a>, through the economic promotion aid for local products.<\/p>\t\t\t\t\t\t\t\t<\/div>\n\t\t\t\t<\/div>\n\t\t\t\t<div class=\"elementor-element elementor-element-5f6f919 elementor-widget elementor-widget-image\" data-id=\"5f6f919\" data-element_type=\"widget\" data-e-type=\"widget\" data-widget_type=\"image.default\">\n\t\t\t\t<div class=\"elementor-widget-container\">\n\t\t\t\t\t\t\t\t\t\t\t\t\t\t\t<img decoding=\"async\" width=\"300\" height=\"120\" src=\"https:\/\/varietatslocals.org\/wp-content\/uploads\/2025\/12\/Logo-Consell-de-Mallorca_gran.png\" class=\"attachment-gform-image-choice-sm size-gform-image-choice-sm wp-image-8908\" alt=\"\" srcset=\"https:\/\/varietatslocals.org\/wp-content\/uploads\/2025\/12\/Logo-Consell-de-Mallorca_gran.png 1083w, https:\/\/varietatslocals.org\/wp-content\/uploads\/2025\/12\/Logo-Consell-de-Mallorca_gran-768x306.png 768w, https:\/\/varietatslocals.org\/wp-content\/uploads\/2025\/12\/Logo-Consell-de-Mallorca_gran-18x7.png 18w, https:\/\/varietatslocals.org\/wp-content\/uploads\/2025\/12\/Logo-Consell-de-Mallorca_gran-600x239.png 600w\" sizes=\"(max-width: 300px) 100vw, 300px\" title=\"\">\t\t\t\t\t\t\t\t\t\t\t\t\t\t\t<\/div>\n\t\t\t\t<\/div>\n\t\t\t\t\t<\/div>\n\t\t\t\t<\/div>\n\t\t\t\t<\/div>","protected":false},"excerpt":{"rendered":"<p>La campanya de la tom\u00e0tiga de ramellet Aquesta campanya pret\u00e9n donar a con\u00e8ixer la tom\u00e0tiga de ramellet com a varietat local, i fer arribar a la poblaci\u00f3 la import\u00e0ncia de saber-la identificar al mercat local. L\u2019objectiu \u00e9s posar en valor aquest producte tan representatiu de la nostra taula, la tasca de les persones productores del [&hellip;]<\/p>\n","protected":false},"author":104,"featured_media":0,"parent":0,"menu_order":0,"comment_status":"closed","ping_status":"closed","template":"","meta":{"_joinchat":[],"footnotes":""},"class_list":["post-8876","page","type-page","status-publish","hentry"],"_links":{"self":[{"href":"https:\/\/varietatslocals.org\/en\/wp-json\/wp\/v2\/pages\/8876","targetHints":{"allow":["GET"]}}],"collection":[{"href":"https:\/\/varietatslocals.org\/en\/wp-json\/wp\/v2\/pages"}],"about":[{"href":"https:\/\/varietatslocals.org\/en\/wp-json\/wp\/v2\/types\/page"}],"author":[{"embeddable":true,"href":"https:\/\/varietatslocals.org\/en\/wp-json\/wp\/v2\/users\/104"}],"replies":[{"embeddable":true,"href":"https:\/\/varietatslocals.org\/en\/wp-json\/wp\/v2\/comments?post=8876"}],"version-history":[{"count":0,"href":"https:\/\/varietatslocals.org\/en\/wp-json\/wp\/v2\/pages\/8876\/revisions"}],"wp:attachment":[{"href":"https:\/\/varietatslocals.org\/en\/wp-json\/wp\/v2\/media?parent=8876"}],"curies":[{"name":"wp","href":"https:\/\/api.w.org\/{rel}","templated":true}]}}