{"id":2980,"date":"2024-02-01T00:09:10","date_gmt":"2024-01-31T23:09:10","guid":{"rendered":"https:\/\/enricoriolc13.sg-host.com\/producte\/melo-des-clot-des-pou\/"},"modified":"2026-04-14T10:17:22","modified_gmt":"2026-04-14T08:17:22","slug":"melo-des-clot-des-pou","status":"publish","type":"product","link":"https:\/\/varietatslocals.org\/en\/producte\/melo-des-clot-des-pou\/","title":{"rendered":"\"Des clot des pou\" melon"},"content":{"rendered":"<p><strong>How is it?<\/strong><\/p>\n<p>The <strong>\"Des clot des pou\" melon<\/strong> it is a type of round and white melon. It should be harvested before it fully ripens, thus allowing for better preservation. It can be eaten until December.<\/p>\n<p><strong>When and how is it sown?<\/strong><\/p>\n<p>Yes<strong> sowing from the end of April to the beginning of June<\/strong>, and is harvested from August to September. The<strong> sowing distance is 50-80 cm between plants, and 1 m between rows<\/strong>. If it is done in the dry season, it is advisable to leave about 1.8 m between rows.<\/p>\n<p><strong>How much seed is in the envelope?<\/strong><\/p>\n<p><strong>envelope weight<\/strong>: 1.5 g. Approximately 26 units<\/p>\n<p><em>Cucumis melo <\/em>- Phytogenetic resource<\/p>\n<p>Origin: S&#039;Horta, Felanitx, Mallorca<\/p>","protected":false},"excerpt":{"rendered":"<p>Com \u00e9s? El Mel\u00f3 des clot des pou \u00e9s un tipus de mel\u00f3 rod\u00f3 i de color blanc. S\u2019ha de collir abans que maduri del tot, permetent aix\u00ed una millor conservaci\u00f3. Es pot menjar fins al desembre. Quan i com es sembra? Se sembra de finals d\u2019abril a principis de juny, i es cull d\u2019agost [&hellip;]<\/p>\n","protected":false},"featured_media":2981,"template":"","meta":{"_joinchat":[]},"product_brand":[],"product_cat":[53],"product_tag":[],"class_list":{"0":"post-2980","1":"product","2":"type-product","3":"status-publish","4":"has-post-thumbnail","6":"product_cat-melo-i-sindria","8":"first","9":"instock","10":"taxable","11":"shipping-taxable","12":"purchasable","13":"product-type-simple"},"_links":{"self":[{"href":"https:\/\/varietatslocals.org\/en\/wp-json\/wp\/v2\/product\/2980","targetHints":{"allow":["GET"]}}],"collection":[{"href":"https:\/\/varietatslocals.org\/en\/wp-json\/wp\/v2\/product"}],"about":[{"href":"https:\/\/varietatslocals.org\/en\/wp-json\/wp\/v2\/types\/product"}],"wp:featuredmedia":[{"embeddable":true,"href":"https:\/\/varietatslocals.org\/en\/wp-json\/wp\/v2\/media\/2981"}],"wp:attachment":[{"href":"https:\/\/varietatslocals.org\/en\/wp-json\/wp\/v2\/media?parent=2980"}],"wp:term":[{"taxonomy":"product_brand","embeddable":true,"href":"https:\/\/varietatslocals.org\/en\/wp-json\/wp\/v2\/product_brand?post=2980"},{"taxonomy":"product_cat","embeddable":true,"href":"https:\/\/varietatslocals.org\/en\/wp-json\/wp\/v2\/product_cat?post=2980"},{"taxonomy":"product_tag","embeddable":true,"href":"https:\/\/varietatslocals.org\/en\/wp-json\/wp\/v2\/product_tag?post=2980"}],"curies":[{"name":"wp","href":"https:\/\/api.w.org\/{rel}","templated":true}]}}