{"id":3076,"date":"2024-02-01T00:09:49","date_gmt":"2024-01-31T23:09:49","guid":{"rendered":"https:\/\/enricoriolc13.sg-host.com\/producte\/bossa-blats-de-mallorca\/"},"modified":"2024-04-11T11:15:57","modified_gmt":"2024-04-11T09:15:57","slug":"bag-of-mallorcan-wheat","status":"publish","type":"product","link":"https:\/\/varietatslocals.org\/en\/producte\/bossa-blats-de-varietats-locals-de-mallorca\/","title":{"rendered":"Bag of wheat from local Mallorcan varieties"},"content":{"rendered":"<p>The &quot;<strong>Bag of wheat from local Mallorcan varieties<\/strong>\u201d is an organic cotton bag made in Galicia.<\/p>\n<p>&nbsp;<\/p>\n<p>The illustrations are by Pau Oliver and have been modeled by the illustrator N\u00edvola Uy\u00e0. In the illustration there are six varieties of blas from local varieties of Mallorca. But there is more.<\/p>\n<ul>\n<li>These varieties are more or less present in the estates of Mallorca. Of the six illustrated varieties, the one with the greatest representation is the sheixa. The rest are still at risk of genetic erosion.<\/li>\n<li>The six varieties selected are: Cheixa, Barba, Mort, Valencian, Mollar and German.<\/li>\n<\/ul>\n<p>If you want to support the project to recover local varieties of cereals in Mallorca, buy this bag.<\/p>\n<p>Material included in the multiplication project of local varieties of wheat.<\/p>\n<p>&nbsp;<\/p>\n<p>&nbsp;<\/p>","protected":false},"excerpt":{"rendered":"<p>La &#8220;Bossa blats de varietats locals de Mallorca&#8221; \u00e9s una bossa de cot\u00f3 ecol\u00f2gic feta a Gal\u00edcia. &nbsp; Les il\u00b7lustracions s\u00f3n d&#8217;en Pau Oliver i ha estat maquetada per la il\u00b7lustradora N\u00edvola Uy\u00e0.A la il\u00b7lustraci\u00f3 hi ha sis varietats de blas de varietats locals de Mallorca. Per\u00f2 encara n&#8217;hi ha m\u00e9s. Aquestes varietats es troben [&hellip;]<\/p>\n","protected":false},"featured_media":3077,"template":"","meta":{"_joinchat":[]},"product_brand":[],"product_cat":[41],"product_tag":[],"class_list":{"0":"post-3076","1":"product","2":"type-product","3":"status-publish","4":"has-post-thumbnail","6":"product_cat-merxandatge","8":"first","9":"instock","10":"taxable","11":"shipping-taxable","12":"purchasable","13":"product-type-simple"},"_links":{"self":[{"href":"https:\/\/varietatslocals.org\/en\/wp-json\/wp\/v2\/product\/3076","targetHints":{"allow":["GET"]}}],"collection":[{"href":"https:\/\/varietatslocals.org\/en\/wp-json\/wp\/v2\/product"}],"about":[{"href":"https:\/\/varietatslocals.org\/en\/wp-json\/wp\/v2\/types\/product"}],"wp:featuredmedia":[{"embeddable":true,"href":"https:\/\/varietatslocals.org\/en\/wp-json\/wp\/v2\/media\/3077"}],"wp:attachment":[{"href":"https:\/\/varietatslocals.org\/en\/wp-json\/wp\/v2\/media?parent=3076"}],"wp:term":[{"taxonomy":"product_brand","embeddable":true,"href":"https:\/\/varietatslocals.org\/en\/wp-json\/wp\/v2\/product_brand?post=3076"},{"taxonomy":"product_cat","embeddable":true,"href":"https:\/\/varietatslocals.org\/en\/wp-json\/wp\/v2\/product_cat?post=3076"},{"taxonomy":"product_tag","embeddable":true,"href":"https:\/\/varietatslocals.org\/en\/wp-json\/wp\/v2\/product_tag?post=3076"}],"curies":[{"name":"wp","href":"https:\/\/api.w.org\/{rel}","templated":true}]}}