{"id":3082,"date":"2024-02-01T00:09:49","date_gmt":"2024-01-31T23:09:49","guid":{"rendered":"https:\/\/enricoriolc13.sg-host.com\/producte\/recull-de-llavors-3-varietats\/"},"modified":"2024-12-02T12:00:12","modified_gmt":"2024-12-02T11:00:12","slug":"seed-collection-3-varieties","status":"publish","type":"product","link":"https:\/\/varietatslocals.org\/en\/producte\/recull-de-llavors-3-varietats\/","title":{"rendered":"Seed collection, 3 varieties"},"content":{"rendered":"<p>Collection perfect for gifting, including:<\/p>\n<ul>\n<li>3 sachets of seeds of local varieties*<\/li>\n<\/ul>\n<p>*You can choose between the following types of collections:<\/p>\n<ul>\n<li>Harvest to make tremp\u00f3n: Mallorcan white onion, red pepper and tomato (salad variety)<\/li>\n<li>Legume collection: 3 local varieties of legumes<\/li>\n<li>Picking melons and watermelons: 3 local varieties of melons and watermelons<\/li>\n<li>Tomato picking: 3 local varieties of tomatoes<\/li>\n<li>Collection of local varieties: 3 surprise local varieties or your choice<\/li>\n<\/ul>\n<p>When placing the order, you must write in the comments which collection you want to receive.<\/p>","protected":false},"excerpt":{"rendered":"<p>Recull perfecte per regalar, que inclou: 3 sobres de llavors de varietats locals* *Podeu triar entre els seg\u00fcents tipus de reculls: Recull per fer tremp\u00f3: ceba blanca mallorquina, pebre ros i tom\u00e0tiga (varietat d&#8217;ensalada) Recull de llegums: 3 varietats locals de llegums Recull de melons i s\u00edndries: 3 varietats locals de melons i s\u00edndries Recull [&hellip;]<\/p>\n","protected":false},"featured_media":3080,"template":"","meta":{"_joinchat":[]},"product_brand":[],"product_cat":[43],"product_tag":[],"class_list":{"0":"post-3082","1":"product","2":"type-product","3":"status-publish","4":"has-post-thumbnail","6":"product_cat-lots-de-regal","8":"first","9":"instock","10":"taxable","11":"shipping-taxable","12":"purchasable","13":"product-type-simple"},"_links":{"self":[{"href":"https:\/\/varietatslocals.org\/en\/wp-json\/wp\/v2\/product\/3082","targetHints":{"allow":["GET"]}}],"collection":[{"href":"https:\/\/varietatslocals.org\/en\/wp-json\/wp\/v2\/product"}],"about":[{"href":"https:\/\/varietatslocals.org\/en\/wp-json\/wp\/v2\/types\/product"}],"wp:featuredmedia":[{"embeddable":true,"href":"https:\/\/varietatslocals.org\/en\/wp-json\/wp\/v2\/media\/3080"}],"wp:attachment":[{"href":"https:\/\/varietatslocals.org\/en\/wp-json\/wp\/v2\/media?parent=3082"}],"wp:term":[{"taxonomy":"product_brand","embeddable":true,"href":"https:\/\/varietatslocals.org\/en\/wp-json\/wp\/v2\/product_brand?post=3082"},{"taxonomy":"product_cat","embeddable":true,"href":"https:\/\/varietatslocals.org\/en\/wp-json\/wp\/v2\/product_cat?post=3082"},{"taxonomy":"product_tag","embeddable":true,"href":"https:\/\/varietatslocals.org\/en\/wp-json\/wp\/v2\/product_tag?post=3082"}],"curies":[{"name":"wp","href":"https:\/\/api.w.org\/{rel}","templated":true}]}}