{"id":3142,"date":"2024-02-01T00:09:57","date_gmt":"2024-01-31T23:09:57","guid":{"rendered":"https:\/\/enricoriolc13.sg-host.com\/producte\/illustracio-carabassa-llarga-serie-limitada\/"},"modified":"2024-11-20T12:20:09","modified_gmt":"2024-11-20T11:20:09","slug":"illustracio-long-pumpkin-limited-series","status":"publish","type":"product","link":"https:\/\/varietatslocals.org\/en\/producte\/illustracio-carabassa-llarga-serie-limitada\/","title":{"rendered":"Illustration Long pumpkin limited series"},"content":{"rendered":"<div class=\"wpb_text_column wpb_content_element p18px\">\n<div class=\"wpb_wrapper\">\n<p>The &quot;<strong>Illustration Long pumpkin limited series<\/strong>\u201d was made to celebrate the 20 years of the Association and with the collaboration of the illustrator N\u00edvola Uy\u00e1. Two promotional illustrations were produced for two local varieties: the long squash and the ramellet tomato.<\/p>\n<p>These illustrations are limited edition, and only 25 originals of each variety were printed and signed, in A4 size. Get yours!<\/p>\n<p>&nbsp;<\/p>\n<p>&nbsp;<\/p>\n<\/div>\n<\/div>\n<p>&nbsp;<\/p>","protected":false},"excerpt":{"rendered":"<p>La &#8220;Il\u00b7lustraci\u00f3 Carabassa llarga s\u00e8rie limitada&#8221; es va fer per celebrar els 20 anys de l&#8217;Associaci\u00f3 i amb la col\u00b7laboraci\u00f3 de la il\u00b7lustradora N\u00edvola Uy\u00e1. Es van elaborar dues il\u00b7lustracions promocionals de dues varietats locals: la carabassa llarga i la tom\u00e0tiga de ramellet. Aquestes il\u00b7lustracions s\u00f3n d&#8217;edici\u00f3 limitada, i nom\u00e9s es van imprimir i firmar [&hellip;]<\/p>\n","protected":false},"featured_media":3143,"template":"","meta":{"_joinchat":[]},"product_brand":[],"product_cat":[42],"product_tag":[],"class_list":{"0":"post-3142","1":"product","2":"type-product","3":"status-publish","4":"has-post-thumbnail","6":"product_cat-llibres","8":"first","9":"instock","10":"taxable","11":"shipping-taxable","12":"purchasable","13":"product-type-simple"},"_links":{"self":[{"href":"https:\/\/varietatslocals.org\/en\/wp-json\/wp\/v2\/product\/3142","targetHints":{"allow":["GET"]}}],"collection":[{"href":"https:\/\/varietatslocals.org\/en\/wp-json\/wp\/v2\/product"}],"about":[{"href":"https:\/\/varietatslocals.org\/en\/wp-json\/wp\/v2\/types\/product"}],"wp:featuredmedia":[{"embeddable":true,"href":"https:\/\/varietatslocals.org\/en\/wp-json\/wp\/v2\/media\/3143"}],"wp:attachment":[{"href":"https:\/\/varietatslocals.org\/en\/wp-json\/wp\/v2\/media?parent=3142"}],"wp:term":[{"taxonomy":"product_brand","embeddable":true,"href":"https:\/\/varietatslocals.org\/en\/wp-json\/wp\/v2\/product_brand?post=3142"},{"taxonomy":"product_cat","embeddable":true,"href":"https:\/\/varietatslocals.org\/en\/wp-json\/wp\/v2\/product_cat?post=3142"},{"taxonomy":"product_tag","embeddable":true,"href":"https:\/\/varietatslocals.org\/en\/wp-json\/wp\/v2\/product_tag?post=3142"}],"curies":[{"name":"wp","href":"https:\/\/api.w.org\/{rel}","templated":true}]}}