{"id":3144,"date":"2024-02-01T00:09:57","date_gmt":"2024-01-31T23:09:57","guid":{"rendered":"https:\/\/enricoriolc13.sg-host.com\/producte\/illustracio-tomatiga-de-ramellet-serie-limitada\/"},"modified":"2024-11-20T12:20:23","modified_gmt":"2024-11-20T11:20:23","slug":"limited-edition-tomato-illustration","status":"publish","type":"product","link":"https:\/\/varietatslocals.org\/en\/producte\/illustracio-tomatiga-de-ramellet-serie-limitada\/","title":{"rendered":"Illustration \"Ramellet Tomato\" (limited series)"},"content":{"rendered":"<div class=\"wpb_text_column wpb_content_element p18px\">\n<div class=\"wpb_wrapper\">\n<p> To celebrate the 20 years of the Association and with the collaboration of the illustrator N\u00edvola Uy\u00e1, two promotional illustrations of two local varieties have been drawn up: the long pumpkin and the ramellet tomato.<\/p>\n<p> These illustrations are limited edition, and only 25 originals of each variety have been printed and signed, in A4 size. Get yours!<\/p>\n<p> &nbsp;<\/p>\n<p> &nbsp;<\/p><\/div>\n<\/p><\/div>\n<p> &nbsp;<\/p>","protected":false},"excerpt":{"rendered":"<p>Per celebrar els 20 anys de l&#8217;Associaci\u00f3 i amb la col\u00b7laboraci\u00f3 de la il\u00b7lustradora N\u00edvola Uy\u00e1, s&#8217;han elaborat dues il\u00b7lustracions promocionals de dues varietats locals: la carabassa llarga i la tom\u00e0tiga de ramellet. Aquestes il\u00b7lustracions s\u00f3n d&#8217;edici\u00f3 limitada, i nom\u00e9s s&#8217;han impr\u00e8s i firmat 25 originals de cada varietat, en mida A4. Fes-te amb les [&hellip;]<\/p>\n","protected":false},"featured_media":3145,"template":"","meta":{"_joinchat":[]},"product_brand":[],"product_cat":[42],"product_tag":[],"class_list":{"0":"post-3144","1":"product","2":"type-product","3":"status-publish","4":"has-post-thumbnail","6":"product_cat-llibres","8":"first","9":"instock","10":"taxable","11":"shipping-taxable","12":"purchasable","13":"product-type-simple"},"_links":{"self":[{"href":"https:\/\/varietatslocals.org\/en\/wp-json\/wp\/v2\/product\/3144","targetHints":{"allow":["GET"]}}],"collection":[{"href":"https:\/\/varietatslocals.org\/en\/wp-json\/wp\/v2\/product"}],"about":[{"href":"https:\/\/varietatslocals.org\/en\/wp-json\/wp\/v2\/types\/product"}],"wp:featuredmedia":[{"embeddable":true,"href":"https:\/\/varietatslocals.org\/en\/wp-json\/wp\/v2\/media\/3145"}],"wp:attachment":[{"href":"https:\/\/varietatslocals.org\/en\/wp-json\/wp\/v2\/media?parent=3144"}],"wp:term":[{"taxonomy":"product_brand","embeddable":true,"href":"https:\/\/varietatslocals.org\/en\/wp-json\/wp\/v2\/product_brand?post=3144"},{"taxonomy":"product_cat","embeddable":true,"href":"https:\/\/varietatslocals.org\/en\/wp-json\/wp\/v2\/product_cat?post=3144"},{"taxonomy":"product_tag","embeddable":true,"href":"https:\/\/varietatslocals.org\/en\/wp-json\/wp\/v2\/product_tag?post=3144"}],"curies":[{"name":"wp","href":"https:\/\/api.w.org\/{rel}","templated":true}]}}