{"id":3149,"date":"2024-02-01T00:10:06","date_gmt":"2024-01-31T23:10:06","guid":{"rendered":"https:\/\/enricoriolc13.sg-host.com\/producte\/inventari-de-les-varietats-vegetals-tradicionals-ib-tom-ii\/"},"modified":"2024-04-19T10:45:07","modified_gmt":"2024-04-19T08:45:07","slug":"inventory-of-traditional-plant-varieties-ib-tom-ii","status":"publish","type":"product","link":"https:\/\/varietatslocals.org\/en\/producte\/inventari-de-les-varietats-vegetals-tradicionals-ib-tom-ii\/","title":{"rendered":"Inventory of traditional plant varieties IB. Tom II"},"content":{"rendered":"<p>Book &quot;<strong>Inventory of traditional plant varieties IB. Tom II<\/strong>\u201c&quot;.<\/p>\n<p>Volume I on the fruit trees of the prunoidea sub-family of Mallorca.<\/p>\n<p>It is a very comprehensive book on the traditional varieties of fruit trees in the prunoidea family.<\/p>\n<p>If you want to know which varieties to plant, know the crop cycle, as well as the time of fruiting, as well as the mode<\/p>\n<p>of consumption It&#039;s a great book. Highly recommended for fruit lovers.<\/p>\n<p>Author: Lloren\u00e7 Payeras and Jaume Falconer<\/p>\n<p>Year 2019.<\/p>","protected":false},"excerpt":{"rendered":"<p>Llibre &#8220;Inventari de les varietats vegetals tradicionals IB. Tom II&#8220;. Tom I sobre els fruiters de la sub-fam\u00edlia de les prunoidees de Mallorca. \u00c9s un llibre molt complet sobre les varietats tradicionals de fruiters de la fam\u00edlia de les prunoidees. Si voleu saber quines varietats sembrar, con\u00e8ixer el cicle de cultiu, aix\u00ed com el moment [&hellip;]<\/p>\n","protected":false},"featured_media":3150,"template":"","meta":{"_joinchat":[]},"product_brand":[],"product_cat":[42],"product_tag":[],"class_list":{"0":"post-3149","1":"product","2":"type-product","3":"status-publish","4":"has-post-thumbnail","6":"product_cat-llibres","8":"first","9":"instock","10":"taxable","11":"shipping-taxable","12":"purchasable","13":"product-type-simple"},"_links":{"self":[{"href":"https:\/\/varietatslocals.org\/en\/wp-json\/wp\/v2\/product\/3149","targetHints":{"allow":["GET"]}}],"collection":[{"href":"https:\/\/varietatslocals.org\/en\/wp-json\/wp\/v2\/product"}],"about":[{"href":"https:\/\/varietatslocals.org\/en\/wp-json\/wp\/v2\/types\/product"}],"wp:featuredmedia":[{"embeddable":true,"href":"https:\/\/varietatslocals.org\/en\/wp-json\/wp\/v2\/media\/3150"}],"wp:attachment":[{"href":"https:\/\/varietatslocals.org\/en\/wp-json\/wp\/v2\/media?parent=3149"}],"wp:term":[{"taxonomy":"product_brand","embeddable":true,"href":"https:\/\/varietatslocals.org\/en\/wp-json\/wp\/v2\/product_brand?post=3149"},{"taxonomy":"product_cat","embeddable":true,"href":"https:\/\/varietatslocals.org\/en\/wp-json\/wp\/v2\/product_cat?post=3149"},{"taxonomy":"product_tag","embeddable":true,"href":"https:\/\/varietatslocals.org\/en\/wp-json\/wp\/v2\/product_tag?post=3149"}],"curies":[{"name":"wp","href":"https:\/\/api.w.org\/{rel}","templated":true}]}}