{"id":3163,"date":"2024-02-01T00:10:06","date_gmt":"2024-01-31T23:10:06","guid":{"rendered":"https:\/\/enricoriolc13.sg-host.com\/producte\/elastic-cabells\/"},"modified":"2025-09-29T13:13:55","modified_gmt":"2025-09-29T11:13:55","slug":"elastic-hair","status":"publish","type":"product","link":"https:\/\/varietatslocals.org\/en\/producte\/elastic-de-cabells\/","title":{"rendered":"Hair elastic"},"content":{"rendered":"<p><strong>Hair elastic<\/strong> of organic cotton handmade with the print of &quot;20 years spreading seeds&quot;.<\/p>\n<p>The illustrations of the elastic are by the illustrator N\u00edvola Uy\u00e0 and the elastics have been made by different women who have contributed to the project<\/p>\n<p>of our entity his time. The fabric is organic cotton printed in Barcelona.<\/p>\n<p>There are two sizes of hair ties: small or large.<\/p>\n<p>Members of the organization can get the elastic at a reduced price of \u20ac3.<\/p>\n<p>If you are a member\/ai and want to benefit from this, contact us directly via commendes@varietatslocals.org \/ 693 066 858 \/ 722 782 536<\/p>\n<p>If you want to support our organization, buy a hair elastic of local varieties. It is a very original gift.<\/p>","protected":false},"excerpt":{"rendered":"<p>El\u00e0stic de cabells de cot\u00f3 ecol\u00f2gic fet a m\u00e0 amb l&#8217;estampat de &#8220;20 anys escampant llavors&#8221;. Les il\u00b7lustracions de l&#8217;el\u00e0stic s\u00f3n de la il\u00b7lustradora N\u00edvola Uy\u00e0 i els el\u00e0stics han estat fets per diferents dones que han aportat al projecte de la nostra entitat el seu temps. La tela \u00e9s de cot\u00f3 ecol\u00f2gic estampada a [&hellip;]<\/p>\n","protected":false},"featured_media":3174,"template":"","meta":{"_joinchat":[]},"product_brand":[],"product_cat":[41],"product_tag":[],"class_list":{"0":"post-3163","1":"product","2":"type-product","3":"status-publish","4":"has-post-thumbnail","6":"product_cat-merxandatge","8":"first","9":"instock","10":"taxable","11":"shipping-taxable","12":"purchasable","13":"product-type-variable"},"_links":{"self":[{"href":"https:\/\/varietatslocals.org\/en\/wp-json\/wp\/v2\/product\/3163","targetHints":{"allow":["GET"]}}],"collection":[{"href":"https:\/\/varietatslocals.org\/en\/wp-json\/wp\/v2\/product"}],"about":[{"href":"https:\/\/varietatslocals.org\/en\/wp-json\/wp\/v2\/types\/product"}],"wp:featuredmedia":[{"embeddable":true,"href":"https:\/\/varietatslocals.org\/en\/wp-json\/wp\/v2\/media\/3174"}],"wp:attachment":[{"href":"https:\/\/varietatslocals.org\/en\/wp-json\/wp\/v2\/media?parent=3163"}],"wp:term":[{"taxonomy":"product_brand","embeddable":true,"href":"https:\/\/varietatslocals.org\/en\/wp-json\/wp\/v2\/product_brand?post=3163"},{"taxonomy":"product_cat","embeddable":true,"href":"https:\/\/varietatslocals.org\/en\/wp-json\/wp\/v2\/product_cat?post=3163"},{"taxonomy":"product_tag","embeddable":true,"href":"https:\/\/varietatslocals.org\/en\/wp-json\/wp\/v2\/product_tag?post=3163"}],"curies":[{"name":"wp","href":"https:\/\/api.w.org\/{rel}","templated":true}]}}