{"id":3166,"date":"2024-02-01T00:10:06","date_gmt":"2024-01-31T23:10:06","guid":{"rendered":"https:\/\/enricoriolc13.sg-host.com\/producte\/pack-sorpresa-una-llavor-per-a-cada-estacio\/"},"modified":"2026-01-08T19:02:00","modified_gmt":"2026-01-08T18:02:00","slug":"seed-box","status":"publish","type":"product","link":"https:\/\/varietatslocals.org\/en\/producte\/capsa-de-llavors\/","title":{"rendered":"Seed Box"},"content":{"rendered":"<p>Seed box<\/p>\n<p>The box of local variety seeds is composed of 3 tubes that include organic seeds of local varieties.<\/p>\n<p>It is a Bri de palla seedtube pack: https:\/\/www.bridepalla.com\/seedpack-tube<\/p>\n<p>The seeds are organic and of local varieties made by our organization&#039;s multipliers.<\/p>\n<p>The varieties available are Mallorcan parsley, Valldemossa tomatoes and purple eggplant.<\/p>\n<p>Members of the organization can get the box at a reduced price of \u20ac15. If you are a member and want to benefit from this, contact us directly at comandes@varietatslocals.org \/ 693 066 858 \/ 623 250 278 \/ 722 782 536<\/p>","protected":false},"excerpt":{"rendered":"<p>Capsa de llavors La capsa de llavors de varietats locals est\u00e0 composta de 3 tubets que inclouen llavors ecol\u00f2giques de varietats locals. \u00c9s un seedtube pack de Bri de palla: https:\/\/www.bridepalla.com\/seedpack-tube Les llavors s\u00f3n ecol\u00f2giques i de varietats locals fetes pels multiplicadors de la nostra entitat. Les varietats que hi ha s\u00f3n el julivert mallorqu\u00ed, [&hellip;]<\/p>\n","protected":false},"featured_media":7893,"template":"","meta":{"_joinchat":[]},"product_brand":[],"product_cat":[43],"product_tag":[],"class_list":{"0":"post-3166","1":"product","2":"type-product","3":"status-publish","4":"has-post-thumbnail","6":"product_cat-lots-de-regal","8":"first","9":"instock","10":"taxable","11":"shipping-taxable","12":"purchasable","13":"product-type-simple"},"_links":{"self":[{"href":"https:\/\/varietatslocals.org\/en\/wp-json\/wp\/v2\/product\/3166","targetHints":{"allow":["GET"]}}],"collection":[{"href":"https:\/\/varietatslocals.org\/en\/wp-json\/wp\/v2\/product"}],"about":[{"href":"https:\/\/varietatslocals.org\/en\/wp-json\/wp\/v2\/types\/product"}],"wp:featuredmedia":[{"embeddable":true,"href":"https:\/\/varietatslocals.org\/en\/wp-json\/wp\/v2\/media\/7893"}],"wp:attachment":[{"href":"https:\/\/varietatslocals.org\/en\/wp-json\/wp\/v2\/media?parent=3166"}],"wp:term":[{"taxonomy":"product_brand","embeddable":true,"href":"https:\/\/varietatslocals.org\/en\/wp-json\/wp\/v2\/product_brand?post=3166"},{"taxonomy":"product_cat","embeddable":true,"href":"https:\/\/varietatslocals.org\/en\/wp-json\/wp\/v2\/product_cat?post=3166"},{"taxonomy":"product_tag","embeddable":true,"href":"https:\/\/varietatslocals.org\/en\/wp-json\/wp\/v2\/product_tag?post=3166"}],"curies":[{"name":"wp","href":"https:\/\/api.w.org\/{rel}","templated":true}]}}