{"id":3167,"date":"2024-02-01T00:10:06","date_gmt":"2024-01-31T23:10:06","guid":{"rendered":"https:\/\/enricoriolc13.sg-host.com\/producte\/camiseta-20-anys-escampant-llavors\/"},"modified":"2026-04-14T10:14:01","modified_gmt":"2026-04-14T08:14:01","slug":"camiseta-20-years-spreading-seeds","status":"publish","type":"product","link":"https:\/\/varietatslocals.org\/en\/producte\/camiseta-20-anys-escampant-llavors\/","title":{"rendered":"T-shirt 20 years spreading seeds"},"content":{"rendered":"<div class=\"wpb_text_column wpb_content_element p18px\">\n<div class=\"wpb_wrapper\">\n<p>The <strong>T-shirt 20 years spreading seeds<\/strong> it was made in 2022, to celebrate our anniversary. We put on sale organic cotton t-shirts that we designed together with the illustrator <a href=\"https:\/\/nivolauya.com\/\" target=\"_blank\" rel=\"noopener\"><span class=\"_247o\" spellcheck=\"false\" data-offset-key=\"bb7sl-1-0\"><span data-offset-key=\"bb7sl-1-0\">N\u00edvola Uy\u00e1<\/span><\/span><\/a><span data-offset-key=\"bb7sl-2-0\"> and, which are handmade by <\/span><span class=\"_247o\" spellcheck=\"false\" data-offset-key=\"bb7sl-3-0\"><span data-offset-key=\"bb7sl-3-0\"><a href=\"https:\/\/moraduix.com\/\" target=\"_blank\" rel=\"noopener\">Stay away<\/a>, ethical and sustainable clothing designers<\/span><\/span><span data-offset-key=\"bb7sl-4-0\">.<\/span><\/p>\n<p>You can find the size guide in the product photos.<\/p>\n<p>We&#039;ve made a limited amount, so don&#039;t miss out!<\/p>\n<p>If you want to support our work, buy a t-shirt. It is also a good gift item. cheer up<\/p>\n<p>Members of the organization can get the shirt at a reduced price of \u20ac18.<\/p>\n<p>If you are a member\/ai and want to benefit from this, contact us directly via commendes@varietatslocals.org \/ 693 066 858 \/ 722 782 536<\/p>\n<p>&nbsp;<\/p>\n<p>&nbsp;<\/p>\n<\/div>\n<\/div>\n<p>&nbsp;<\/p>","protected":false},"excerpt":{"rendered":"<p>La Camiseta 20 anys escampant llavors es va fer el 2022, per celebrar el nostre aniversari. Vam treure a la venda unes camisetes de cot\u00f3 ecol\u00f2gic que vam dissenyar juntament amb la il\u00b7lustradora N\u00edvola Uy\u00e1 i, que estan confeccionades a m\u00e0 per Moraduix, dissenyadors de roba \u00e8tica i sostenible. A les fotos del producte pots [&hellip;]<\/p>\n","protected":false},"featured_media":3180,"template":"","meta":{"_joinchat":[]},"product_brand":[],"product_cat":[41],"product_tag":[],"class_list":{"0":"post-3167","1":"product","2":"type-product","3":"status-publish","4":"has-post-thumbnail","6":"product_cat-merxandatge","8":"first","9":"instock","10":"taxable","11":"shipping-taxable","12":"purchasable","13":"product-type-variable"},"_links":{"self":[{"href":"https:\/\/varietatslocals.org\/en\/wp-json\/wp\/v2\/product\/3167","targetHints":{"allow":["GET"]}}],"collection":[{"href":"https:\/\/varietatslocals.org\/en\/wp-json\/wp\/v2\/product"}],"about":[{"href":"https:\/\/varietatslocals.org\/en\/wp-json\/wp\/v2\/types\/product"}],"wp:featuredmedia":[{"embeddable":true,"href":"https:\/\/varietatslocals.org\/en\/wp-json\/wp\/v2\/media\/3180"}],"wp:attachment":[{"href":"https:\/\/varietatslocals.org\/en\/wp-json\/wp\/v2\/media?parent=3167"}],"wp:term":[{"taxonomy":"product_brand","embeddable":true,"href":"https:\/\/varietatslocals.org\/en\/wp-json\/wp\/v2\/product_brand?post=3167"},{"taxonomy":"product_cat","embeddable":true,"href":"https:\/\/varietatslocals.org\/en\/wp-json\/wp\/v2\/product_cat?post=3167"},{"taxonomy":"product_tag","embeddable":true,"href":"https:\/\/varietatslocals.org\/en\/wp-json\/wp\/v2\/product_tag?post=3167"}],"curies":[{"name":"wp","href":"https:\/\/api.w.org\/{rel}","templated":true}]}}