{"id":6009,"date":"2024-11-20T12:05:41","date_gmt":"2024-11-20T11:05:41","guid":{"rendered":"https:\/\/www.varietatslocals.org\/?post_type=product&#038;p=6009"},"modified":"2026-04-08T12:53:13","modified_gmt":"2026-04-08T10:53:13","slug":"face-masks","status":"publish","type":"product","link":"https:\/\/varietatslocals.org\/en\/producte\/tapaboques\/","title":{"rendered":"Face masks"},"content":{"rendered":"<p><strong>Face masks<\/strong> of organic cotton handmade with the print of &quot;20 years spreading seeds&quot;.<\/p>\n<p>The illustrations of the mask are by the illustrator N\u00edvola Uy\u00e0.<\/p>\n<p>The fabric is organic cotton printed in Barcelona.<\/p>\n<p>Members of the organization can get the mask at a reduced price of \u20ac6.<\/p>\n<p>If you are a member and you want to benefit from this, contact us directly via commendes@varietatslocals.org \/ 693 066 858 \/ 623 250 278<\/p>\n<p>If you want to support our organization, buy a tapaboques of local varieties. It is a very original gift.<\/p>","protected":false},"excerpt":{"rendered":"<p>Tapaboques de cot\u00f3 ecol\u00f2gic fet a m\u00e0 amb l&#8217;estampat de &#8220;20 anys escampant llavors&#8221;. Les il\u00b7lustracions del tapaboques s\u00f3n de la il\u00b7lustradora N\u00edvola Uy\u00e0. La tela \u00e9s de cot\u00f3 ecol\u00f2gic estampada a Barcelona. Els socis i s\u00f2cies de l\u2019entitat poden aconseguir el tapaboques a un preu redu\u00eft de 6 \u20ac. Si ets soci\/a i et [&hellip;]<\/p>\n","protected":false},"featured_media":6013,"template":"","meta":{"_joinchat":[]},"product_brand":[],"product_cat":[41,40],"product_tag":[81],"class_list":{"0":"post-6009","1":"product","2":"type-product","3":"status-publish","4":"has-post-thumbnail","6":"product_cat-merxandatge","7":"product_cat-novetat","8":"product_tag-tapaboques","10":"first","11":"instock","12":"taxable","13":"shipping-taxable","14":"purchasable","15":"product-type-simple"},"_links":{"self":[{"href":"https:\/\/varietatslocals.org\/en\/wp-json\/wp\/v2\/product\/6009","targetHints":{"allow":["GET"]}}],"collection":[{"href":"https:\/\/varietatslocals.org\/en\/wp-json\/wp\/v2\/product"}],"about":[{"href":"https:\/\/varietatslocals.org\/en\/wp-json\/wp\/v2\/types\/product"}],"wp:featuredmedia":[{"embeddable":true,"href":"https:\/\/varietatslocals.org\/en\/wp-json\/wp\/v2\/media\/6013"}],"wp:attachment":[{"href":"https:\/\/varietatslocals.org\/en\/wp-json\/wp\/v2\/media?parent=6009"}],"wp:term":[{"taxonomy":"product_brand","embeddable":true,"href":"https:\/\/varietatslocals.org\/en\/wp-json\/wp\/v2\/product_brand?post=6009"},{"taxonomy":"product_cat","embeddable":true,"href":"https:\/\/varietatslocals.org\/en\/wp-json\/wp\/v2\/product_cat?post=6009"},{"taxonomy":"product_tag","embeddable":true,"href":"https:\/\/varietatslocals.org\/en\/wp-json\/wp\/v2\/product_tag?post=6009"}],"curies":[{"name":"wp","href":"https:\/\/api.w.org\/{rel}","templated":true}]}}