{"id":6364,"date":"2024-12-20T13:09:27","date_gmt":"2024-12-20T12:09:27","guid":{"rendered":"https:\/\/www.varietatslocals.org\/?post_type=product&#038;p=6364"},"modified":"2025-12-15T12:44:02","modified_gmt":"2025-12-15T11:44:02","slug":"memory-game","status":"publish","type":"product","link":"https:\/\/varietatslocals.org\/en\/producte\/joc-de-memoria\/","title":{"rendered":"Memory game"},"content":{"rendered":"<p>Due to the success of the local variety toy library, in 2021 we decided to create the <strong>memory game<\/strong> of local varieties. Based on the memory game from the toy library<\/p>\n<p>The memory game edition was carried out by\u00a0<a href=\"http:\/\/www.senya.teresareynes.com\/\" target=\"_blank\" rel=\"noopener\">Senya<\/a>.<\/p>\n<p>The price for members is \u20ac8.<\/p>\n<p>If you are a member and you want to benefit from this, contact us directly via commendes@varietatslocals.org \/ 693 066 858 \/ 623 250 278<\/p>","protected":false},"excerpt":{"rendered":"<p>A causa de l\u2019\u00e8xit que va tenir la ludoteca de varietats locals, l\u2019any 2021 v\u00e0rem decidir crear el joc de mem\u00f2ria de varietats locals. Basat en el joc de mem\u00f2ria de la ludoteca L\u2019edici\u00f3 del joc de mem\u00f2ria el va dur a terme\u00a0Senya. El preu per a socis \u00e9s de 8 \u20ac. Si ets soci\/a [&hellip;]<\/p>\n","protected":false},"featured_media":6365,"template":"","meta":{"_joinchat":[]},"product_brand":[],"product_cat":[42,43],"product_tag":[81],"class_list":{"0":"post-6364","1":"product","2":"type-product","3":"status-publish","4":"has-post-thumbnail","6":"product_cat-llibres","7":"product_cat-lots-de-regal","8":"product_tag-tapaboques","10":"first","11":"instock","12":"taxable","13":"shipping-taxable","14":"purchasable","15":"product-type-simple"},"_links":{"self":[{"href":"https:\/\/varietatslocals.org\/en\/wp-json\/wp\/v2\/product\/6364","targetHints":{"allow":["GET"]}}],"collection":[{"href":"https:\/\/varietatslocals.org\/en\/wp-json\/wp\/v2\/product"}],"about":[{"href":"https:\/\/varietatslocals.org\/en\/wp-json\/wp\/v2\/types\/product"}],"wp:featuredmedia":[{"embeddable":true,"href":"https:\/\/varietatslocals.org\/en\/wp-json\/wp\/v2\/media\/6365"}],"wp:attachment":[{"href":"https:\/\/varietatslocals.org\/en\/wp-json\/wp\/v2\/media?parent=6364"}],"wp:term":[{"taxonomy":"product_brand","embeddable":true,"href":"https:\/\/varietatslocals.org\/en\/wp-json\/wp\/v2\/product_brand?post=6364"},{"taxonomy":"product_cat","embeddable":true,"href":"https:\/\/varietatslocals.org\/en\/wp-json\/wp\/v2\/product_cat?post=6364"},{"taxonomy":"product_tag","embeddable":true,"href":"https:\/\/varietatslocals.org\/en\/wp-json\/wp\/v2\/product_tag?post=6364"}],"curies":[{"name":"wp","href":"https:\/\/api.w.org\/{rel}","templated":true}]}}