{"id":1844,"date":"2024-01-30T14:40:29","date_gmt":"2024-01-30T13:40:29","guid":{"rendered":"https:\/\/enricoriolc13.sg-host.com\/?page_id=1844"},"modified":"2024-01-30T14:51:11","modified_gmt":"2024-01-30T13:51:11","slug":"manual-de-compra","status":"publish","type":"page","link":"https:\/\/varietatslocals.org\/es\/manual-de-compra\/","title":{"rendered":"Manual de compra"},"content":{"rendered":"<div data-elementor-type=\"wp-page\" data-elementor-id=\"1844\" class=\"elementor elementor-1844\" data-elementor-post-type=\"page\">\n\t\t\t\t<div class=\"elementor-element elementor-element-75744d7 e-flex e-con-boxed e-con e-parent\" data-id=\"75744d7\" data-element_type=\"container\" data-e-type=\"container\" data-settings=\"{&quot;background_background&quot;:&quot;classic&quot;}\">\n\t\t\t\t\t<div class=\"e-con-inner\">\n\t\t\t\t<div class=\"elementor-element elementor-element-c2f4b08 elementor-widget elementor-widget-heading\" data-id=\"c2f4b08\" data-element_type=\"widget\" data-e-type=\"widget\" data-widget_type=\"heading.default\">\n\t\t\t\t<div class=\"elementor-widget-container\">\n\t\t\t\t\t<h1 class=\"elementor-heading-title elementor-size-default\">Manual de compra<\/h1>\t\t\t\t<\/div>\n\t\t\t\t<\/div>\n\t\t\t\t\t<\/div>\n\t\t\t\t<\/div>\n\t\t<div class=\"elementor-element elementor-element-9fbfb8b e-flex e-con-boxed e-con e-parent\" data-id=\"9fbfb8b\" data-element_type=\"container\" data-e-type=\"container\" data-settings=\"{&quot;background_background&quot;:&quot;classic&quot;}\">\n\t\t\t\t\t<div class=\"e-con-inner\">\n\t\t<div class=\"elementor-element elementor-element-caaf3c1 e-con-full e-flex e-con e-child\" data-id=\"caaf3c1\" data-element_type=\"container\" data-e-type=\"container\">\n\t\t\t\t<div class=\"elementor-element elementor-element-5a029e1 elementor-widget elementor-widget-text-editor\" data-id=\"5a029e1\" data-element_type=\"widget\" data-e-type=\"widget\" data-widget_type=\"text-editor.default\">\n\t\t\t\t<div class=\"elementor-widget-container\">\n\t\t\t\t\t\t\t\t\t<p><strong><u>Tr\u00e1mites de compra<\/u><\/strong><\/p><p>Para realizar un pedido, deber\u00e1 seguir el procedimiento de compra online y pasar por todos los tr\u00e1mites que se establecen para completar la contrataci\u00f3n electr\u00f3nica.<\/p><p>1r. Debe seleccionar el producto o servicio que desee adquirir o contratar y a\u00f1adirlo a la \u201ccesta de compra\u201d.<\/p><p>2\u00ba. Seleccionar el \u201ccarrito de compra\u201d para comprobar que los productos o servicios que desea contratar han sido seleccionados correctamente.<\/p><p>3\u00ba. Debe introducir sus datos personales, por lo que si se trata de un usuario registrado, s\u00f3lo hace falta que incluya su identificaci\u00f3n y contrase\u00f1a, en caso contrario, deber\u00e1 registrar y facilitar aquellos datos necesarios para que La Asociaci\u00f3n de Variedades Locales pueda tramitar el pedido.<\/p><p>4\u00ba. Seleccionar el m\u00e9todo de env\u00edo.<\/p><p>5\u00ba Seleccionar el m\u00e9todo de pago y en funci\u00f3n del m\u00e9todo seleccionado, suministrar los datos necesarios para efectuar correctamente el pago correspondiente.<\/p><p>6\u00ba. El cliente recibir\u00e1 en pantalla y por correo electr\u00f3nico, en la direcci\u00f3n que haya indicado en el apartado registro, un acuse de recibo con un resumen de la compra realizada, de forma que el cliente pueda archivar dicho acuse de recibo.<\/p><p>\u00a0<\/p><p><strong><u>M\u00e9todo de pago<\/u><\/strong><\/p><p>El pago se realizar\u00e1 a trav\u00e9s del medio seleccionado durante el proceso de compra online. Actualmente la Asociaci\u00f3n de Variedades Locales pone a disposici\u00f3n del cliente los siguientes m\u00e9todos de pago:<br \/><strong><br \/>\u2013 Tarjeta de d\u00e9bito o cr\u00e9dito:<\/strong>\u00a0este pago est\u00e1 sujeto a comprobaciones y autorizaciones por parte de la entidad bancaria emisora de \u00e9stas, que si no autoriza el pago, la Asociaci\u00f3n de Variedades Locales no ser\u00e1 responsable de ning\u00fan retraso o falta de entrega y no podr\u00e1 formalizar ning\u00fan contrato con el usuario.<br \/>Una vez la AVL reciba la orden de compra por parte del usuario a trav\u00e9s de la web, se har\u00e1 una preautorizaci\u00f3n en la tarjeta para asegurar que existen fondos suficientes para completar la transacci\u00f3n. El cargo en la tarjeta se realizar\u00e1 en el momento en que se env\u00ede al usuario la confirmaci\u00f3n de env\u00edo o servicio.<\/p><p><strong>\u2013 Paypal:<\/strong>\u00a0el cargo se realizar\u00e1 en el momento en que la AVL env\u00ede la confirmaci\u00f3n del pedido.<\/p><p><strong>\u2013 Transferencia bancaria:<\/strong>\u00a0a trav\u00e9s de este m\u00e9todo de pago, se realizar\u00e1 una transferencia al n\u00famero de cuenta mostrado al final del proceso de compra. Se debe introducir correctamente el importe exacto del pedido, as\u00ed como el n\u00famero de cuenta y la referencia de la transferencia.<br \/>La preparaci\u00f3n y env\u00edo del pedido se efect\u00faan una vez recibido el comprobante de pago. Los pedidos se reservar\u00e1n durante 10 d\u00edas naturales a partir de la confirmaci\u00f3n del pedido, para dejar el tiempo suficiente para que la transferencia bancaria sea recibida por el sistema de pagos de la AVL. Si despu\u00e9s de 10 d\u00edas no se ha recibido el pago o en caso de error en los datos, deberemos anular el pedido.<\/p><p><strong>-En efectivo:<\/strong>\u00a0si el pedido se realiza sin env\u00edo, \u00e9ste se puede pasar a recoger por la oficina de la AVL (C\/ d&#039;en Sala, 13. Porreres), con la posibilidad de pagar en met\u00e1lico.<\/p><p>\u00a0<\/p><p><strong><u>Entrega o puesta a disposici\u00f3n<\/u><\/strong><\/p><p>Los productos o servicios contratados ser\u00e1n remitidos o puestos a disposici\u00f3n del contratante en la direcci\u00f3n de env\u00edo indicada durante el proceso de contrataci\u00f3n. El plazo de entrega o puesta a disposici\u00f3n indicado durante el proceso de contrataci\u00f3n es orientativo, de modo que, si el contratante desea obtener el producto o servicio contratado en un plazo inferior al indicado podr\u00e1 solicitarlo directamente a la Asociaci\u00f3n de Variedades Locales mediante el env\u00edo de un correo electr\u00f3nico a la siguiente direcci\u00f3n\u00a0<a href=\"mailto:info@varietatslocals.org\">info@varietatslocals.org<\/a>, de forma que se pueda estudiar su solicitud.<\/p><p>Actualmente los plazos de entrega o puesta a disposici\u00f3n establecidos por la Asociaci\u00f3n de Variedades Locales son los siguientes:<\/p><p>Los pedidos se pueden venir a buscar personalmente en nuestra oficina (C\/ d&#039;en Sala, 13. Porreres), previo aviso por tel\u00e9fono (693 066 858 \/ 722 782 536) o correo electr\u00f3nico (<a href=\"mailto:comandes@varietatslocals.org\">comandes@varietatslocals.org<\/a>), para asegurar que estamos y que el paquete est\u00e1 preparado.<\/p><p>El env\u00edo de los pedidos se realiza por correo postal certificado, y se efect\u00faan en los siguientes territorios: Espa\u00f1a (Baleares, Pen\u00ednsula, Canarias, Ceuta y Melilla) y Europa. Para pedidos m\u00e1s all\u00e1 del territorio europeo, contacte directamente con nosotros (<a href=\"mailto:comandes@varietatslocals.org\">comandes@varietatslocals.org<\/a>).<\/p><p>Los pedidos los solemos preparar cada martes, haciendo el env\u00edo de martes a viernes. Normalmente los pedidos tardan entre 1 y 6 d\u00edas laborales en llegar. Asimismo, el plazo m\u00e1ximo de entrega ser\u00e1 de 30 d\u00edas naturales desde su confirmaci\u00f3n. Para cualquier caso en el que no podamos cumplir con la fecha de entrega o haya problemas en el env\u00edo, contactaremos directamente con usted. Correos realiza dos intentos de entrega en el domicilio. Si se nos devuelve el pedido porque nadie lo ha recogido y volvemos a enviar el paquete, los gastos corren a cargo del cliente.<br \/>Si el nombre de la persona solicitante es diferente del nombre y direcci\u00f3n de env\u00edo del paquete o la factura, puedes aclararlo en el apartado \u201cObservaciones\u201d. Si una vez realizado el pago detecta alg\u00fan error, p\u00f3ngase en contacto con nosotros.<\/p><p>\u00a0<\/p><p><strong><u>Tarifas de env\u00edo<\/u><\/strong><\/p><p><strong>Espa\u00f1a (Baleares, Pen\u00ednsula, Canarias, Ceuta y Melilla)<\/strong><\/p><table width=\"366\"><tbody><tr><td width=\"113\"><strong>Peso<\/strong><\/td><td width=\"123\"><strong>Precio total*<\/strong><\/td><\/tr><tr><td width=\"113\">Hasta 20 g<\/td><td width=\"123\">\u00a06,68\u20ac<\/td><\/tr><tr><td width=\"113\">M\u00e1s de 20 a 50 g<\/td><td width=\"123\">6,78 \u20ac<\/td><\/tr><tr><td width=\"113\">M\u00e1s de 50 a 100 g<\/td><td width=\"123\">7,30 \u20ac<\/td><\/tr><tr><td width=\"113\">M\u00e1s de 100 a 500 g<\/td><td width=\"123\">8,70 \u20ac<\/td><\/tr><tr><td width=\"113\">M\u00e1s de 500 a 1.000 g<\/td><td width=\"123\">11,60 \u20ac<\/td><\/tr><tr><td width=\"113\">M\u00e1s de 1 a 2 kg<\/td><td width=\"123\">14,00 \u20ac<\/td><\/tr><tr><td width=\"113\">M\u00e1s de 2 a 5 kg<\/td><td width=\"123\">22,35 \u20ac<\/td><\/tr><tr><td width=\"113\">M\u00e1s de 5 a 10 kg<\/td><td width=\"123\">23,85 \u20ac<\/td><\/tr><tr><td width=\"113\">M\u00e1s de 10 a 15 kg<\/td><td width=\"123\">32,65\u20ac<\/td><\/tr><tr><td width=\"113\">M\u00e1s de 15 a 20 kg<\/td><td width=\"123\">39,15\u20ac<\/td><\/tr><\/tbody><\/table><p>* Los precios pueden variar en funci\u00f3n de aduanas u otros tr\u00e1mites no habituales.<\/p><p>\u00a0<\/p><p><strong>Europa<\/strong><\/p><p>3-6 d\u00edas h\u00e1biles<\/p><table width=\"373\"><tbody><tr><td width=\"113\"><strong>Peso<\/strong><\/td><td width=\"123\"><strong>Precio total<\/strong><\/td><\/tr><tr><td width=\"113\">Hasta 20 g<\/td><td width=\"123\">8,45 \u20ac<\/td><\/tr><tr><td width=\"113\">M\u00e1s de 20 a 50 g<\/td><td width=\"123\">8,75\u20ac<\/td><\/tr><tr><td width=\"113\">M\u00e1s de 50 a 100 g<\/td><td width=\"123\">\u00a09,55 \u20ac<\/td><\/tr><tr><td width=\"113\">M\u00e1s de 100 a 500 g<\/td><td width=\"123\">13,70 \u20ac<\/td><\/tr><tr><td width=\"113\">M\u00e1s de 500 a 1.000 g<\/td><td width=\"123\">20,01 \u20ac<\/td><\/tr><tr><td width=\"113\">M\u00e1s de 1.000 a 2.000 g<\/td><td width=\"123\">28,00 \u20ac<\/td><\/tr><\/tbody><\/table><p>Por pedidos m\u00e1s all\u00e1 del territorio europeo, as\u00ed como por pedidos superiores a 2 kg en territorio europeo, contacte directamente con nosotros (<a href=\"mailto:comandes@varietatslocals.org\">comandes@varietatslocals.org<\/a>).<\/p><p>\u00a0<\/p><p><strong><u>Pol\u00edtica de cambios o devoluciones<\/u><\/strong><\/p><p>Si al recibir el pedido ve claramente que el producto ha sido da\u00f1ado durante el transporte, neg\u00f3os a abrirlo y devu\u00e9lvelo al repartidor. Inf\u00f3rmenos inmediatamente del problema y presentaremos una reclamaci\u00f3n en la oficina de Correos, volviendo a enviar un nuevo paquete.<br \/>Si el pedido recibido no es el que solicitaste, nos lo deber\u00e1 notificar en un plazo m\u00e1ximo de 5 d\u00edas naturales desde su recepci\u00f3n (por tel\u00e9fono (693 066 858 \/ 722 782 536) o correo electr\u00f3nico (<a href=\"mailto:comandes@varietatslocals.org\">comandes@varietatslocals.org<\/a>)). Los gastos de env\u00edo de los productos cambiados o devueltos ir\u00e1n a cuenta del cliente, debiendo enviarse en su embalaje original y en las mismas condiciones que fueron enviados. S\u00f3lo de esta forma podremos reembolsar o sustituir los productos afectados, una vez recibidos estos productos. El reembolso de los gastos de env\u00edo se realizar\u00e1 en funci\u00f3n del motivo del retorno.<\/p><p>\u00a0<\/p><p><strong><u>Contrato<\/u><\/strong><\/p><p>Antes de finalizar la compra el cliente deber\u00e1 leer y aceptar las correspondientes condiciones de contrataci\u00f3n, documento que, como su nombre indica, recoge las condiciones que regulan la relaci\u00f3n entre la Asociaci\u00f3n de Variedades Locales y el cliente.<br \/>Este documento, una vez aceptado, ser\u00e1 remitido por correo electr\u00f3nico al cliente para que \u00e9ste pueda archivar y consultarlo en cualquier momento.<\/p><p>El idioma contemplado en este documento y en cualquier documento de tipo legal o informativo recogido en el sitio web de la Asociaci\u00f3n de Variedades Locales es el catal\u00e1n, en caso de que el usuario quiera acceder a alg\u00fan documento en alg\u00fan otro idioma deber\u00e1 sol licitar a La Asociaci\u00f3n de Variedades Locales a trav\u00e9s de la siguiente direcci\u00f3n de correo electr\u00f3nico:\u00a0<a href=\"mailto:info@varietatslocals.org\">info@varietatslocals.org<\/a>, y en la medida de lo posible se le facilitar\u00e1 su traducci\u00f3n.<\/p>\t\t\t\t\t\t\t\t<\/div>\n\t\t\t\t<\/div>\n\t\t\t\t<\/div>\n\t\t\t\t\t<\/div>\n\t\t\t\t<\/div>\n\t\t\t\t<\/div>","protected":false},"excerpt":{"rendered":"<p>Tr\u00e0mits de compra Per a realitzar una comanda, haur\u00e0 de seguir el procediment de compra en l\u00ednia i passar per tots els tr\u00e0mits que s\u2019estableixen per completar la contractaci\u00f3 electr\u00f2nica. 1r. Heu de seleccionar el producte o servei que desitgi adquirir o contractar i afegir-lo a la \u201ccistella de compra\u201d. 2n. Seleccionar el \u201ccarret de [&hellip;]<\/p>\n","protected":false},"author":1,"featured_media":0,"parent":0,"menu_order":0,"comment_status":"closed","ping_status":"closed","template":"","meta":{"_joinchat":[],"footnotes":""},"class_list":["post-1844","page","type-page","status-publish","hentry"],"_links":{"self":[{"href":"https:\/\/varietatslocals.org\/es\/wp-json\/wp\/v2\/pages\/1844","targetHints":{"allow":["GET"]}}],"collection":[{"href":"https:\/\/varietatslocals.org\/es\/wp-json\/wp\/v2\/pages"}],"about":[{"href":"https:\/\/varietatslocals.org\/es\/wp-json\/wp\/v2\/types\/page"}],"author":[{"embeddable":true,"href":"https:\/\/varietatslocals.org\/es\/wp-json\/wp\/v2\/users\/1"}],"replies":[{"embeddable":true,"href":"https:\/\/varietatslocals.org\/es\/wp-json\/wp\/v2\/comments?post=1844"}],"version-history":[{"count":0,"href":"https:\/\/varietatslocals.org\/es\/wp-json\/wp\/v2\/pages\/1844\/revisions"}],"wp:attachment":[{"href":"https:\/\/varietatslocals.org\/es\/wp-json\/wp\/v2\/media?parent=1844"}],"curies":[{"name":"wp","href":"https:\/\/api.w.org\/{rel}","templated":true}]}}