{"id":1850,"date":"2024-01-30T14:48:11","date_gmt":"2024-01-30T13:48:11","guid":{"rendered":"https:\/\/enricoriolc13.sg-host.com\/?page_id=1850"},"modified":"2024-05-29T11:28:24","modified_gmt":"2024-05-29T09:28:24","slug":"aviso-legal","status":"publish","type":"page","link":"https:\/\/varietatslocals.org\/es\/avis-legal\/","title":{"rendered":"Aviso legal"},"content":{"rendered":"<div data-elementor-type=\"wp-page\" data-elementor-id=\"1850\" class=\"elementor elementor-1850\" data-elementor-post-type=\"page\">\n\t\t\t\t<div class=\"elementor-element elementor-element-4a73df0 e-flex e-con-boxed e-con e-parent\" data-id=\"4a73df0\" data-element_type=\"container\" data-e-type=\"container\" data-settings=\"{&quot;background_background&quot;:&quot;classic&quot;}\">\n\t\t\t\t\t<div class=\"e-con-inner\">\n\t\t\t\t<div class=\"elementor-element elementor-element-9ec00cb elementor-widget elementor-widget-heading\" data-id=\"9ec00cb\" data-element_type=\"widget\" data-e-type=\"widget\" data-widget_type=\"heading.default\">\n\t\t\t\t<div class=\"elementor-widget-container\">\n\t\t\t\t\t<h1 class=\"elementor-heading-title elementor-size-default\">Aviso legal<\/h1>\t\t\t\t<\/div>\n\t\t\t\t<\/div>\n\t\t\t\t\t<\/div>\n\t\t\t\t<\/div>\n\t\t<div class=\"elementor-element elementor-element-19da605 e-flex e-con-boxed e-con e-parent\" data-id=\"19da605\" data-element_type=\"container\" data-e-type=\"container\" data-settings=\"{&quot;background_background&quot;:&quot;classic&quot;}\">\n\t\t\t\t\t<div class=\"e-con-inner\">\n\t\t<div class=\"elementor-element elementor-element-3a5f308 e-con-full e-flex e-con e-child\" data-id=\"3a5f308\" data-element_type=\"container\" data-e-type=\"container\">\n\t\t\t\t<div class=\"elementor-element elementor-element-8e076d5 elementor-widget elementor-widget-text-editor\" data-id=\"8e076d5\" data-element_type=\"widget\" data-e-type=\"widget\" data-widget_type=\"text-editor.default\">\n\t\t\t\t<div class=\"elementor-widget-container\">\n\t\t\t\t\t\t\t\t\t<p><strong>Informaci\u00f3n General<\/strong><\/p>\n<p>El titular del sitio web&nbsp;<a href=\"https:\/\/varietatslocals.org\/es\/\">https:\/\/www.varietatslocals.org\/<\/a>&nbsp;es La Asociaci\u00f3n de Variedades Locales, con NIF G57272122 y con domicilio en la calle Santa Creu, 31, 07260, Porreres, Illes Balears.<\/p>\n<p>La entidad se encuentra inscrita en el Registro Mercantil con los siguientes datos de inscripci\u00f3n: n\u00fam. Registro: 311000004967 con fecha 19\/12\/2003 en la secci\u00f3n 1.<\/p>\n<p>Con \u00e1nimo de que el uso del sitio web se ajuste a criterios de transparencia, claridad y sencillez, La Asociaci\u00f3n de Variedades Locales informa al usuario de que cualquier sugerencia, duda o consulta sobre el presente Aviso Legal o cualquier otro documento informativo del sitio web ser\u00e1 recibida y solucionada contactando con La Asociaci\u00f3n de Variedades Locales, a trav\u00e9s de la direcci\u00f3n de correo electr\u00f3nico:&nbsp;<a href=\"mailto:info@varietatslocals.org\">info@varietatslocals.org<\/a><\/p>\n<p><strong>Propiedad Intelectual<\/strong><\/p>\n<p>Todos los contenidos que se muestran en el presente sitio web, y en especial dise\u00f1os, textos, im\u00e1genes, logotipos, iconos, nombres comerciales, marcas o cualquier otra informaci\u00f3n susceptible de uso industrial y\/o comercial, est\u00e1n protegidos por los correspondientes derechos de autor , no permiti\u00e9ndose su reproducci\u00f3n, transmisi\u00f3n o registro de informaci\u00f3n salvo la autorizaci\u00f3n previa del titular, La Asociaci\u00f3n de Variedades Locales. Asimismo, el usuario podr\u00e1 utilizar informaci\u00f3n facilitada para gestionar su encargo y los datos de contacto correspondientes.<\/p>\n<p><strong>Enlaces<\/strong><\/p>\n<p>La Asociaci\u00f3n de Variedades Locales no asume ninguna responsabilidad sobre los enlaces hacia otros sitios web o p\u00e1ginas web que, en su caso, pudieran incluirse en el mismo, ya que no tiene ning\u00fan tipo de control sobre \u00e9stos, por lo que el usuario accede al contenido y condiciones de uso que rijan en ellos exclusivamente bajo su responsabilidad.<\/p>\n<p><strong>Redes sociales (web)<\/strong><\/p>\n<p>La Asociaci\u00f3n de Variedades Locales es la Responsable del Tratamiento de la informaci\u00f3n que se trate a trav\u00e9s de su perfil en la presente red social, le invitamos a conocer nuestra Pol\u00edtica de Privacidad que podr\u00e1 consultar en https:\/\/www.varietatslocals.org .<\/p>\n<p><strong>Formulario de contacto (web)<\/strong><\/p>\n<p>Los datos personales facilitados voluntariamente por usted, a trav\u00e9s del presente formulario web ser\u00e1n tratados por La Asociaci\u00f3n de Variedades Locales como responsable del tratamiento, con el fin de atender su solicitud, consulta, queja o sugerencia, sin que se produzca comunicaci\u00f3n o cesi\u00f3n de datos y conservados durante los plazos necesarios para atender a las solicitudes. Usted puede ejercer los derechos de acceso, rectificaci\u00f3n o supresi\u00f3n de sus datos, dirigi\u00e9ndose a&nbsp;<a href=\"mailto:info@varietatslocals.org\">info@varietatslocals.org<\/a>, para m\u00e1s informaci\u00f3n al respecto, puede consultar nuestra Pol\u00edtica de Privacidad en&nbsp;<a href=\"https:\/\/varietatslocals.org\/es\/\">https:\/\/www.varietatslocals.org<\/a>.<\/p>\t\t\t\t\t\t\t\t<\/div>\n\t\t\t\t<\/div>\n\t\t\t\t<\/div>\n\t\t\t\t\t<\/div>\n\t\t\t\t<\/div>\n\t\t\t\t<\/div>","protected":false},"excerpt":{"rendered":"<p>Informaci\u00f3 General El titular del lloc web&nbsp;https:\/\/www.varietatslocals.org\/&nbsp;\u00e9s L\u2019Associaci\u00f3 de Varietats Locals, amb NIF G57272122 i amb domicili al carrer de la Santa Creu, 31, 07260, Porreres, Illes Balears. L\u2019entitat es troba inscrita al Registre Mercantil amb les seg\u00fcents dades d\u2019inscripci\u00f3: n\u00fam. Registre: 311000004967 amb data 19\/12\/2003 a la secci\u00f3 1. Amb \u00e0nim de qu\u00e8 l\u2019\u00fas [&hellip;]<\/p>\n","protected":false},"author":1,"featured_media":0,"parent":0,"menu_order":0,"comment_status":"closed","ping_status":"closed","template":"","meta":{"_joinchat":[],"footnotes":""},"class_list":["post-1850","page","type-page","status-publish","hentry"],"_links":{"self":[{"href":"https:\/\/varietatslocals.org\/es\/wp-json\/wp\/v2\/pages\/1850","targetHints":{"allow":["GET"]}}],"collection":[{"href":"https:\/\/varietatslocals.org\/es\/wp-json\/wp\/v2\/pages"}],"about":[{"href":"https:\/\/varietatslocals.org\/es\/wp-json\/wp\/v2\/types\/page"}],"author":[{"embeddable":true,"href":"https:\/\/varietatslocals.org\/es\/wp-json\/wp\/v2\/users\/1"}],"replies":[{"embeddable":true,"href":"https:\/\/varietatslocals.org\/es\/wp-json\/wp\/v2\/comments?post=1850"}],"version-history":[{"count":0,"href":"https:\/\/varietatslocals.org\/es\/wp-json\/wp\/v2\/pages\/1850\/revisions"}],"wp:attachment":[{"href":"https:\/\/varietatslocals.org\/es\/wp-json\/wp\/v2\/media?parent=1850"}],"curies":[{"name":"wp","href":"https:\/\/api.w.org\/{rel}","templated":true}]}}