{"id":5789,"date":"2024-10-17T17:16:45","date_gmt":"2024-10-17T15:16:45","guid":{"rendered":"https:\/\/www.varietatslocals.org\/?page_id=5789"},"modified":"2024-10-17T17:18:44","modified_gmt":"2024-10-17T15:18:44","slug":"gracias-por-tu-aportacion","status":"publish","type":"page","link":"https:\/\/varietatslocals.org\/es\/gracies-per-la-teva-aportacio\/","title":{"rendered":"\u00a1Gracias por tu aportaci\u00f3n!"},"content":{"rendered":"<div data-elementor-type=\"wp-page\" data-elementor-id=\"5789\" class=\"elementor elementor-5789\" data-elementor-post-type=\"page\">\n\t\t\t\t<div class=\"elementor-element elementor-element-808f9d6 e-flex e-con-boxed e-con e-parent\" data-id=\"808f9d6\" data-element_type=\"container\" data-e-type=\"container\" data-settings=\"{&quot;background_background&quot;:&quot;classic&quot;}\">\n\t\t\t\t\t<div class=\"e-con-inner\">\n\t\t\t\t<div class=\"elementor-element elementor-element-5453614 elementor-widget elementor-widget-heading\" data-id=\"5453614\" data-element_type=\"widget\" data-e-type=\"widget\" data-widget_type=\"heading.default\">\n\t\t\t\t<div class=\"elementor-widget-container\">\n\t\t\t\t\t<h1 class=\"elementor-heading-title elementor-size-default\">\u00a1Gracias por tu aportaci\u00f3n!<\/h1>\t\t\t\t<\/div>\n\t\t\t\t<\/div>\n\t\t\t\t\t<\/div>\n\t\t\t\t<\/div>\n\t\t<div class=\"elementor-element elementor-element-57bcf1e e-flex e-con-boxed e-con e-parent\" data-id=\"57bcf1e\" data-element_type=\"container\" data-e-type=\"container\" data-settings=\"{&quot;background_background&quot;:&quot;classic&quot;}\">\n\t\t\t\t\t<div class=\"e-con-inner\">\n\t\t<div class=\"elementor-element elementor-element-160cbf6 e-con-full e-flex e-con e-child\" data-id=\"160cbf6\" data-element_type=\"container\" data-e-type=\"container\">\n\t\t\t\t<div class=\"elementor-element elementor-element-4117300 elementor-widget elementor-widget-text-editor\" data-id=\"4117300\" data-element_type=\"widget\" data-e-type=\"widget\" data-widget_type=\"text-editor.default\">\n\t\t\t\t<div class=\"elementor-widget-container\">\n\t\t\t\t\t\t\t\t\t<p>Estamos muy agradecidos por tu apoyo e implicaci\u00f3n en la defensa y promoci\u00f3n de las Variedades Locales.<\/p><p>Gracias a personas como t\u00fa, podemos seguir preservando, cultivando y difundiendo la diversidad agr\u00edcola que tanto nos enriquece y ayuda a mantener vivas nuestras tradiciones.<\/p><p>Tu compromiso nos permite:<\/p><ul><li>Conservar las variedades locales que han sido transmitidas de generaci\u00f3n en generaci\u00f3n.<\/li><li>Promover una agricultura sostenible y respetuosa con el medio ambiente.<\/li><li>Fomentar la comunidad local y la econom\u00eda circular.<\/li><\/ul>\t\t\t\t\t\t\t\t<\/div>\n\t\t\t\t<\/div>\n\t\t\t\t<div class=\"elementor-element elementor-element-0061e24 elementor-widget elementor-widget-text-editor\" data-id=\"0061e24\" data-element_type=\"widget\" data-e-type=\"widget\" data-widget_type=\"text-editor.default\">\n\t\t\t\t<div class=\"elementor-widget-container\">\n\t\t\t\t\t\t\t\t\t<p>\u00bfQu\u00e9 puedes hacer ahora?<\/p><ul><li>Comparte nuestra misi\u00f3n con tu comunidad.<\/li><li>S\u00edguenos en las redes sociales para estar al d\u00eda de nuestras actividades y proyectos.<\/li><li>Participa en nuestras jornadas de formaci\u00f3n y eventos locales.<\/li><\/ul>\t\t\t\t\t\t\t\t<\/div>\n\t\t\t\t<\/div>\n\t\t\t\t<div class=\"elementor-element elementor-element-74337e0 elementor-widget elementor-widget-text-editor\" data-id=\"74337e0\" data-element_type=\"widget\" data-e-type=\"widget\" data-widget_type=\"text-editor.default\">\n\t\t\t\t<div class=\"elementor-widget-container\">\n\t\t\t\t\t\t\t\t\t<p>Si tienes cualquier pregunta o quieres implicarte a\u00fan m\u00e1s en nuestras acciones, no dudes en <a href=\"\/es\/contacta\/\" target=\"_blank\" rel=\"noopener\">contactarnos<\/a>.<\/p>\n<p>\u00a1Gracias de nuevo por hacer posible nuestra tarea!<\/p>\n<p>Con gratitud,<br>El equipo de la Asociaci\u00f3n de Variedades Locales<\/p>\t\t\t\t\t\t\t\t<\/div>\n\t\t\t\t<\/div>\n\t\t\t\t<\/div>\n\t\t\t\t\t<\/div>\n\t\t\t\t<\/div>\n\t\t\t\t<\/div>","protected":false},"excerpt":{"rendered":"<p>Gr\u00e0cies per la teva aportaci\u00f3! Estem molt agra\u00efts pel teu suport i la teva implicaci\u00f3 en la defensa i promoci\u00f3 de les Varietats Locals. Gr\u00e0cies a persones com tu, podem continuar preservant, cultivant i difonent la diversitat agr\u00edcola que tant ens enriqueix i ens ajuda a mantenir vives les nostres tradicions. El teu comprom\u00eds ens [&hellip;]<\/p>\n","protected":false},"author":1,"featured_media":0,"parent":0,"menu_order":0,"comment_status":"closed","ping_status":"closed","template":"","meta":{"_joinchat":[],"footnotes":""},"class_list":["post-5789","page","type-page","status-publish","hentry"],"_links":{"self":[{"href":"https:\/\/varietatslocals.org\/es\/wp-json\/wp\/v2\/pages\/5789","targetHints":{"allow":["GET"]}}],"collection":[{"href":"https:\/\/varietatslocals.org\/es\/wp-json\/wp\/v2\/pages"}],"about":[{"href":"https:\/\/varietatslocals.org\/es\/wp-json\/wp\/v2\/types\/page"}],"author":[{"embeddable":true,"href":"https:\/\/varietatslocals.org\/es\/wp-json\/wp\/v2\/users\/1"}],"replies":[{"embeddable":true,"href":"https:\/\/varietatslocals.org\/es\/wp-json\/wp\/v2\/comments?post=5789"}],"version-history":[{"count":0,"href":"https:\/\/varietatslocals.org\/es\/wp-json\/wp\/v2\/pages\/5789\/revisions"}],"wp:attachment":[{"href":"https:\/\/varietatslocals.org\/es\/wp-json\/wp\/v2\/media?parent=5789"}],"curies":[{"name":"wp","href":"https:\/\/api.w.org\/{rel}","templated":true}]}}