{"id":694,"date":"2024-01-15T11:06:01","date_gmt":"2024-01-15T10:06:01","guid":{"rendered":"https:\/\/enricoriolc13.sg-host.com\/?page_id=694"},"modified":"2024-05-02T11:31:15","modified_gmt":"2024-05-02T09:31:15","slug":"adv-variedades-locales","status":"publish","type":"page","link":"https:\/\/varietatslocals.org\/es\/adv-varietats-locals\/","title":{"rendered":"ADV Variedades Locales"},"content":{"rendered":"<div data-elementor-type=\"wp-page\" data-elementor-id=\"694\" class=\"elementor elementor-694\" data-elementor-post-type=\"page\">\n\t\t\t\t<div class=\"elementor-element elementor-element-9d5a8a1 e-flex e-con-boxed e-con e-parent\" data-id=\"9d5a8a1\" data-element_type=\"container\" data-e-type=\"container\" data-settings=\"{&quot;background_background&quot;:&quot;classic&quot;}\">\n\t\t\t\t\t<div class=\"e-con-inner\">\n\t\t\t\t<div class=\"elementor-element elementor-element-cff37bf elementor-widget elementor-widget-heading\" data-id=\"cff37bf\" data-element_type=\"widget\" data-e-type=\"widget\" data-widget_type=\"heading.default\">\n\t\t\t\t<div class=\"elementor-widget-container\">\n\t\t\t\t\t<h1 class=\"elementor-heading-title elementor-size-default\">ADV Variedades Locales<\/h1>\t\t\t\t<\/div>\n\t\t\t\t<\/div>\n\t\t\t\t\t<\/div>\n\t\t\t\t<\/div>\n\t\t<div class=\"elementor-element elementor-element-b4f9aa6 e-flex e-con-boxed e-con e-parent\" data-id=\"b4f9aa6\" data-element_type=\"container\" data-e-type=\"container\" data-settings=\"{&quot;background_background&quot;:&quot;classic&quot;}\">\n\t\t\t\t\t<div class=\"e-con-inner\">\n\t\t<div class=\"elementor-element elementor-element-e16e5fd e-con-full e-flex e-con e-child\" data-id=\"e16e5fd\" data-element_type=\"container\" data-e-type=\"container\">\n\t\t\t\t<div class=\"elementor-element elementor-element-70e678e elementor-widget elementor-widget-heading\" data-id=\"70e678e\" data-element_type=\"widget\" data-e-type=\"widget\" data-widget_type=\"heading.default\">\n\t\t\t\t<div class=\"elementor-widget-container\">\n\t\t\t\t\t<h2 class=\"elementor-heading-title elementor-size-default\">La Agrupaci\u00f3n de Defensa Vegetal \u201cADV Variedades Locales\u201d<\/h2>\t\t\t\t<\/div>\n\t\t\t\t<\/div>\n\t\t\t\t<div class=\"elementor-element elementor-element-c236a46 elementor-widget elementor-widget-text-editor\" data-id=\"c236a46\" data-element_type=\"widget\" data-e-type=\"widget\" data-widget_type=\"text-editor.default\">\n\t\t\t\t<div class=\"elementor-widget-container\">\n\t\t\t\t\t\t\t\t\t<p>En 2023 pusimos en marcha la ADV Variedades Locales, que cuenta con una persona como t\u00e9cnica en asesoramiento de plagas y enfermedades. Actualmente \u00e9sta cuenta con 16 socios y socias con un total de unas 261 ha, de las cuales m\u00e1s del 90% son ecol\u00f3gicas.<\/p>\n<div>&nbsp;<span style=\"text-align: var(--text-align); color: var( --e-global-color-text );\">El prop\u00f3sito de nuestra ADV es ofrecer asesoramiento para proteger los cultivos de nuestros socios multiplicadores de semilla ecol\u00f3gica y de variedades locales de la forma m\u00e1s respetuosa posible con el medio ambiente, y colaborar con la Administraci\u00f3n para luchar de manera co lectiva contra agentes nocivos de los vegetales.<\/span><\/div>\t\t\t\t\t\t\t\t<\/div>\n\t\t\t\t<\/div>\n\t\t\t\t<\/div>\n\t\t<div class=\"elementor-element elementor-element-5c4df5c e-con-full e-flex e-con e-child\" data-id=\"5c4df5c\" data-element_type=\"container\" data-e-type=\"container\">\n\t\t\t\t<div class=\"elementor-element elementor-element-e6e9be5 elementor-widget elementor-widget-image\" data-id=\"e6e9be5\" data-element_type=\"widget\" data-e-type=\"widget\" data-widget_type=\"image.default\">\n\t\t\t\t<div class=\"elementor-widget-container\">\n\t\t\t\t\t\t\t\t\t\t\t\t\t\t\t<img fetchpriority=\"high\" decoding=\"async\" width=\"500\" height=\"500\" src=\"https:\/\/varietatslocals.org\/wp-content\/uploads\/2024\/03\/Disseny-sense-titol-2024-03-05T200337.310.jpg\" class=\"attachment-medium size-medium wp-image-4319\" alt=\"ADV Variedades Locales\" srcset=\"https:\/\/varietatslocals.org\/wp-content\/uploads\/2024\/03\/Disseny-sense-titol-2024-03-05T200337.310.jpg 500w, https:\/\/varietatslocals.org\/wp-content\/uploads\/2024\/03\/Disseny-sense-titol-2024-03-05T200337.310-300x300.jpg 300w, https:\/\/varietatslocals.org\/wp-content\/uploads\/2024\/03\/Disseny-sense-titol-2024-03-05T200337.310-100x100.jpg 100w\" sizes=\"(max-width: 500px) 100vw, 500px\" title=\"\">\t\t\t\t\t\t\t\t\t\t\t\t\t\t\t<\/div>\n\t\t\t\t<\/div>\n\t\t\t\t<\/div>\n\t\t\t\t\t<\/div>\n\t\t\t\t<\/div>\n\t\t<div class=\"elementor-element elementor-element-eaa8ad0 e-flex e-con-boxed e-con e-parent\" data-id=\"eaa8ad0\" data-element_type=\"container\" data-e-type=\"container\" data-settings=\"{&quot;background_background&quot;:&quot;classic&quot;}\">\n\t\t\t\t\t<div class=\"e-con-inner\">\n\t\t<div class=\"elementor-element elementor-element-11c210d e-con-full e-flex e-con e-child\" data-id=\"11c210d\" data-element_type=\"container\" data-e-type=\"container\">\n\t\t\t\t<div class=\"elementor-element elementor-element-18affc6 elementor-widget elementor-widget-text-editor\" data-id=\"18affc6\" data-element_type=\"widget\" data-e-type=\"widget\" data-widget_type=\"text-editor.default\">\n\t\t\t\t<div class=\"elementor-widget-container\">\n\t\t\t\t\t\t\t\t\t<p>La ADV Variedades Locales se centra en cultivos hort\u00edcolas, legumbres y cereales. Adem\u00e1s, tambi\u00e9n se llevan a cabo algunos ensayos y prospecciones de plagas de cuarentena en las fincas de los socios y socias de esta ADV.<\/p>\t\t\t\t\t\t\t\t<\/div>\n\t\t\t\t<\/div>\n\t\t\t\t<\/div>\n\t\t\t\t\t<\/div>\n\t\t\t\t<\/div>\n\t\t<div class=\"elementor-element elementor-element-dd08426 e-flex e-con-boxed e-con e-parent\" data-id=\"dd08426\" data-element_type=\"container\" data-e-type=\"container\">\n\t\t\t\t\t<div class=\"e-con-inner\">\n\t\t<div class=\"elementor-element elementor-element-54fa89d e-flex e-con-boxed e-con e-child\" data-id=\"54fa89d\" data-element_type=\"container\" data-e-type=\"container\">\n\t\t\t\t\t<div class=\"e-con-inner\">\n\t\t\t\t<div class=\"elementor-element elementor-element-945070b elementor-widget elementor-widget-image\" data-id=\"945070b\" data-element_type=\"widget\" data-e-type=\"widget\" data-widget_type=\"image.default\">\n\t\t\t\t<div class=\"elementor-widget-container\">\n\t\t\t\t\t\t\t\t\t\t\t\t\t\t\t<img decoding=\"async\" width=\"700\" height=\"300\" src=\"https:\/\/varietatslocals.org\/wp-content\/uploads\/2024\/03\/Disseny-sense-titol-2024-03-05T201634.002.jpg\" class=\"attachment-large size-large wp-image-4321\" alt=\"ADV Variedades Locales\" srcset=\"https:\/\/varietatslocals.org\/wp-content\/uploads\/2024\/03\/Disseny-sense-titol-2024-03-05T201634.002.jpg 700w, https:\/\/varietatslocals.org\/wp-content\/uploads\/2024\/03\/Disseny-sense-titol-2024-03-05T201634.002-600x257.jpg 600w\" sizes=\"(max-width: 700px) 100vw, 700px\" title=\"\">\t\t\t\t\t\t\t\t\t\t\t\t\t\t\t<\/div>\n\t\t\t\t<\/div>\n\t\t\t\t\t<\/div>\n\t\t\t\t<\/div>\n\t\t\t\t\t<\/div>\n\t\t\t\t<\/div>\n\t\t<div class=\"elementor-element elementor-element-3908283 e-flex e-con-boxed e-con e-parent\" data-id=\"3908283\" data-element_type=\"container\" data-e-type=\"container\" data-settings=\"{&quot;background_background&quot;:&quot;classic&quot;}\">\n\t\t\t\t\t<div class=\"e-con-inner\">\n\t\t\t\t<div class=\"elementor-element elementor-element-b1fa4d3 elementor-widget elementor-widget-heading\" data-id=\"b1fa4d3\" data-element_type=\"widget\" data-e-type=\"widget\" data-widget_type=\"heading.default\">\n\t\t\t\t<div class=\"elementor-widget-container\">\n\t\t\t\t\t<h2 class=\"elementor-heading-title elementor-size-default\">Para m\u00e1s informaci\u00f3n<\/h2>\t\t\t\t<\/div>\n\t\t\t\t<\/div>\n\t\t\t\t<div class=\"elementor-element elementor-element-76fd28e elementor-widget elementor-widget-text-editor\" data-id=\"76fd28e\" data-element_type=\"widget\" data-e-type=\"widget\" data-widget_type=\"text-editor.default\">\n\t\t\t\t<div class=\"elementor-widget-container\">\n\t\t\t\t\t\t\t\t\t<p style=\"text-align: center;\"><span style=\"color: #ffffff;\">Puede enviar un correo a <b>adv@varietatslocals.org<\/b>, o un mensaje o llamar al <b>623250278<\/b><\/span><\/p>\t\t\t\t\t\t\t\t<\/div>\n\t\t\t\t<\/div>\n\t\t\t\t\t<\/div>\n\t\t\t\t<\/div>\n\t\t\t\t<\/div>","protected":false},"excerpt":{"rendered":"<p>L&#8217;Agrupaci\u00f3 de Defensa Vegetal \u201cADV Varietats Locals\u201d L\u2019any 2023 v\u00e0rem posar en marxa l\u2019ADV Varietats Locals, que compta amb una persona com a t\u00e8cnica en assessorament de plagues i malalties. Actualment aquesta compta amb 16 socis i s\u00f2cies amb un total d&#8217;unes 261 ha, de les quals m\u00e9s del 90% s\u00f3n ecol\u00f2giques. &nbsp;El prop\u00f2sit de [&hellip;]<\/p>\n","protected":false},"author":1,"featured_media":0,"parent":0,"menu_order":0,"comment_status":"closed","ping_status":"closed","template":"","meta":{"_joinchat":[],"footnotes":""},"class_list":["post-694","page","type-page","status-publish","hentry"],"_links":{"self":[{"href":"https:\/\/varietatslocals.org\/es\/wp-json\/wp\/v2\/pages\/694","targetHints":{"allow":["GET"]}}],"collection":[{"href":"https:\/\/varietatslocals.org\/es\/wp-json\/wp\/v2\/pages"}],"about":[{"href":"https:\/\/varietatslocals.org\/es\/wp-json\/wp\/v2\/types\/page"}],"author":[{"embeddable":true,"href":"https:\/\/varietatslocals.org\/es\/wp-json\/wp\/v2\/users\/1"}],"replies":[{"embeddable":true,"href":"https:\/\/varietatslocals.org\/es\/wp-json\/wp\/v2\/comments?post=694"}],"version-history":[{"count":0,"href":"https:\/\/varietatslocals.org\/es\/wp-json\/wp\/v2\/pages\/694\/revisions"}],"wp:attachment":[{"href":"https:\/\/varietatslocals.org\/es\/wp-json\/wp\/v2\/media?parent=694"}],"curies":[{"name":"wp","href":"https:\/\/api.w.org\/{rel}","templated":true}]}}