{"id":849,"date":"2024-01-28T13:06:57","date_gmt":"2024-01-28T12:06:57","guid":{"rendered":"https:\/\/enricoriolc13.sg-host.com\/?page_id=849"},"modified":"2026-03-31T15:29:36","modified_gmt":"2026-03-31T13:29:36","slug":"socios","status":"publish","type":"page","link":"https:\/\/varietatslocals.org\/es\/socis\/","title":{"rendered":"Socios"},"content":{"rendered":"<div data-elementor-type=\"wp-page\" data-elementor-id=\"849\" class=\"elementor elementor-849\" data-elementor-post-type=\"page\">\n\t\t\t\t<div class=\"elementor-element elementor-element-f54b233 e-flex e-con-boxed e-con e-parent\" data-id=\"f54b233\" data-element_type=\"container\" data-e-type=\"container\" data-settings=\"{&quot;background_background&quot;:&quot;classic&quot;}\">\n\t\t\t\t\t<div class=\"e-con-inner\">\n\t\t\t\t<div class=\"elementor-element elementor-element-b21d5dd elementor-widget elementor-widget-heading\" data-id=\"b21d5dd\" data-element_type=\"widget\" data-e-type=\"widget\" data-widget_type=\"heading.default\">\n\t\t\t\t<div class=\"elementor-widget-container\">\n\t\t\t\t\t<h1 class=\"elementor-heading-title elementor-size-default\">Hazte socio o socia<\/h1>\t\t\t\t<\/div>\n\t\t\t\t<\/div>\n\t\t\t\t\t<\/div>\n\t\t\t\t<\/div>\n\t\t<div class=\"elementor-element elementor-element-535db91 e-flex e-con-boxed e-con e-parent\" data-id=\"535db91\" data-element_type=\"container\" data-e-type=\"container\" data-settings=\"{&quot;background_background&quot;:&quot;classic&quot;}\">\n\t\t\t\t\t<div class=\"e-con-inner\">\n\t\t<div class=\"elementor-element elementor-element-40934cf e-con-full e-flex e-con e-child\" data-id=\"40934cf\" data-element_type=\"container\" data-e-type=\"container\">\n\t\t\t\t<div class=\"elementor-element elementor-element-5bbf709 elementor-widget elementor-widget-text-editor\" data-id=\"5bbf709\" data-element_type=\"widget\" data-e-type=\"widget\" data-widget_type=\"text-editor.default\">\n\t\t\t\t<div class=\"elementor-widget-container\">\n\t\t\t\t\t\t\t\t\t<div class=\"wpb_text_column wpb_content_element p18px\">\n<div class=\"wpb_wrapper\">\n<p>Asociarse a la AVL es una forma de participaci\u00f3n que ayuda a la entidad econ\u00f3micamente y supone un gran apoyo social a la hora de mantener la actividad. El coste actual es de 60 euros\/a\u00f1o.<\/p>\n<\/div>\n<\/div>\t\t\t\t\t\t\t\t<\/div>\n\t\t\t\t<\/div>\n\t\t\t\t<div class=\"elementor-element elementor-element-bf1a089 elementor-widget elementor-widget-button\" data-id=\"bf1a089\" data-element_type=\"widget\" data-e-type=\"widget\" data-widget_type=\"button.default\">\n\t\t\t\t<div class=\"elementor-widget-container\">\n\t\t\t\t\t\t\t\t\t<div class=\"elementor-button-wrapper\">\n\t\t\t\t\t<a class=\"elementor-button elementor-button-link elementor-size-sm\" href=\"https:\/\/varietatslocals.org\/es\/nueva-solicitud-de-socio-en\/\">\n\t\t\t\t\t\t<span class=\"elementor-button-content-wrapper\">\n\t\t\t\t\t\t\t\t\t<span class=\"elementor-button-text\">Hazte socio<\/span>\n\t\t\t\t\t<\/span>\n\t\t\t\t\t<\/a>\n\t\t\t\t<\/div>\n\t\t\t\t\t\t\t\t<\/div>\n\t\t\t\t<\/div>\n\t\t\t\t<div class=\"elementor-element elementor-element-3bdb949 elementor-widget elementor-widget-heading\" data-id=\"3bdb949\" data-element_type=\"widget\" data-e-type=\"widget\" data-widget_type=\"heading.default\">\n\t\t\t\t<div class=\"elementor-widget-container\">\n\t\t\t\t\t<h2 class=\"elementor-heading-title elementor-size-default\">Los socios y socias de la AVL pueden<\/h2>\t\t\t\t<\/div>\n\t\t\t\t<\/div>\n\t\t\t\t<div class=\"elementor-element elementor-element-6b7a4c2 elementor-widget elementor-widget-text-editor\" data-id=\"6b7a4c2\" data-element_type=\"widget\" data-e-type=\"widget\" data-widget_type=\"text-editor.default\">\n\t\t\t\t<div class=\"elementor-widget-container\">\n\t\t\t\t\t\t\t\t\t<ul><li>Participar en las asambleas generales y decisiones de la entidad.<\/li><li>Formar parte de la junta directiva.<\/li><li>Disfrutar del precio de socio en la adquisici\u00f3n de material vegetal al por mayor.<\/li><li>Disfrutar del precio de socio en la inscripci\u00f3n a cursos, jornadas y talleres.<\/li><li>Recibir antes la informaci\u00f3n sobre cursos, jornadas y talleres, pudiendo inscribirte antes.<\/li><li>Disfrutar de la posibilidad de viajes para conocer experiencias en la pen\u00ednsula y en el extranjero.<\/li><li>Disfrutar de la facilitaci\u00f3n de material vegetal de variedades locales (mudas, semillas,\u2026).<\/li><li>Preferencia en la adquisici\u00f3n de encinas de bellota dulce.<\/li><li>Adquirir plantel ecol\u00f3gico de variedades locales de invierno y verano.<\/li><li>Participar en los proyectos de la asociaci\u00f3n.<\/li><li>Disfrutar de descuentos en la compra de material vegetal en la siguiente lista de viveros:<ul><li>\u00c1ngeles D\u00edaz Moreno (Son Ferriol) 5% en plantel de variedades locales.<\/li><li>Asociaci\u00f3n de Variedades Locales (Porreres) 5% en semilla a granel.<\/li><li>Plantels y Ornamentales Nicolau (Sant Joan) 5% en plantel de variedades locales.<\/li><li>Viveros Joan Cresp\u00ed (B\u00fager) 5% descuento en algarrobos de variedades locales.<\/li><li>Vivero Bio Estel de Llevant (Manacor) 5% en plantel de variedades locales.<\/li><li>Viveros Can Juanito (Son Ferriol) 5% en plantel de variedades locales.<\/li><\/ul><\/li><\/ul><div>\u00a0<\/div><div><div><span style=\"text-decoration: underline;\">SOMOS ENTIDAD DE UTILIDAD P\u00daBLICA<\/span> y nos podemos beneficiar de lo siguiente:<\/div><div>\u00a0<\/div><div><strong>\u2013 Deducci\u00f3n para personas f\u00edsicas (IRPF)<\/strong><\/div><div>\u00a0<\/div><div>Los contribuyentes del IRPF pueden deducir parte de sus donativos a asociaciones de utilidad p\u00fablica seg\u00fan la siguiente escala:<\/div><div>\u00a0<\/div><ul><li>Hasta 250\u20ac: deducci\u00f3n del 80% del importe dado.<\/li><li>Resto de la donaci\u00f3n: deducci\u00f3n del 40% del importe restante.<\/li><li>Recurrencia: Si en los dos a\u00f1os anteriores se realizaron donativos iguales o mayores a la misma entidad, la deducci\u00f3n para la parte que exceda de 250 \u20ac aumenta al 45%.<\/li><\/ul><div>\u00a0<\/div><div><strong>\u2013 Deducci\u00f3n para personas jur\u00eddicas (Impuesto de Sociedades)<\/strong><\/div><div>\u00a0<\/div><ul><li>Las empresas y otras sociedades sujetas al impuesto de sociedades deducen el 35% de los donativos realizados a estas asociaciones.<\/li><li>Si se cumplen las condiciones de donaci\u00f3n plurianual (mismos importes o mayores en los dos ejercicios anteriores), la deducci\u00f3n asciende al 40% de la base de deducci\u00f3n.<\/li><li>La base de esta deducci\u00f3n (el total de donativos) no puede superar el 10% de la base imponible del per\u00edodo.<\/li><\/ul><div>\u00a0<\/div><\/div>\t\t\t\t\t\t\t\t<\/div>\n\t\t\t\t<\/div>\n\t\t\t\t<div class=\"elementor-element elementor-element-844cf7e elementor-widget elementor-widget-text-editor\" data-id=\"844cf7e\" data-element_type=\"widget\" data-e-type=\"widget\" data-widget_type=\"text-editor.default\">\n\t\t\t\t<div class=\"elementor-widget-container\">\n\t\t\t\t\t\t\t\t\t<p>Adem\u00e1s, en el momento de asociarte recibir\u00e1s un <strong>paquete de bienvenida<\/strong>:<\/p><ul><li>Un lote de 3 paquetes de semillas representativas de la biodiversidad agr\u00edcola de Mallorca, que puedes venir a buscar a nuestra oficina.<\/li><li>Una posible visita a tu finca para reconocer la agrobiodiversidad existente y c\u00f3mo se podr\u00eda incrementar con la mayor presencia de variedades locales.<\/li><\/ul>\t\t\t\t\t\t\t\t<\/div>\n\t\t\t\t<\/div>\n\t\t\t\t<\/div>\n\t\t\t\t\t<\/div>\n\t\t\t\t<\/div>\n\t\t<div class=\"elementor-element elementor-element-3e8c9af e-flex e-con-boxed e-con e-parent\" data-id=\"3e8c9af\" data-element_type=\"container\" data-e-type=\"container\" data-settings=\"{&quot;background_background&quot;:&quot;classic&quot;}\">\n\t\t\t\t\t<div class=\"e-con-inner\">\n\t\t<div class=\"elementor-element elementor-element-4b2cd24 e-con-full e-flex e-con e-child\" data-id=\"4b2cd24\" data-element_type=\"container\" data-e-type=\"container\">\n\t\t\t\t<div class=\"elementor-element elementor-element-f3ff93f elementor-widget elementor-widget-text-editor\" data-id=\"f3ff93f\" data-element_type=\"widget\" data-e-type=\"widget\" data-widget_type=\"text-editor.default\">\n\t\t\t\t<div class=\"elementor-widget-container\">\n\t\t\t\t\t\t\t\t\t<p><span style=\"text-align: var(--text-align);\">Si eres socio\/a de la Asociaci\u00f3n y quieres darte de baja, deber\u00e1s informarnos a trav\u00e9s de un correo electr\u00f3nico a&nbsp;<\/span><span style=\"text-align: var(--text-align); text-decoration-line: underline;\"><a style=\"color: rgb(255, 255, 255);\" href=\"mailto:info@varietatslocals.org\">info@varietatslocals.org<\/a><\/span><span style=\"text-align: var(--text-align);\">.<\/span><\/p>\t\t\t\t\t\t\t\t<\/div>\n\t\t\t\t<\/div>\n\t\t\t\t<\/div>\n\t\t\t\t\t<\/div>\n\t\t\t\t<\/div>\n\t\t\t\t<\/div>","protected":false},"excerpt":{"rendered":"<p>Fes-te soci o s\u00f2cia Associar-se a l\u2019AVL \u00e9s una forma de participaci\u00f3 que ajuda l\u2019entitat econ\u00f2micament i suposa un gran suport social a l\u2019hora de mantenir l\u2019activitat. El cost actual \u00e9s de 60 euros\/any. Fes-te soci Els socis i s\u00f2cies de l\u2019AVL poden Participar en les assemblees generals i en les decisions de l\u2019entitat. Formar [&hellip;]<\/p>\n","protected":false},"author":1,"featured_media":0,"parent":0,"menu_order":0,"comment_status":"closed","ping_status":"closed","template":"","meta":{"_joinchat":[],"footnotes":""},"class_list":["post-849","page","type-page","status-publish","hentry"],"_links":{"self":[{"href":"https:\/\/varietatslocals.org\/es\/wp-json\/wp\/v2\/pages\/849","targetHints":{"allow":["GET"]}}],"collection":[{"href":"https:\/\/varietatslocals.org\/es\/wp-json\/wp\/v2\/pages"}],"about":[{"href":"https:\/\/varietatslocals.org\/es\/wp-json\/wp\/v2\/types\/page"}],"author":[{"embeddable":true,"href":"https:\/\/varietatslocals.org\/es\/wp-json\/wp\/v2\/users\/1"}],"replies":[{"embeddable":true,"href":"https:\/\/varietatslocals.org\/es\/wp-json\/wp\/v2\/comments?post=849"}],"version-history":[{"count":6,"href":"https:\/\/varietatslocals.org\/es\/wp-json\/wp\/v2\/pages\/849\/revisions"}],"predecessor-version":[{"id":9781,"href":"https:\/\/varietatslocals.org\/es\/wp-json\/wp\/v2\/pages\/849\/revisions\/9781"}],"wp:attachment":[{"href":"https:\/\/varietatslocals.org\/es\/wp-json\/wp\/v2\/media?parent=849"}],"curies":[{"name":"wp","href":"https:\/\/api.w.org\/{rel}","templated":true}]}}