{"id":8876,"date":"2025-12-02T10:50:02","date_gmt":"2025-12-02T09:50:02","guid":{"rendered":"https:\/\/varietatslocals.org\/?page_id=8876"},"modified":"2025-12-02T12:53:02","modified_gmt":"2025-12-02T11:53:02","slug":"campana-tomatiga-de-ramellet","status":"publish","type":"page","link":"https:\/\/varietatslocals.org\/es\/campanya-tomatiga-de-ramellet\/","title":{"rendered":"Campa\u00f1a tomate de ramellet"},"content":{"rendered":"<div data-elementor-type=\"wp-page\" data-elementor-id=\"8876\" class=\"elementor elementor-8876\" data-elementor-post-type=\"page\">\n\t\t\t\t<div class=\"elementor-element elementor-element-9d5a8a1 e-flex e-con-boxed e-con e-parent\" data-id=\"9d5a8a1\" data-element_type=\"container\" data-e-type=\"container\" data-settings=\"{&quot;background_background&quot;:&quot;classic&quot;}\">\n\t\t\t\t\t<div class=\"e-con-inner\">\n\t\t\t\t<div class=\"elementor-element elementor-element-cff37bf elementor-widget elementor-widget-heading\" data-id=\"cff37bf\" data-element_type=\"widget\" data-e-type=\"widget\" data-widget_type=\"heading.default\">\n\t\t\t\t<div class=\"elementor-widget-container\">\n\t\t\t\t\t<h1 class=\"elementor-heading-title elementor-size-default\">Campa\u00f1a tomate de ramellet<\/h1>\t\t\t\t<\/div>\n\t\t\t\t<\/div>\n\t\t\t\t\t<\/div>\n\t\t\t\t<\/div>\n\t\t<div class=\"elementor-element elementor-element-b4f9aa6 e-flex e-con-boxed e-con e-parent\" data-id=\"b4f9aa6\" data-element_type=\"container\" data-e-type=\"container\" data-settings=\"{&quot;background_background&quot;:&quot;classic&quot;}\">\n\t\t\t\t\t<div class=\"e-con-inner\">\n\t\t<div class=\"elementor-element elementor-element-e16e5fd e-con-full e-flex e-con e-child\" data-id=\"e16e5fd\" data-element_type=\"container\" data-e-type=\"container\">\n\t\t\t\t<div class=\"elementor-element elementor-element-70e678e elementor-widget elementor-widget-heading\" data-id=\"70e678e\" data-element_type=\"widget\" data-e-type=\"widget\" data-widget_type=\"heading.default\">\n\t\t\t\t<div class=\"elementor-widget-container\">\n\t\t\t\t\t<h2 class=\"elementor-heading-title elementor-size-default\">La campa\u00f1a del tomate de ramellet<\/h2>\t\t\t\t<\/div>\n\t\t\t\t<\/div>\n\t\t\t\t<div class=\"elementor-element elementor-element-c236a46 elementor-widget elementor-widget-text-editor\" data-id=\"c236a46\" data-element_type=\"widget\" data-e-type=\"widget\" data-widget_type=\"text-editor.default\">\n\t\t\t\t<div class=\"elementor-widget-container\">\n\t\t\t\t\t\t\t\t\t<p data-pm-slice=\"1 1 []\">Esta campa\u00f1a pretende dar a conocer el tomate de ramellet como variedad local, y hacer llegar a la poblaci\u00f3n la importancia de saber identificarla en el mercado local.<\/p><p data-pm-slice=\"1 1 []\">El objetivo es poner en valor este producto tan representativo de nuestra mesa, la labor de las personas productoras del territorio e invitar a la ciudadan\u00eda a consumir productos de proximidad, de calidad y con identidad propia.<\/p>\t\t\t\t\t\t\t\t<\/div>\n\t\t\t\t<\/div>\n\t\t\t\t<\/div>\n\t\t\t\t\t<\/div>\n\t\t\t\t<\/div>\n\t\t<div class=\"elementor-element elementor-element-eaa8ad0 e-flex e-con-boxed e-con e-parent\" data-id=\"eaa8ad0\" data-element_type=\"container\" data-e-type=\"container\" data-settings=\"{&quot;background_background&quot;:&quot;classic&quot;}\">\n\t\t\t\t\t<div class=\"e-con-inner\">\n\t\t<div class=\"elementor-element elementor-element-11c210d e-con-full e-flex e-con e-child\" data-id=\"11c210d\" data-element_type=\"container\" data-e-type=\"container\">\n\t\t\t\t<div class=\"elementor-element elementor-element-4d07493 elementor-widget elementor-widget-gallery\" data-id=\"4d07493\" data-element_type=\"widget\" data-e-type=\"widget\" data-settings=\"{&quot;columns&quot;:3,&quot;gap&quot;:{&quot;unit&quot;:&quot;px&quot;,&quot;size&quot;:30,&quot;sizes&quot;:[]},&quot;lazyload&quot;:&quot;yes&quot;,&quot;gallery_layout&quot;:&quot;grid&quot;,&quot;columns_tablet&quot;:2,&quot;columns_mobile&quot;:1,&quot;gap_tablet&quot;:{&quot;unit&quot;:&quot;px&quot;,&quot;size&quot;:10,&quot;sizes&quot;:[]},&quot;gap_mobile&quot;:{&quot;unit&quot;:&quot;px&quot;,&quot;size&quot;:10,&quot;sizes&quot;:[]},&quot;link_to&quot;:&quot;file&quot;,&quot;aspect_ratio&quot;:&quot;3:2&quot;,&quot;overlay_background&quot;:&quot;yes&quot;,&quot;content_hover_animation&quot;:&quot;fade-in&quot;}\" data-widget_type=\"gallery.default\">\n\t\t\t\t<div class=\"elementor-widget-container\">\n\t\t\t\t\t\t\t<div class=\"elementor-gallery__container\">\n\t\t\t\t\t\t\t<a class=\"e-gallery-item elementor-gallery-item elementor-animated-content\" href=\"https:\/\/varietatslocals.org\/wp-content\/uploads\/2025\/12\/Disseny-sense-titol.jpg\" data-elementor-open-lightbox=\"yes\" data-elementor-lightbox-slideshow=\"4d07493\" data-elementor-lightbox-title=\"Disseny sense t\u00edtol\" data-e-action-hash=\"#elementor-action%3Aaction%3Dlightbox%26settings%3DeyJpZCI6ODg2MywidXJsIjoiaHR0cHM6XC9cL3ZhcmlldGF0c2xvY2Fscy5vcmdcL3dwLWNvbnRlbnRcL3VwbG9hZHNcLzIwMjVcLzEyXC9EaXNzZW55LXNlbnNlLXRpdG9sLmpwZyIsInNsaWRlc2hvdyI6IjRkMDc0OTMifQ%3D%3D\">\n\t\t\t\t\t<div class=\"e-gallery-image elementor-gallery-item__image\" data-thumbnail=\"https:\/\/varietatslocals.org\/wp-content\/uploads\/2025\/12\/Disseny-sense-titol.jpg\" data-width=\"1920\" data-height=\"1280\" aria-label=\"\" role=\"img\" ><\/div>\n\t\t\t\t\t\t\t\t\t\t\t<div class=\"elementor-gallery-item__overlay\"><\/div>\n\t\t\t\t\t\t\t\t\t\t\t\t\t\t<\/a>\n\t\t\t\t\t\t\t<a class=\"e-gallery-item elementor-gallery-item elementor-animated-content\" href=\"https:\/\/varietatslocals.org\/wp-content\/uploads\/2025\/12\/Disseny-sense-titol-1.jpg\" data-elementor-open-lightbox=\"yes\" data-elementor-lightbox-slideshow=\"4d07493\" data-elementor-lightbox-title=\"Disseny sense t\u00edtol (1)\" data-e-action-hash=\"#elementor-action%3Aaction%3Dlightbox%26settings%3DeyJpZCI6ODg2NCwidXJsIjoiaHR0cHM6XC9cL3ZhcmlldGF0c2xvY2Fscy5vcmdcL3dwLWNvbnRlbnRcL3VwbG9hZHNcLzIwMjVcLzEyXC9EaXNzZW55LXNlbnNlLXRpdG9sLTEuanBnIiwic2xpZGVzaG93IjoiNGQwNzQ5MyJ9\">\n\t\t\t\t\t<div class=\"e-gallery-image elementor-gallery-item__image\" data-thumbnail=\"https:\/\/varietatslocals.org\/wp-content\/uploads\/2025\/12\/Disseny-sense-titol-1.jpg\" data-width=\"1920\" data-height=\"1280\" aria-label=\"\" role=\"img\" ><\/div>\n\t\t\t\t\t\t\t\t\t\t\t<div class=\"elementor-gallery-item__overlay\"><\/div>\n\t\t\t\t\t\t\t\t\t\t\t\t\t\t<\/a>\n\t\t\t\t\t\t\t<a class=\"e-gallery-item elementor-gallery-item elementor-animated-content\" href=\"https:\/\/varietatslocals.org\/wp-content\/uploads\/2025\/12\/Disseny-sense-titol-2.jpg\" data-elementor-open-lightbox=\"yes\" data-elementor-lightbox-slideshow=\"4d07493\" data-elementor-lightbox-title=\"Disseny sense t\u00edtol (2)\" data-e-action-hash=\"#elementor-action%3Aaction%3Dlightbox%26settings%3DeyJpZCI6ODg2NSwidXJsIjoiaHR0cHM6XC9cL3ZhcmlldGF0c2xvY2Fscy5vcmdcL3dwLWNvbnRlbnRcL3VwbG9hZHNcLzIwMjVcLzEyXC9EaXNzZW55LXNlbnNlLXRpdG9sLTIuanBnIiwic2xpZGVzaG93IjoiNGQwNzQ5MyJ9\">\n\t\t\t\t\t<div class=\"e-gallery-image elementor-gallery-item__image\" data-thumbnail=\"https:\/\/varietatslocals.org\/wp-content\/uploads\/2025\/12\/Disseny-sense-titol-2.jpg\" data-width=\"1920\" data-height=\"1280\" aria-label=\"\" role=\"img\" ><\/div>\n\t\t\t\t\t\t\t\t\t\t\t<div class=\"elementor-gallery-item__overlay\"><\/div>\n\t\t\t\t\t\t\t\t\t\t\t\t\t\t<\/a>\n\t\t\t\t\t<\/div>\n\t\t\t\t\t<\/div>\n\t\t\t\t<\/div>\n\t\t\t\t<\/div>\n\t\t\t\t\t<\/div>\n\t\t\t\t<\/div>\n\t\t<div class=\"elementor-element elementor-element-3908283 e-flex e-con-boxed e-con e-parent\" data-id=\"3908283\" data-element_type=\"container\" data-e-type=\"container\" data-settings=\"{&quot;background_background&quot;:&quot;classic&quot;}\">\n\t\t\t\t\t<div class=\"e-con-inner\">\n\t\t\t\t<div class=\"elementor-element elementor-element-b1fa4d3 elementor-widget elementor-widget-heading\" data-id=\"b1fa4d3\" data-element_type=\"widget\" data-e-type=\"widget\" data-widget_type=\"heading.default\">\n\t\t\t\t<div class=\"elementor-widget-container\">\n\t\t\t\t\t<h2 class=\"elementor-heading-title elementor-size-default\">Hace a\u00f1os que nuestra entidad trabaja para evitar la apropiaci\u00f3n indebida del tomate de ramellet.<\/h2>\t\t\t\t<\/div>\n\t\t\t\t<\/div>\n\t\t\t\t\t<\/div>\n\t\t\t\t<\/div>\n\t\t<div class=\"elementor-element elementor-element-74cb356 e-flex e-con-boxed e-con e-parent\" data-id=\"74cb356\" data-element_type=\"container\" data-e-type=\"container\" data-settings=\"{&quot;background_background&quot;:&quot;classic&quot;}\">\n\t\t\t\t\t<div class=\"e-con-inner\">\n\t\t<div class=\"elementor-element elementor-element-2e10a3c e-con-full e-flex e-con e-child\" data-id=\"2e10a3c\" data-element_type=\"container\" data-e-type=\"container\">\n\t\t\t\t<div class=\"elementor-element elementor-element-6a9db2c elementor-widget elementor-widget-text-editor\" data-id=\"6a9db2c\" data-element_type=\"widget\" data-e-type=\"widget\" data-widget_type=\"text-editor.default\">\n\t\t\t\t<div class=\"elementor-widget-container\">\n\t\t\t\t\t\t\t\t\t<p data-pm-slice=\"1 1 []\">La variedad comercial, que se ha apropiado de la denominaci\u00f3n tomate de ramellet, se produce <strong>bajo pl\u00e1stico<\/strong>, con <strong>semillas mejoradas<\/strong>, <strong>cultivada durante el invierno<\/strong> y comercializada justo despu\u00e9s de la recolecci\u00f3n.<\/p><p>El tomate de ramellet de Mallorca es considerado una variedad grupo, ya que en la denominaci\u00f3n com\u00fan del tomate de ramellet encontramos muchas denominaciones diferentes, como: <em>rastrera<\/em>, de hierro, de colgar, blanca, aut\u00e9ntica, de estrella\u2026. Cada una procede de un tipo de selecci\u00f3n y manejo diferente, lo que hace que sean diferentes morfol\u00f3gica y etnoecol\u00f3gicamente.<\/p>\t\t\t\t\t\t\t\t<\/div>\n\t\t\t\t<\/div>\n\t\t\t\t<div class=\"elementor-element elementor-element-dc8a81f elementor-widget elementor-widget-gallery\" data-id=\"dc8a81f\" data-element_type=\"widget\" data-e-type=\"widget\" data-settings=\"{&quot;gallery_layout&quot;:&quot;masonry&quot;,&quot;gap&quot;:{&quot;unit&quot;:&quot;px&quot;,&quot;size&quot;:58,&quot;sizes&quot;:[]},&quot;columns&quot;:2,&quot;lazyload&quot;:&quot;yes&quot;,&quot;columns_tablet&quot;:2,&quot;columns_mobile&quot;:1,&quot;gap_tablet&quot;:{&quot;unit&quot;:&quot;px&quot;,&quot;size&quot;:10,&quot;sizes&quot;:[]},&quot;gap_mobile&quot;:{&quot;unit&quot;:&quot;px&quot;,&quot;size&quot;:10,&quot;sizes&quot;:[]},&quot;link_to&quot;:&quot;file&quot;,&quot;overlay_background&quot;:&quot;yes&quot;,&quot;content_hover_animation&quot;:&quot;fade-in&quot;}\" data-widget_type=\"gallery.default\">\n\t\t\t\t<div class=\"elementor-widget-container\">\n\t\t\t\t\t\t\t<div class=\"elementor-gallery__container\">\n\t\t\t\t\t\t\t<a class=\"e-gallery-item elementor-gallery-item elementor-animated-content\" href=\"https:\/\/varietatslocals.org\/wp-content\/uploads\/2025\/12\/Disseny-sense-titol-1-1.jpg\" data-elementor-open-lightbox=\"yes\" data-elementor-lightbox-slideshow=\"dc8a81f\" data-elementor-lightbox-title=\"Disseny sense t\u00edtol (1)\" data-e-action-hash=\"#elementor-action%3Aaction%3Dlightbox%26settings%3DeyJpZCI6ODg4NCwidXJsIjoiaHR0cHM6XC9cL3ZhcmlldGF0c2xvY2Fscy5vcmdcL3dwLWNvbnRlbnRcL3VwbG9hZHNcLzIwMjVcLzEyXC9EaXNzZW55LXNlbnNlLXRpdG9sLTEtMS5qcGciLCJzbGlkZXNob3ciOiJkYzhhODFmIn0%3D\">\n\t\t\t\t\t<div class=\"e-gallery-image elementor-gallery-item__image\" data-thumbnail=\"https:\/\/varietatslocals.org\/wp-content\/uploads\/2025\/12\/Disseny-sense-titol-1-1.jpg\" data-width=\"338\" data-height=\"600\" aria-label=\"\" role=\"img\" ><\/div>\n\t\t\t\t\t\t\t\t\t\t\t<div class=\"elementor-gallery-item__overlay\"><\/div>\n\t\t\t\t\t\t\t\t\t\t\t\t\t\t<\/a>\n\t\t\t\t\t\t\t<a class=\"e-gallery-item elementor-gallery-item elementor-animated-content\" href=\"https:\/\/varietatslocals.org\/wp-content\/uploads\/2025\/12\/Disseny-sense-titol-2-1.jpg\" data-elementor-open-lightbox=\"yes\" data-elementor-lightbox-slideshow=\"dc8a81f\" data-elementor-lightbox-title=\"Disseny sense t\u00edtol (2)\" data-e-action-hash=\"#elementor-action%3Aaction%3Dlightbox%26settings%3DeyJpZCI6ODg4NSwidXJsIjoiaHR0cHM6XC9cL3ZhcmlldGF0c2xvY2Fscy5vcmdcL3dwLWNvbnRlbnRcL3VwbG9hZHNcLzIwMjVcLzEyXC9EaXNzZW55LXNlbnNlLXRpdG9sLTItMS5qcGciLCJzbGlkZXNob3ciOiJkYzhhODFmIn0%3D\">\n\t\t\t\t\t<div class=\"e-gallery-image elementor-gallery-item__image\" data-thumbnail=\"https:\/\/varietatslocals.org\/wp-content\/uploads\/2025\/12\/Disseny-sense-titol-2-1.jpg\" data-width=\"338\" data-height=\"600\" aria-label=\"\" role=\"img\" ><\/div>\n\t\t\t\t\t\t\t\t\t\t\t<div class=\"elementor-gallery-item__overlay\"><\/div>\n\t\t\t\t\t\t\t\t\t\t\t\t\t\t<\/a>\n\t\t\t\t\t<\/div>\n\t\t\t\t\t<\/div>\n\t\t\t\t<\/div>\n\t\t\t\t<div class=\"elementor-element elementor-element-587af1d elementor-widget elementor-widget-text-editor\" data-id=\"587af1d\" data-element_type=\"widget\" data-e-type=\"widget\" data-widget_type=\"text-editor.default\">\n\t\t\t\t<div class=\"elementor-widget-container\">\n\t\t\t\t\t\t\t\t\t<p>Con el fin de documentar y registrar el nombre de tomate de ramellet, <strong>en 2010 solicitamos<\/strong> el de uno de los ideotipos del tomate de ramellet en <strong>registro en el\u2019<em>Oficina<\/em> <em>Espa\u00f1ola<\/em> <em>de<\/em> <em>Variadas<\/em> <em>Vegetales<\/em> (OEVV)<\/strong>, del Ministerio de Agricultura. Concretamente, se envi\u00f3 el tomate de mateta, procedente de los viveros Can Nicolau, de Sant Joan y originario de Son Suau, en Manacor.<\/p><p>Despu\u00e9s de dos a\u00f1os de pruebas, <strong>el tomate de ramellet qued\u00f3 registrado como variedad de conservaci\u00f3n<\/strong>, y se public\u00f3 en el BOE n\u00fam. 127 de 28 de mayo de 2012.<\/p><p>La Oficina espa\u00f1ola de variedades vegetales ha declarado que <strong>la denominaci\u00f3n de una variedad de conservaci\u00f3n no puede depositarse como marca<\/strong>, en virtud del art\u00edculo 48 de la ley de protecci\u00f3n de las obtenciones vegetales, dado que la marca concede un derecho exclusivo de uso a su titular y la denominaci\u00f3n de una variedad implica la obligaci\u00f3n de uso a todo el mundo que utilice la variedad. Por todo ello, <strong>no es posible que existan marcas con nombre de variedades locales.<\/strong><\/p><p>La Ley 17\/2001 de Marcas, establece algunas prohibiciones absolutas seg\u00fan las cuales <strong>no se pueden registrar como marca los signos o indicaciones que se hayan convertido en habituales para designar a los productos en el lenguaje com\u00fan<\/strong> o en los <strong>costumbres leales<\/strong> y constantes <strong>del comercio<\/strong>, <strong>y tampoco aquellas que puedan inducir al p\u00fablico a error<\/strong>, por ejemplo sobre la naturaleza, calidad o procedencia geogr\u00e1fica del producto o servicio. En este \u00faltimo punto, incide tambi\u00e9n el reglamento europeo en materia de etiquetado.<\/p><p>Visto esto, <strong>la marca de garant\u00eda tomate &#039;de ramellet de Mallorca&#039;\u2018<\/strong> ampara unos tipos de tomate (no una variedad), que puede tener caracteres diferentes de la variedad &#039;de ramellet&#039; inscrita en el Registro de variedades, as\u00ed, <strong>conculca una prohibici\u00f3n com\u00fan para las dos leyes y el citado reglamento comunitario<\/strong> por inducir a error al p\u00fablico sobre las caracter\u00edsticas y naturaleza en el etiquetado y la comercializaci\u00f3n.<\/p><p>El dise\u00f1o corre a cargo de <a href=\"https:\/\/www.temabcn.com\/\" target=\"_blank\" rel=\"noopener\">Temabcn<\/a>. Con un tono cercano y reivindicativo y algo irreverente, el mensaje hace hincapi\u00e9 en tres grandes hechos habituales que tienen que ver con este producto: Colgar. Frotar, Comer .<\/p><p>La campa\u00f1a destaca tambi\u00e9n, en los reversos de las postales, tres mensajes:<\/p><ul><li>El hecho de que el tomate de ramellet viene de atr\u00e1s, de avior y que pertenece a nuestra idiosincrasia cultural<\/li><li>El hecho de que, por ser herencia, no es un h\u00edbrido y es producto de muchos a\u00f1os de selecci\u00f3n agr\u00edcola<\/li><li>Preservada a lo largo del tiempo y el v\u00ednculo del tomate de ramellet con el territorio donde se cultiva<\/li><\/ul>\t\t\t\t\t\t\t\t<\/div>\n\t\t\t\t<\/div>\n\t\t\t\t<\/div>\n\t\t\t\t\t<\/div>\n\t\t\t\t<\/div>\n\t\t<div class=\"elementor-element elementor-element-dd08426 e-flex e-con-boxed e-con e-parent\" data-id=\"dd08426\" data-element_type=\"container\" data-e-type=\"container\">\n\t\t\t\t\t<div class=\"e-con-inner\">\n\t\t<div class=\"elementor-element elementor-element-54fa89d e-flex e-con-boxed e-con e-child\" data-id=\"54fa89d\" data-element_type=\"container\" data-e-type=\"container\">\n\t\t\t\t\t<div class=\"e-con-inner\">\n\t\t\t\t<div class=\"elementor-element elementor-element-9f98b59 elementor-widget elementor-widget-gallery\" data-id=\"9f98b59\" data-element_type=\"widget\" data-e-type=\"widget\" data-settings=\"{&quot;gallery_layout&quot;:&quot;masonry&quot;,&quot;columns&quot;:3,&quot;lazyload&quot;:&quot;yes&quot;,&quot;columns_tablet&quot;:2,&quot;columns_mobile&quot;:1,&quot;gap&quot;:{&quot;unit&quot;:&quot;px&quot;,&quot;size&quot;:10,&quot;sizes&quot;:[]},&quot;gap_tablet&quot;:{&quot;unit&quot;:&quot;px&quot;,&quot;size&quot;:10,&quot;sizes&quot;:[]},&quot;gap_mobile&quot;:{&quot;unit&quot;:&quot;px&quot;,&quot;size&quot;:10,&quot;sizes&quot;:[]},&quot;link_to&quot;:&quot;file&quot;,&quot;overlay_background&quot;:&quot;yes&quot;,&quot;content_hover_animation&quot;:&quot;fade-in&quot;}\" data-widget_type=\"gallery.default\">\n\t\t\t\t<div class=\"elementor-widget-container\">\n\t\t\t\t\t\t\t<div class=\"elementor-gallery__container\">\n\t\t\t\t\t\t\t<a class=\"e-gallery-item elementor-gallery-item elementor-animated-content\" href=\"https:\/\/varietatslocals.org\/wp-content\/uploads\/2025\/12\/Disseny-sense-titol-3-1.jpg\" data-elementor-open-lightbox=\"yes\" data-elementor-lightbox-slideshow=\"9f98b59\" data-elementor-lightbox-title=\"Disseny sense t\u00edtol (3)\" data-e-action-hash=\"#elementor-action%3Aaction%3Dlightbox%26settings%3DeyJpZCI6ODg5MSwidXJsIjoiaHR0cHM6XC9cL3ZhcmlldGF0c2xvY2Fscy5vcmdcL3dwLWNvbnRlbnRcL3VwbG9hZHNcLzIwMjVcLzEyXC9EaXNzZW55LXNlbnNlLXRpdG9sLTMtMS5qcGciLCJzbGlkZXNob3ciOiI5Zjk4YjU5In0%3D\">\n\t\t\t\t\t<div class=\"e-gallery-image elementor-gallery-item__image\" data-thumbnail=\"https:\/\/varietatslocals.org\/wp-content\/uploads\/2025\/12\/Disseny-sense-titol-3-1.jpg\" data-width=\"1080\" data-height=\"1350\" aria-label=\"\" role=\"img\" ><\/div>\n\t\t\t\t\t\t\t\t\t\t\t<div class=\"elementor-gallery-item__overlay\"><\/div>\n\t\t\t\t\t\t\t\t\t\t\t\t\t\t<\/a>\n\t\t\t\t\t\t\t<a class=\"e-gallery-item elementor-gallery-item elementor-animated-content\" href=\"https:\/\/varietatslocals.org\/wp-content\/uploads\/2025\/12\/Disseny-sense-titol-5.jpg\" data-elementor-open-lightbox=\"yes\" data-elementor-lightbox-slideshow=\"9f98b59\" data-elementor-lightbox-title=\"Disseny sense t\u00edtol (5)\" data-e-action-hash=\"#elementor-action%3Aaction%3Dlightbox%26settings%3DeyJpZCI6ODg5MCwidXJsIjoiaHR0cHM6XC9cL3ZhcmlldGF0c2xvY2Fscy5vcmdcL3dwLWNvbnRlbnRcL3VwbG9hZHNcLzIwMjVcLzEyXC9EaXNzZW55LXNlbnNlLXRpdG9sLTUuanBnIiwic2xpZGVzaG93IjoiOWY5OGI1OSJ9\">\n\t\t\t\t\t<div class=\"e-gallery-image elementor-gallery-item__image\" data-thumbnail=\"https:\/\/varietatslocals.org\/wp-content\/uploads\/2025\/12\/Disseny-sense-titol-5.jpg\" data-width=\"1080\" data-height=\"1350\" aria-label=\"\" role=\"img\" ><\/div>\n\t\t\t\t\t\t\t\t\t\t\t<div class=\"elementor-gallery-item__overlay\"><\/div>\n\t\t\t\t\t\t\t\t\t\t\t\t\t\t<\/a>\n\t\t\t\t\t\t\t<a class=\"e-gallery-item elementor-gallery-item elementor-animated-content\" href=\"https:\/\/varietatslocals.org\/wp-content\/uploads\/2025\/12\/Disseny-sense-titol-4.jpg\" data-elementor-open-lightbox=\"yes\" data-elementor-lightbox-slideshow=\"9f98b59\" data-elementor-lightbox-title=\"Disseny sense t\u00edtol (4)\" data-e-action-hash=\"#elementor-action%3Aaction%3Dlightbox%26settings%3DeyJpZCI6ODg4OSwidXJsIjoiaHR0cHM6XC9cL3ZhcmlldGF0c2xvY2Fscy5vcmdcL3dwLWNvbnRlbnRcL3VwbG9hZHNcLzIwMjVcLzEyXC9EaXNzZW55LXNlbnNlLXRpdG9sLTQuanBnIiwic2xpZGVzaG93IjoiOWY5OGI1OSJ9\">\n\t\t\t\t\t<div class=\"e-gallery-image elementor-gallery-item__image\" data-thumbnail=\"https:\/\/varietatslocals.org\/wp-content\/uploads\/2025\/12\/Disseny-sense-titol-4.jpg\" data-width=\"1080\" data-height=\"1350\" aria-label=\"\" role=\"img\" ><\/div>\n\t\t\t\t\t\t\t\t\t\t\t<div class=\"elementor-gallery-item__overlay\"><\/div>\n\t\t\t\t\t\t\t\t\t\t\t\t\t\t<\/a>\n\t\t\t\t\t<\/div>\n\t\t\t\t\t<\/div>\n\t\t\t\t<\/div>\n\t\t\t\t\t<\/div>\n\t\t\t\t<\/div>\n\t\t\t\t\t<\/div>\n\t\t\t\t<\/div>\n\t\t<div class=\"elementor-element elementor-element-9835f13 e-flex e-con-boxed e-con e-parent\" data-id=\"9835f13\" data-element_type=\"container\" data-e-type=\"container\">\n\t\t\t\t\t<div class=\"e-con-inner\">\n\t\t\t\t<div class=\"elementor-element elementor-element-9f040b4 elementor-widget elementor-widget-heading\" data-id=\"9f040b4\" data-element_type=\"widget\" data-e-type=\"widget\" data-widget_type=\"heading.default\">\n\t\t\t\t<div class=\"elementor-widget-container\">\n\t\t\t\t\t<h2 class=\"elementor-heading-title elementor-size-default\">\u00bfD\u00f3nde puedo comprar tomates de ramillete?<\/h2>\t\t\t\t<\/div>\n\t\t\t\t<\/div>\n\t\t\t\t<div class=\"elementor-element elementor-element-e79965b elementor-widget elementor-widget-html\" data-id=\"e79965b\" data-element_type=\"widget\" data-e-type=\"widget\" data-widget_type=\"html.default\">\n\t\t\t\t<div class=\"elementor-widget-container\">\n\t\t\t\t\t<iframe src=\"https:\/\/www.google.com\/maps\/d\/embed?mid=1iVxTcyqUAtZe6n1wWVIo04QNkZh7WU4&ehbc=2E312F\" width=\"640\" height=\"480\"><\/iframe>\t\t\t\t<\/div>\n\t\t\t\t<\/div>\n\t\t\t\t<div class=\"elementor-element elementor-element-ad98b95 elementor-widget elementor-widget-text-editor\" data-id=\"ad98b95\" data-element_type=\"widget\" data-e-type=\"widget\" data-widget_type=\"text-editor.default\">\n\t\t\t\t<div class=\"elementor-widget-container\">\n\t\t\t\t\t\t\t\t\t<p>Gracias al <a href=\"https:\/\/www.conselldemallorca.es\/\" target=\"_blank\" rel=\"noopener\">Consejo de Mallorc<\/a><a href=\"https:\/\/www.conselldemallorca.es\/\" target=\"_blank\" rel=\"noopener\">a<\/a>, a trav\u00e9s de la ayuda de promoci\u00f3n econ\u00f3mica de producto local.<\/p>\t\t\t\t\t\t\t\t<\/div>\n\t\t\t\t<\/div>\n\t\t\t\t<div class=\"elementor-element elementor-element-5f6f919 elementor-widget elementor-widget-image\" data-id=\"5f6f919\" data-element_type=\"widget\" data-e-type=\"widget\" data-widget_type=\"image.default\">\n\t\t\t\t<div class=\"elementor-widget-container\">\n\t\t\t\t\t\t\t\t\t\t\t\t\t\t\t<img decoding=\"async\" width=\"300\" height=\"120\" src=\"https:\/\/varietatslocals.org\/wp-content\/uploads\/2025\/12\/Logo-Consell-de-Mallorca_gran.png\" class=\"attachment-gform-image-choice-sm size-gform-image-choice-sm wp-image-8908\" alt=\"\" srcset=\"https:\/\/varietatslocals.org\/wp-content\/uploads\/2025\/12\/Logo-Consell-de-Mallorca_gran.png 1083w, https:\/\/varietatslocals.org\/wp-content\/uploads\/2025\/12\/Logo-Consell-de-Mallorca_gran-768x306.png 768w, https:\/\/varietatslocals.org\/wp-content\/uploads\/2025\/12\/Logo-Consell-de-Mallorca_gran-18x7.png 18w, https:\/\/varietatslocals.org\/wp-content\/uploads\/2025\/12\/Logo-Consell-de-Mallorca_gran-600x239.png 600w\" sizes=\"(max-width: 300px) 100vw, 300px\" title=\"\">\t\t\t\t\t\t\t\t\t\t\t\t\t\t\t<\/div>\n\t\t\t\t<\/div>\n\t\t\t\t\t<\/div>\n\t\t\t\t<\/div>\n\t\t\t\t<\/div>","protected":false},"excerpt":{"rendered":"<p>La campanya de la tom\u00e0tiga de ramellet Aquesta campanya pret\u00e9n donar a con\u00e8ixer la tom\u00e0tiga de ramellet com a varietat local, i fer arribar a la poblaci\u00f3 la import\u00e0ncia de saber-la identificar al mercat local. L\u2019objectiu \u00e9s posar en valor aquest producte tan representatiu de la nostra taula, la tasca de les persones productores del [&hellip;]<\/p>\n","protected":false},"author":104,"featured_media":0,"parent":0,"menu_order":0,"comment_status":"closed","ping_status":"closed","template":"","meta":{"_joinchat":[],"footnotes":""},"class_list":["post-8876","page","type-page","status-publish","hentry"],"_links":{"self":[{"href":"https:\/\/varietatslocals.org\/es\/wp-json\/wp\/v2\/pages\/8876","targetHints":{"allow":["GET"]}}],"collection":[{"href":"https:\/\/varietatslocals.org\/es\/wp-json\/wp\/v2\/pages"}],"about":[{"href":"https:\/\/varietatslocals.org\/es\/wp-json\/wp\/v2\/types\/page"}],"author":[{"embeddable":true,"href":"https:\/\/varietatslocals.org\/es\/wp-json\/wp\/v2\/users\/104"}],"replies":[{"embeddable":true,"href":"https:\/\/varietatslocals.org\/es\/wp-json\/wp\/v2\/comments?post=8876"}],"version-history":[{"count":0,"href":"https:\/\/varietatslocals.org\/es\/wp-json\/wp\/v2\/pages\/8876\/revisions"}],"wp:attachment":[{"href":"https:\/\/varietatslocals.org\/es\/wp-json\/wp\/v2\/media?parent=8876"}],"curies":[{"name":"wp","href":"https:\/\/api.w.org\/{rel}","templated":true}]}}