{"id":2967,"date":"2024-02-01T00:09:10","date_gmt":"2024-01-31T23:09:10","guid":{"rendered":"https:\/\/enricoriolc13.sg-host.com\/producte\/carabassa-de-fregall\/"},"modified":"2026-04-14T10:17:21","modified_gmt":"2026-04-14T08:17:21","slug":"calabaza-de-estropajo","status":"publish","type":"product","link":"https:\/\/varietatslocals.org\/es\/producte\/carabassa-de-fregall\/","title":{"rendered":"Calabaza de estropajo"},"content":{"rendered":"<p><strong>\u00bfC\u00f3mo es?<\/strong><\/p>\n<p>La <strong>Calabaza de estropajo<\/strong> es una planta trepadora y se recomienda enca\u00f1arla. Se cosecha cuando el fruto est\u00e1 bien seco, para poder sacar la piel f\u00e1cilmente. La fibra interior es lo que se utiliza como estropajo o esponja.<\/p>\n<p><strong>\u00bfCu\u00e1ndo y c\u00f3mo se siembra?<\/strong><\/p>\n<p>Recomendamos hacer <strong>siembra directa o hacer plantel a partir de mediados de abril<\/strong>. La recolecci\u00f3n se realiza a finales de verano principios de oto\u00f1o. La <strong>distancia de siembra es de 1 m entre plantas y 2 m entre filas<\/strong>.<\/p>\n<p><strong>\u00bfQu\u00e9 cantidad de semilla hay en el sobre?<\/strong><\/p>\n<p>Peso del sobre: 2 g. Aproximadamente 18 unidades.<\/p>\n<p><em>Luffa cylindrica <\/em>\u2013 Recurso fitogen\u00e9tico<\/p>\n<p>Origen: Ses Pedreres, Manacor, Mallorca<\/p>\n<p>Tambi\u00e9n disponemos de semilla a granel, para pedidos: comandos variedades local@gmail.com \/ 623 250 278 \/ 693 066 858<\/p>","protected":false},"excerpt":{"rendered":"<p><strong>Calendario de siembra Calabaza blanca<\/strong><\/p>\n<p><img decoding=\"async\" class=\"alignnone size-full wp-image-7371\" src=\"https:\/\/www.varietatslocals.org\/wp-content\/uploads\/2024\/02\/Disseny-sense-titol-2-1.jpg\" alt=\"\" width=\"425\" height=\"100\" srcset=\"https:\/\/varietatslocals.org\/wp-content\/uploads\/2024\/02\/Disseny-sense-titol-2-1.jpg 425w, https:\/\/varietatslocals.org\/wp-content\/uploads\/2024\/02\/Disseny-sense-titol-2-1-18x4.jpg 18w\" sizes=\"(max-width: 425px) 100vw, 425px\" \/><\/p>\n<p><strong>Leyenda<\/strong><\/p>\n<p><img decoding=\"async\" class=\"alignnone size-full wp-image-7215\" src=\"https:\/\/www.varietatslocals.org\/wp-content\/uploads\/2024\/02\/Llegenda-varietats-locals-475-x-50-px.png\" alt=\"\" width=\"475\" height=\"50\" srcset=\"https:\/\/varietatslocals.org\/wp-content\/uploads\/2024\/02\/Llegenda-varietats-locals-475-x-50-px.png 475w, https:\/\/varietatslocals.org\/wp-content\/uploads\/2024\/02\/Llegenda-varietats-locals-475-x-50-px-18x2.png 18w\" sizes=\"(max-width: 475px) 100vw, 475px\" \/><\/p>","protected":false},"featured_media":2968,"template":"","meta":{"_joinchat":[]},"product_brand":[],"product_cat":[49],"product_tag":[],"class_list":{"0":"post-2967","1":"product","2":"type-product","3":"status-publish","4":"has-post-thumbnail","6":"product_cat-carabassa","8":"first","9":"instock","10":"taxable","11":"shipping-taxable","12":"purchasable","13":"product-type-simple"},"_links":{"self":[{"href":"https:\/\/varietatslocals.org\/es\/wp-json\/wp\/v2\/product\/2967","targetHints":{"allow":["GET"]}}],"collection":[{"href":"https:\/\/varietatslocals.org\/es\/wp-json\/wp\/v2\/product"}],"about":[{"href":"https:\/\/varietatslocals.org\/es\/wp-json\/wp\/v2\/types\/product"}],"wp:featuredmedia":[{"embeddable":true,"href":"https:\/\/varietatslocals.org\/es\/wp-json\/wp\/v2\/media\/2968"}],"wp:attachment":[{"href":"https:\/\/varietatslocals.org\/es\/wp-json\/wp\/v2\/media?parent=2967"}],"wp:term":[{"taxonomy":"product_brand","embeddable":true,"href":"https:\/\/varietatslocals.org\/es\/wp-json\/wp\/v2\/product_brand?post=2967"},{"taxonomy":"product_cat","embeddable":true,"href":"https:\/\/varietatslocals.org\/es\/wp-json\/wp\/v2\/product_cat?post=2967"},{"taxonomy":"product_tag","embeddable":true,"href":"https:\/\/varietatslocals.org\/es\/wp-json\/wp\/v2\/product_tag?post=2967"}],"curies":[{"name":"wp","href":"https:\/\/api.w.org\/{rel}","templated":true}]}}