{"id":2980,"date":"2024-02-01T00:09:10","date_gmt":"2024-01-31T23:09:10","guid":{"rendered":"https:\/\/enricoriolc13.sg-host.com\/producte\/melo-des-clot-des-pou\/"},"modified":"2026-04-14T10:17:22","modified_gmt":"2026-04-14T08:17:22","slug":"melo-des-clot-des-poz","status":"publish","type":"product","link":"https:\/\/varietatslocals.org\/es\/producte\/melo-des-clot-des-pou\/","title":{"rendered":"Mel\u00f3n \"des clot des pou\""},"content":{"rendered":"<p><strong>\u00bfC\u00f3mo es?<\/strong><\/p>\n<p>El <strong>Mel\u00f3n \"des clot des pou\"<\/strong> es un tipo de mel\u00f3n redondo y de color blanco. Se debe cosechar antes de que madure del todo, permitiendo as\u00ed una mejor conservaci\u00f3n. Se puede comer hasta diciembre.<\/p>\n<p><strong>\u00bfCu\u00e1ndo y c\u00f3mo se siembra?<\/strong><\/p>\n<p>Se<strong> siembra de finales de abril a principios de junio<\/strong>, y se cosecha de agosto a septiembre. La<strong> distancia de siembra es de 50-80 cm entre plantas, y de 1 m entre filas<\/strong>. Si se hace en la seca, conviene dejar unos 1,8 m entre filas.<\/p>\n<p><strong>\u00bfQu\u00e9 cantidad de semilla hay en el sobre?<\/strong><\/p>\n<p><strong>Peso del sobre<\/strong>: 1,5 g. Aproximadamente 26 unidades<\/p>\n<p><em>Cucumis melo <\/em>\u2013 Recurso fitogen\u00e9tico<\/p>\n<p>Origen: S&#039;Horta, Felanitx, Mallorca<\/p>","protected":false},"excerpt":{"rendered":"<p>Com \u00e9s? El Mel\u00f3 des clot des pou \u00e9s un tipus de mel\u00f3 rod\u00f3 i de color blanc. S\u2019ha de collir abans que maduri del tot, permetent aix\u00ed una millor conservaci\u00f3. Es pot menjar fins al desembre. Quan i com es sembra? Se sembra de finals d\u2019abril a principis de juny, i es cull d\u2019agost [&hellip;]<\/p>\n","protected":false},"featured_media":2981,"template":"","meta":{"_joinchat":[]},"product_brand":[],"product_cat":[53],"product_tag":[],"class_list":{"0":"post-2980","1":"product","2":"type-product","3":"status-publish","4":"has-post-thumbnail","6":"product_cat-melo-i-sindria","8":"first","9":"instock","10":"taxable","11":"shipping-taxable","12":"purchasable","13":"product-type-simple"},"_links":{"self":[{"href":"https:\/\/varietatslocals.org\/es\/wp-json\/wp\/v2\/product\/2980","targetHints":{"allow":["GET"]}}],"collection":[{"href":"https:\/\/varietatslocals.org\/es\/wp-json\/wp\/v2\/product"}],"about":[{"href":"https:\/\/varietatslocals.org\/es\/wp-json\/wp\/v2\/types\/product"}],"wp:featuredmedia":[{"embeddable":true,"href":"https:\/\/varietatslocals.org\/es\/wp-json\/wp\/v2\/media\/2981"}],"wp:attachment":[{"href":"https:\/\/varietatslocals.org\/es\/wp-json\/wp\/v2\/media?parent=2980"}],"wp:term":[{"taxonomy":"product_brand","embeddable":true,"href":"https:\/\/varietatslocals.org\/es\/wp-json\/wp\/v2\/product_brand?post=2980"},{"taxonomy":"product_cat","embeddable":true,"href":"https:\/\/varietatslocals.org\/es\/wp-json\/wp\/v2\/product_cat?post=2980"},{"taxonomy":"product_tag","embeddable":true,"href":"https:\/\/varietatslocals.org\/es\/wp-json\/wp\/v2\/product_tag?post=2980"}],"curies":[{"name":"wp","href":"https:\/\/api.w.org\/{rel}","templated":true}]}}