{"id":3011,"date":"2024-02-01T00:09:34","date_gmt":"2024-01-31T23:09:34","guid":{"rendered":"https:\/\/enricoriolc13.sg-host.com\/producte\/sindria-de-pinyol-blanc\/"},"modified":"2026-04-21T09:22:21","modified_gmt":"2026-04-21T07:22:21","slug":"sendria-de-hueso-blanco","status":"publish","type":"product","link":"https:\/\/varietatslocals.org\/es\/producte\/sindria-de-pinyol-blanc\/","title":{"rendered":"Sand\u00eda de semilla blanca"},"content":{"rendered":"<p><strong>\u00bfC\u00f3mo es?<\/strong><\/p>\n<p>La <strong>Sand\u00eda de semilla blanca<\/strong> es redonda, de color verde claro con rayas verdes m\u00e1s oscuras. Tiene mucho hueso, de color blanco y grande.<\/p>\n<p><strong>\u00bfCu\u00e1ndo y c\u00f3mo se siembra?<\/strong><\/p>\n<p>Se <strong>siembra a partir de finales de abril hasta finales de mayo<\/strong>. La recolecci\u00f3n se realiza desde julio hasta primeros de septiembre. La<strong> distancia de siembra es de 50 cm entre plantas y 1 m entre filas<\/strong>.<\/p>\n<p><strong>\u00bfQu\u00e9 cantidad de semilla hay en el sobre?<\/strong><\/p>\n<p><strong>Peso del sobre<\/strong>: 2 g. Aproximadamente 13 unidades.<\/p>\n<p><em>Citrullus lanatus <\/em>\u2013 Recurso fitogen\u00e9tico<\/p>\n<p>Origen: San Juan, Mallorca.<\/p>\n<p>Tambi\u00e9n disponemos de semilla a granel, para pedidos: comandos variedades local@gmail.com \/ 623 250 278 \/ 693 066 858<\/p>\n<h2 data-start=\"360\" data-end=\"411\">M\u00e1s informaci\u00f3n sobre la Sand\u00eda de pepita blanca<\/h2>\n<p data-start=\"670\" data-end=\"721\">La <strong data-start=\"673\" data-end=\"700\">sand\u00eda de petitas blancas<\/strong> se caracteriza por:<\/p>\n<ul data-start=\"722\" data-end=\"1075\">\n<li data-start=\"722\" data-end=\"842\">Una <strong data-start=\"728\" data-end=\"767\">gran adaptaci\u00f3n al clima mediterr\u00e1neo<\/strong>, soportando bien las altas temperaturas y las condiciones de sequ\u00eda moderada.<\/li>\n<li data-start=\"843\" data-end=\"938\">Uno <strong data-start=\"848\" data-end=\"879\">ciclo de cultivo medio-largo<\/strong>, con una recolecci\u00f3n que se puede escalonar durante el verano.<\/li>\n<li data-start=\"939\" data-end=\"1075\">Su <strong data-start=\"949\" data-end=\"999\">capacidad de conservaci\u00f3n tras la cosecha<\/strong>, lo que permite disfrutarla durante varios d\u00edas si se guarda en un lugar fresco.<\/li>\n<\/ul>","protected":false},"excerpt":{"rendered":"<p><strong>Calendario de siembra Sand\u00eda de hueso blanco<\/strong><\/p>\n<p><img decoding=\"async\" class=\"alignnone size-full wp-image-7365\" src=\"https:\/\/www.varietatslocals.org\/wp-content\/uploads\/2024\/02\/Disseny-sense-titol-5-1.jpg\" alt=\"\" width=\"425\" height=\"100\" srcset=\"https:\/\/varietatslocals.org\/wp-content\/uploads\/2024\/02\/Disseny-sense-titol-5-1.jpg 425w, https:\/\/varietatslocals.org\/wp-content\/uploads\/2024\/02\/Disseny-sense-titol-5-1-18x4.jpg 18w\" sizes=\"(max-width: 425px) 100vw, 425px\" \/><\/p>\n<p><strong>Leyenda<\/strong><\/p>\n<p><img decoding=\"async\" class=\"alignnone size-full wp-image-7215\" src=\"https:\/\/www.varietatslocals.org\/wp-content\/uploads\/2024\/02\/Llegenda-varietats-locals-475-x-50-px.png\" alt=\"\" width=\"475\" height=\"50\" srcset=\"https:\/\/varietatslocals.org\/wp-content\/uploads\/2024\/02\/Llegenda-varietats-locals-475-x-50-px.png 475w, https:\/\/varietatslocals.org\/wp-content\/uploads\/2024\/02\/Llegenda-varietats-locals-475-x-50-px-18x2.png 18w\" sizes=\"(max-width: 475px) 100vw, 475px\" \/><\/p>","protected":false},"featured_media":3012,"template":"","meta":{"_joinchat":[]},"product_brand":[],"product_cat":[53],"product_tag":[],"class_list":{"0":"post-3011","1":"product","2":"type-product","3":"status-publish","4":"has-post-thumbnail","6":"product_cat-melo-i-sindria","8":"first","9":"instock","10":"taxable","11":"shipping-taxable","12":"purchasable","13":"product-type-simple"},"_links":{"self":[{"href":"https:\/\/varietatslocals.org\/es\/wp-json\/wp\/v2\/product\/3011","targetHints":{"allow":["GET"]}}],"collection":[{"href":"https:\/\/varietatslocals.org\/es\/wp-json\/wp\/v2\/product"}],"about":[{"href":"https:\/\/varietatslocals.org\/es\/wp-json\/wp\/v2\/types\/product"}],"wp:featuredmedia":[{"embeddable":true,"href":"https:\/\/varietatslocals.org\/es\/wp-json\/wp\/v2\/media\/3012"}],"wp:attachment":[{"href":"https:\/\/varietatslocals.org\/es\/wp-json\/wp\/v2\/media?parent=3011"}],"wp:term":[{"taxonomy":"product_brand","embeddable":true,"href":"https:\/\/varietatslocals.org\/es\/wp-json\/wp\/v2\/product_brand?post=3011"},{"taxonomy":"product_cat","embeddable":true,"href":"https:\/\/varietatslocals.org\/es\/wp-json\/wp\/v2\/product_cat?post=3011"},{"taxonomy":"product_tag","embeddable":true,"href":"https:\/\/varietatslocals.org\/es\/wp-json\/wp\/v2\/product_tag?post=3011"}],"curies":[{"name":"wp","href":"https:\/\/api.w.org\/{rel}","templated":true}]}}