{"id":3023,"date":"2024-02-01T00:09:34","date_gmt":"2024-01-31T23:09:34","guid":{"rendered":"https:\/\/enricoriolc13.sg-host.com\/producte\/tomatiga-de-ramellet-de-ferro\/"},"modified":"2026-04-14T09:58:19","modified_gmt":"2026-04-14T07:58:19","slug":"tomate-de-ramillete-de-hierro","status":"publish","type":"product","link":"https:\/\/varietatslocals.org\/es\/producte\/tomatiga-de-ramellet-de-ferro\/","title":{"rendered":"Tomate de ramillete \"de ferro\""},"content":{"rendered":"<p><strong>\u00bfC\u00f3mo es?<\/strong><\/p>\n<p>La <strong>Tomate de ramillete \"de ferro\"<\/strong> es de peque\u00f1as dimensiones, redonda y roc\u00edo. Apto para guardar en invierno. Resistente a la sequ\u00eda.<\/p>\n<p><strong>\u00bfCu\u00e1ndo y c\u00f3mo se siembra?<\/strong><\/p>\n<p>Si se hace en regad\u00edo, se recomienda enca\u00f1ar. En la seca no es necesario.<\/p>\n<p>Se <strong>siembra de mediados enero a abril<\/strong>. Puede trasplantarse de abril a mayo, y recolectar de julio hasta octubre.<\/p>\n<p>La<strong> distancia de siembra es de 50 cm entre plantas, y 80 cm entre filas<\/strong>, o m\u00e1s, si se hace en la seca.<\/p>\n<p><strong>\u00bfQu\u00e9 cantidad de semilla hay en el sobre?<\/strong><\/p>\n<p><strong>Peso del sobre<\/strong>: 0,2 g. Aproximadamente 42 unidades<\/p>\n<p><em>Solanum lycopersicum<\/em> \u2013 Variedad registrada<\/p>\n<p>Origen: Son Fortuny, San Juan, Mallorca.<\/p>","protected":false},"excerpt":{"rendered":"<p><strong>Calendario de siembra Tomate de ramillete de hierro<\/strong><\/p>\n<p><img decoding=\"async\" class=\"alignnone size-full wp-image-7201\" src=\"https:\/\/www.varietatslocals.org\/wp-content\/uploads\/2024\/12\/Calendari-plantacio-Tomatiga-de-pebre-425-x-100-px.jpg\" alt=\"Calendario siembra Tomate de pimienta\" width=\"425\" height=\"100\" srcset=\"https:\/\/varietatslocals.org\/wp-content\/uploads\/2024\/12\/Calendari-plantacio-Tomatiga-de-pebre-425-x-100-px.jpg 425w, https:\/\/varietatslocals.org\/wp-content\/uploads\/2024\/12\/Calendari-plantacio-Tomatiga-de-pebre-425-x-100-px-18x4.jpg 18w\" sizes=\"(max-width: 425px) 100vw, 425px\" \/><\/p>\n<p><strong>Leyenda<\/strong><\/p>\n<p><img decoding=\"async\" class=\"alignnone size-full wp-image-7215\" src=\"https:\/\/www.varietatslocals.org\/wp-content\/uploads\/2024\/02\/Llegenda-varietats-locals-475-x-50-px.png\" alt=\"\" width=\"475\" height=\"50\" srcset=\"https:\/\/varietatslocals.org\/wp-content\/uploads\/2024\/02\/Llegenda-varietats-locals-475-x-50-px.png 475w, https:\/\/varietatslocals.org\/wp-content\/uploads\/2024\/02\/Llegenda-varietats-locals-475-x-50-px-18x2.png 18w\" sizes=\"(max-width: 475px) 100vw, 475px\" \/><\/p>","protected":false},"featured_media":4229,"template":"","meta":{"_joinchat":[]},"product_brand":[],"product_cat":[54],"product_tag":[],"class_list":{"0":"post-3023","1":"product","2":"type-product","3":"status-publish","4":"has-post-thumbnail","6":"product_cat-tomatigues","8":"first","9":"instock","10":"taxable","11":"shipping-taxable","12":"purchasable","13":"product-type-simple"},"_links":{"self":[{"href":"https:\/\/varietatslocals.org\/es\/wp-json\/wp\/v2\/product\/3023","targetHints":{"allow":["GET"]}}],"collection":[{"href":"https:\/\/varietatslocals.org\/es\/wp-json\/wp\/v2\/product"}],"about":[{"href":"https:\/\/varietatslocals.org\/es\/wp-json\/wp\/v2\/types\/product"}],"wp:featuredmedia":[{"embeddable":true,"href":"https:\/\/varietatslocals.org\/es\/wp-json\/wp\/v2\/media\/4229"}],"wp:attachment":[{"href":"https:\/\/varietatslocals.org\/es\/wp-json\/wp\/v2\/media?parent=3023"}],"wp:term":[{"taxonomy":"product_brand","embeddable":true,"href":"https:\/\/varietatslocals.org\/es\/wp-json\/wp\/v2\/product_brand?post=3023"},{"taxonomy":"product_cat","embeddable":true,"href":"https:\/\/varietatslocals.org\/es\/wp-json\/wp\/v2\/product_cat?post=3023"},{"taxonomy":"product_tag","embeddable":true,"href":"https:\/\/varietatslocals.org\/es\/wp-json\/wp\/v2\/product_tag?post=3023"}],"curies":[{"name":"wp","href":"https:\/\/api.w.org\/{rel}","templated":true}]}}