{"id":3031,"date":"2024-02-01T00:09:41","date_gmt":"2024-01-31T23:09:41","guid":{"rendered":"https:\/\/enricoriolc13.sg-host.com\/producte\/ceba-blanca-mallorquina\/"},"modified":"2025-11-04T09:31:30","modified_gmt":"2025-11-04T08:31:30","slug":"cebolla-blanca-mallorquina","status":"publish","type":"product","link":"https:\/\/varietatslocals.org\/es\/producte\/ceba-blanca-mallorquina\/","title":{"rendered":"Cebolla blanca mallorquina"},"content":{"rendered":"<p><strong>\u00bfC\u00f3mo es?<\/strong><\/p>\n<p>La<strong> Cebolla blanca mallorquina<\/strong> es de color blanco, plana y muy dulce de gusto. Ideal para comer cruda. Las cebollas que no se consuman pueden resembrarse para hacer gajos.<\/p>\n<p><strong>\u00bfCu\u00e1ndo y c\u00f3mo se siembra?<\/strong><\/p>\n<p>Se puede empezar en <strong>sembrar a partir de octubre<\/strong>, a unos <strong>20-30 cm de distancia<\/strong>, y <strong>se trasplanta tres o cuatro semanas m\u00e1s tarde<\/strong>. La <strong>recolecci\u00f3n se hace a partir de julio<\/strong>.<\/p>\n<p><strong>\u00bfQu\u00e9 cantidad de semilla hay en el sobre?<\/strong><\/p>\n<p><strong>Peso del sobre<\/strong>: 0,9 g. Aproximadamente 315 unidades.<\/p>\n<p><strong>\u00bfDurante cu\u00e1nto tiempo se podr\u00e1 sembrar esta semilla?<\/strong><\/p>\n<p>Viabilidad de la semilla: 1-2 a\u00f1os. Las semillas pierden viabilidad muy r\u00e1pidamente en sitios c\u00e1lidos y h\u00famedos.<\/p>\n<p><em>Allium cepa <\/em>\u2013 Variedad registrada<\/p>\n<p>Origen: Horteta, San Juan, Mallorca<\/p>\n<p>Tambi\u00e9n disponemos de semilla a granel, para pedidos: comandos variedades local@gmail.com \/ 623 250 278 \/ 693 066 858<\/p>","protected":false},"excerpt":{"rendered":"<p><strong>Calendario de siembra Cebolla blanca mallorquina<\/strong><\/p>\n<p><img decoding=\"async\" class=\"alignnone size-full wp-image-7388\" src=\"https:\/\/www.varietatslocals.org\/wp-content\/uploads\/2024\/02\/Disseny-sense-titol-16.jpg\" alt=\"\" width=\"425\" height=\"100\" srcset=\"https:\/\/varietatslocals.org\/wp-content\/uploads\/2024\/02\/Disseny-sense-titol-16.jpg 425w, https:\/\/varietatslocals.org\/wp-content\/uploads\/2024\/02\/Disseny-sense-titol-16-18x4.jpg 18w\" sizes=\"(max-width: 425px) 100vw, 425px\" \/><\/p>\n<p><strong>Leyenda<\/strong><\/p>\n<p><img decoding=\"async\" class=\"alignnone size-full wp-image-7215\" src=\"https:\/\/www.varietatslocals.org\/wp-content\/uploads\/2024\/02\/Llegenda-varietats-locals-475-x-50-px.png\" alt=\"\" width=\"475\" height=\"50\" srcset=\"https:\/\/varietatslocals.org\/wp-content\/uploads\/2024\/02\/Llegenda-varietats-locals-475-x-50-px.png 475w, https:\/\/varietatslocals.org\/wp-content\/uploads\/2024\/02\/Llegenda-varietats-locals-475-x-50-px-18x2.png 18w\" sizes=\"(max-width: 475px) 100vw, 475px\" \/><\/p>\n<p>&nbsp;<\/p>","protected":false},"featured_media":2373,"template":"","meta":{"_joinchat":[]},"product_brand":[],"product_cat":[55],"product_tag":[],"class_list":{"0":"post-3031","1":"product","2":"type-product","3":"status-publish","4":"has-post-thumbnail","6":"product_cat-ceba","8":"first","9":"outofstock","10":"taxable","11":"shipping-taxable","12":"purchasable","13":"product-type-simple"},"_links":{"self":[{"href":"https:\/\/varietatslocals.org\/es\/wp-json\/wp\/v2\/product\/3031","targetHints":{"allow":["GET"]}}],"collection":[{"href":"https:\/\/varietatslocals.org\/es\/wp-json\/wp\/v2\/product"}],"about":[{"href":"https:\/\/varietatslocals.org\/es\/wp-json\/wp\/v2\/types\/product"}],"wp:featuredmedia":[{"embeddable":true,"href":"https:\/\/varietatslocals.org\/es\/wp-json\/wp\/v2\/media\/2373"}],"wp:attachment":[{"href":"https:\/\/varietatslocals.org\/es\/wp-json\/wp\/v2\/media?parent=3031"}],"wp:term":[{"taxonomy":"product_brand","embeddable":true,"href":"https:\/\/varietatslocals.org\/es\/wp-json\/wp\/v2\/product_brand?post=3031"},{"taxonomy":"product_cat","embeddable":true,"href":"https:\/\/varietatslocals.org\/es\/wp-json\/wp\/v2\/product_cat?post=3031"},{"taxonomy":"product_tag","embeddable":true,"href":"https:\/\/varietatslocals.org\/es\/wp-json\/wp\/v2\/product_tag?post=3031"}],"curies":[{"name":"wp","href":"https:\/\/api.w.org\/{rel}","templated":true}]}}