{"id":3078,"date":"2024-02-01T00:09:49","date_gmt":"2024-01-31T23:09:49","guid":{"rendered":"https:\/\/enricoriolc13.sg-host.com\/producte\/recull-de-llavors-4-varietats\/"},"modified":"2024-12-02T11:59:39","modified_gmt":"2024-12-02T10:59:39","slug":"recopilacion-de-semillas-4-variedades","status":"publish","type":"product","link":"https:\/\/varietatslocals.org\/es\/producte\/recull-de-llavors-4-varietats\/","title":{"rendered":"Recopilaci\u00f3n de semillas, 4 variedades"},"content":{"rendered":"<p>Recopilaci\u00f3n perfecta para regalar, que incluye:<\/p>\n<ul>\n<li>4 sobres de semillas de variedades locales*<\/li>\n<\/ul>\n<p>*Puede elegir entre los siguientes tipos de recopilaciones:<\/p>\n<ul>\n<li>Recopilaci\u00f3n de melones y sand\u00edas: 4 variedades locales de melones y sand\u00edas<\/li>\n<li>Recopilaci\u00f3n de tomates: 4 variedades locales de tomates<\/li>\n<li>Recopilaci\u00f3n de variedades locales: 4 variedades locales sorpresa o las que usted elija<\/li>\n<\/ul>\n<p>Al realizar el pedido deber\u00e1 escribir en los comentarios qu\u00e9 recopilaci\u00f3n desea recibir.<\/p>","protected":false},"excerpt":{"rendered":"<p>Recull perfecte per regalar, que inclou: 4 sobres de llavors de varietats locals* *Podeu triar entre els seg\u00fcents tipus de reculls: Recull de melons i s\u00edndries: 4 varietats locals de melons i s\u00edndries Recull de tom\u00e0tigues: 4 varietats locals de tom\u00e0tigues Recull de varietats locals: 4 varietats locals sorpresa o les que trieu En fer [&hellip;]<\/p>\n","protected":false},"featured_media":3079,"template":"","meta":{"_joinchat":[]},"product_brand":[],"product_cat":[43],"product_tag":[],"class_list":{"0":"post-3078","1":"product","2":"type-product","3":"status-publish","4":"has-post-thumbnail","6":"product_cat-lots-de-regal","8":"first","9":"instock","10":"taxable","11":"shipping-taxable","12":"purchasable","13":"product-type-simple"},"_links":{"self":[{"href":"https:\/\/varietatslocals.org\/es\/wp-json\/wp\/v2\/product\/3078","targetHints":{"allow":["GET"]}}],"collection":[{"href":"https:\/\/varietatslocals.org\/es\/wp-json\/wp\/v2\/product"}],"about":[{"href":"https:\/\/varietatslocals.org\/es\/wp-json\/wp\/v2\/types\/product"}],"wp:featuredmedia":[{"embeddable":true,"href":"https:\/\/varietatslocals.org\/es\/wp-json\/wp\/v2\/media\/3079"}],"wp:attachment":[{"href":"https:\/\/varietatslocals.org\/es\/wp-json\/wp\/v2\/media?parent=3078"}],"wp:term":[{"taxonomy":"product_brand","embeddable":true,"href":"https:\/\/varietatslocals.org\/es\/wp-json\/wp\/v2\/product_brand?post=3078"},{"taxonomy":"product_cat","embeddable":true,"href":"https:\/\/varietatslocals.org\/es\/wp-json\/wp\/v2\/product_cat?post=3078"},{"taxonomy":"product_tag","embeddable":true,"href":"https:\/\/varietatslocals.org\/es\/wp-json\/wp\/v2\/product_tag?post=3078"}],"curies":[{"name":"wp","href":"https:\/\/api.w.org\/{rel}","templated":true}]}}