{"id":3092,"date":"2024-02-01T00:09:49","date_gmt":"2024-01-31T23:09:49","guid":{"rendered":"https:\/\/enricoriolc13.sg-host.com\/producte\/postals-de-varietats-locals\/"},"modified":"2024-03-11T12:55:39","modified_gmt":"2024-03-11T11:55:39","slug":"postales-de-variedades-locales","status":"publish","type":"product","link":"https:\/\/varietatslocals.org\/es\/producte\/postals-de-varietats-locals\/","title":{"rendered":"Postales de variedades locales"},"content":{"rendered":"<p>Elige la postal que m\u00e1s te guste indic\u00e1ndolo en los comentarios del pedido.<\/p>\n<ul>\n<li>Sand\u00eda de semilla roja<\/li>\n<li>Col \"borratxona\"<\/li>\n<li>Pimiento \"de fulla d'olivera\"<\/li>\n<li>Zanahoria morada<\/li>\n<\/ul>","protected":false},"excerpt":{"rendered":"<p>Elige la postal que m\u00e1s te guste indic\u00e1ndolo en los comentarios del pedido. Sand\u00eda de hueso rojo Col borrachona Pimienta de hoja de olivo Zanahoria morada<\/p>","protected":false},"featured_media":3093,"template":"","meta":{"_joinchat":[]},"product_brand":[],"product_cat":[15,42],"product_tag":[],"class_list":{"0":"post-3092","1":"product","2":"type-product","3":"status-publish","4":"has-post-thumbnail","6":"product_cat-general","7":"product_cat-llibres","9":"first","10":"instock","11":"taxable","12":"shipping-taxable","13":"purchasable","14":"product-type-simple"},"_links":{"self":[{"href":"https:\/\/varietatslocals.org\/es\/wp-json\/wp\/v2\/product\/3092","targetHints":{"allow":["GET"]}}],"collection":[{"href":"https:\/\/varietatslocals.org\/es\/wp-json\/wp\/v2\/product"}],"about":[{"href":"https:\/\/varietatslocals.org\/es\/wp-json\/wp\/v2\/types\/product"}],"wp:featuredmedia":[{"embeddable":true,"href":"https:\/\/varietatslocals.org\/es\/wp-json\/wp\/v2\/media\/3093"}],"wp:attachment":[{"href":"https:\/\/varietatslocals.org\/es\/wp-json\/wp\/v2\/media?parent=3092"}],"wp:term":[{"taxonomy":"product_brand","embeddable":true,"href":"https:\/\/varietatslocals.org\/es\/wp-json\/wp\/v2\/product_brand?post=3092"},{"taxonomy":"product_cat","embeddable":true,"href":"https:\/\/varietatslocals.org\/es\/wp-json\/wp\/v2\/product_cat?post=3092"},{"taxonomy":"product_tag","embeddable":true,"href":"https:\/\/varietatslocals.org\/es\/wp-json\/wp\/v2\/product_tag?post=3092"}],"curies":[{"name":"wp","href":"https:\/\/api.w.org\/{rel}","templated":true}]}}