{"id":3105,"date":"2024-02-01T00:09:49","date_gmt":"2024-01-31T23:09:49","guid":{"rendered":"https:\/\/enricoriolc13.sg-host.com\/producte\/fesol-fava\/"},"modified":"2026-05-07T15:07:38","modified_gmt":"2026-05-07T13:07:38","slug":"frijol-haba","status":"publish","type":"product","link":"https:\/\/varietatslocals.org\/es\/producte\/fesol-fava\/","title":{"rendered":"Jud\u00eda haba"},"content":{"rendered":"<p>El <strong>Jud\u00eda haba<\/strong> es una jud\u00eda poco cultivada. Es aplanado, con fondo blanco y manchas moradas que var\u00edan en cantidad y forma seg\u00fan la selecci\u00f3n hecha de la variedad. Se come la semilla, no la jud\u00eda. Se puede comer tanto seco como tierno. En arroces se suele utilizar un poco tierno, y cuando est\u00e1 bien seco se utiliza m\u00e1s en cocinados, escaldums, grasas y aguiados.<\/p>\n<p>Se puede <strong>sembrar entre abril y junio<\/strong>. La siembra es directa a una profundidad de unos 10 cm y una <strong>distancia entre plantas de unos 15-20 cm<\/strong>.<\/p>\n<p><strong>Peso del sobre<\/strong>: 46,7 g. Aproximadamente 50 unidades.<\/p>\n<p>Viabilidad de la semilla: 3 a\u00f1os.<\/p>\n<p><em>Phaseolus lunatus<\/em> \u2013 Recurso fitogen\u00e9tico<\/p>\n<p>Origen: Ca na Justa, Porreres, Mallorca.<\/p>","protected":false},"excerpt":{"rendered":"<p><strong>Calendario de siembra Fesol hava<\/strong><\/p>\n<p><img decoding=\"async\" class=\"alignnone size-full wp-image-7383\" src=\"https:\/\/www.varietatslocals.org\/wp-content\/uploads\/2024\/02\/Disseny-sense-titol-13.jpg\" alt=\"\" width=\"425\" height=\"100\" srcset=\"https:\/\/varietatslocals.org\/wp-content\/uploads\/2024\/02\/Disseny-sense-titol-13.jpg 425w, https:\/\/varietatslocals.org\/wp-content\/uploads\/2024\/02\/Disseny-sense-titol-13-18x4.jpg 18w\" sizes=\"(max-width: 425px) 100vw, 425px\" \/><\/p>\n<p><strong>Leyenda<\/strong><\/p>\n<p><img decoding=\"async\" class=\"alignnone size-full wp-image-7215\" src=\"https:\/\/www.varietatslocals.org\/wp-content\/uploads\/2024\/02\/Llegenda-varietats-locals-475-x-50-px.png\" alt=\"\" width=\"475\" height=\"50\" srcset=\"https:\/\/varietatslocals.org\/wp-content\/uploads\/2024\/02\/Llegenda-varietats-locals-475-x-50-px.png 475w, https:\/\/varietatslocals.org\/wp-content\/uploads\/2024\/02\/Llegenda-varietats-locals-475-x-50-px-18x2.png 18w\" sizes=\"(max-width: 475px) 100vw, 475px\" \/><\/p>","protected":false},"featured_media":2321,"template":"","meta":{"_joinchat":[]},"product_brand":[],"product_cat":[50],"product_tag":[],"class_list":{"0":"post-3105","1":"product","2":"type-product","3":"status-publish","4":"has-post-thumbnail","6":"product_cat-llegums","8":"first","9":"instock","10":"taxable","11":"shipping-taxable","12":"purchasable","13":"product-type-simple"},"_links":{"self":[{"href":"https:\/\/varietatslocals.org\/es\/wp-json\/wp\/v2\/product\/3105","targetHints":{"allow":["GET"]}}],"collection":[{"href":"https:\/\/varietatslocals.org\/es\/wp-json\/wp\/v2\/product"}],"about":[{"href":"https:\/\/varietatslocals.org\/es\/wp-json\/wp\/v2\/types\/product"}],"wp:featuredmedia":[{"embeddable":true,"href":"https:\/\/varietatslocals.org\/es\/wp-json\/wp\/v2\/media\/2321"}],"wp:attachment":[{"href":"https:\/\/varietatslocals.org\/es\/wp-json\/wp\/v2\/media?parent=3105"}],"wp:term":[{"taxonomy":"product_brand","embeddable":true,"href":"https:\/\/varietatslocals.org\/es\/wp-json\/wp\/v2\/product_brand?post=3105"},{"taxonomy":"product_cat","embeddable":true,"href":"https:\/\/varietatslocals.org\/es\/wp-json\/wp\/v2\/product_cat?post=3105"},{"taxonomy":"product_tag","embeddable":true,"href":"https:\/\/varietatslocals.org\/es\/wp-json\/wp\/v2\/product_tag?post=3105"}],"curies":[{"name":"wp","href":"https:\/\/api.w.org\/{rel}","templated":true}]}}