{"id":3130,"date":"2024-02-01T00:09:57","date_gmt":"2024-01-31T23:09:57","guid":{"rendered":"https:\/\/enricoriolc13.sg-host.com\/producte\/blat-de-les-indies-de-muro\/"},"modified":"2025-03-14T11:01:07","modified_gmt":"2025-03-14T10:01:07","slug":"trigo-de-las-indias-de-muro","status":"publish","type":"product","link":"https:\/\/varietatslocals.org\/es\/producte\/blat-de-les-indies-de-muro\/","title":{"rendered":"Ma\u00edz de Muro"},"content":{"rendered":"<p><strong>\u00bfC\u00f3mo es?<\/strong><\/p>\n<p>El <strong>Ma\u00edz<\/strong> de Muro es apto para consumo animal y humano, entero o en harina; si se cosecha muy tierno se puede comer crudo o cocinado. De mazorcas grandes y semilla media. Dentro de la misma variedad se pueden diferenciar dos tipos de grano seg\u00fan su color, m\u00e1s amarillo o m\u00e1s rojizo, \u00e9sta en concreto es fruto de una selecci\u00f3n de semilla roja. La planta se puede llegar a medir de 2 m, y es de ca\u00f1a gruesa.<\/p>\n<p><strong>\u00bfCu\u00e1ndo y c\u00f3mo se siembra?<\/strong><\/p>\n<p>Se puede hacer la <strong>siembra directa a partir de abril y junio<\/strong>, para cosechar cuando la planta comienza a secarse o antes si se quiere consumir crudo.<strong> La distancia de siembra es de unos 30-50 cm entre plantas y 80 cm entre filas<\/strong>.<\/p>\n<p><strong>\u00bfQu\u00e9 cantidad de semilla hay en el sobre?<\/strong><\/p>\n<p><strong>Peso del sobre<\/strong>: 14,2 g. Aproximadamente 60 unidades.<\/p>\n<p><strong>\u00bfDurante cu\u00e1nto tiempo se podr\u00e1 sembrar esta semilla?<\/strong><\/p>\n<p>Viabilidad de la semilla: 3-10 a\u00f1os<\/p>\n<p><em>Zea mays <\/em>L. \u2013 Recurso fitogen\u00e9tico<\/p>\n<p>Origen: Muro, Mallorca<\/p>\n<p>Tambi\u00e9n disponemos de semilla a granel, para pedidos: comandos variedades local@gmail.com \/ 623 250 278 \/ 693 066 858<\/p>\n<p>&nbsp;<\/p>","protected":false},"excerpt":{"rendered":"<p><strong>Calendario de siembra Trigo de las indias de Muro<\/strong><\/p>\n<p><img decoding=\"async\" class=\"alignnone size-full wp-image-7368\" src=\"https:\/\/www.varietatslocals.org\/wp-content\/uploads\/2024\/02\/Disseny-sense-titol-8.jpg\" alt=\"\" width=\"425\" height=\"100\" srcset=\"https:\/\/varietatslocals.org\/wp-content\/uploads\/2024\/02\/Disseny-sense-titol-8.jpg 425w, https:\/\/varietatslocals.org\/wp-content\/uploads\/2024\/02\/Disseny-sense-titol-8-18x4.jpg 18w\" sizes=\"(max-width: 425px) 100vw, 425px\" \/><\/p>\n<p><strong>Leyenda<\/strong><\/p>\n<p><img decoding=\"async\" class=\"alignnone size-full wp-image-7215\" src=\"https:\/\/www.varietatslocals.org\/wp-content\/uploads\/2024\/02\/Llegenda-varietats-locals-475-x-50-px.png\" alt=\"\" width=\"475\" height=\"50\" srcset=\"https:\/\/varietatslocals.org\/wp-content\/uploads\/2024\/02\/Llegenda-varietats-locals-475-x-50-px.png 475w, https:\/\/varietatslocals.org\/wp-content\/uploads\/2024\/02\/Llegenda-varietats-locals-475-x-50-px-18x2.png 18w\" sizes=\"(max-width: 475px) 100vw, 475px\" \/><\/p>\n<p>&nbsp;<\/p>","protected":false},"featured_media":3131,"template":"","meta":{"_joinchat":[]},"product_brand":[],"product_cat":[48],"product_tag":[],"class_list":{"0":"post-3130","1":"product","2":"type-product","3":"status-publish","4":"has-post-thumbnail","6":"product_cat-blat-de-les-indies","8":"first","9":"outofstock","10":"taxable","11":"shipping-taxable","12":"purchasable","13":"product-type-simple"},"_links":{"self":[{"href":"https:\/\/varietatslocals.org\/es\/wp-json\/wp\/v2\/product\/3130","targetHints":{"allow":["GET"]}}],"collection":[{"href":"https:\/\/varietatslocals.org\/es\/wp-json\/wp\/v2\/product"}],"about":[{"href":"https:\/\/varietatslocals.org\/es\/wp-json\/wp\/v2\/types\/product"}],"wp:featuredmedia":[{"embeddable":true,"href":"https:\/\/varietatslocals.org\/es\/wp-json\/wp\/v2\/media\/3131"}],"wp:attachment":[{"href":"https:\/\/varietatslocals.org\/es\/wp-json\/wp\/v2\/media?parent=3130"}],"wp:term":[{"taxonomy":"product_brand","embeddable":true,"href":"https:\/\/varietatslocals.org\/es\/wp-json\/wp\/v2\/product_brand?post=3130"},{"taxonomy":"product_cat","embeddable":true,"href":"https:\/\/varietatslocals.org\/es\/wp-json\/wp\/v2\/product_cat?post=3130"},{"taxonomy":"product_tag","embeddable":true,"href":"https:\/\/varietatslocals.org\/es\/wp-json\/wp\/v2\/product_tag?post=3130"}],"curies":[{"name":"wp","href":"https:\/\/api.w.org\/{rel}","templated":true}]}}