{"id":3134,"date":"2024-02-01T00:09:57","date_gmt":"2024-01-31T23:09:57","guid":{"rendered":"https:\/\/enricoriolc13.sg-host.com\/producte\/melo-calapot\/"},"modified":"2026-04-14T09:58:19","modified_gmt":"2026-04-14T07:58:19","slug":"melo-calapot","status":"publish","type":"product","link":"https:\/\/varietatslocals.org\/es\/producte\/melo-calapot\/","title":{"rendered":"Mel\u00f3n \"cal\u00e1pot\""},"content":{"rendered":"<p><strong>\u00bfC\u00f3mo es?<\/strong><\/p>\n<p>El <strong>Mel\u00f3n \"cal\u00e1pot\"<\/strong> es un poco largo con las puntas redondeadas. De color verde oscuro con manchas negras. De pasta de color blanco y textura media. Madura justo despu\u00e9s del mel\u00f3n erizo y tiene buena conservaci\u00f3n post cosecha.<\/p>\n<p><strong>\u00bfCu\u00e1ndo y c\u00f3mo se siembra?<\/strong><\/p>\n<p>Se <strong>siembra de finales de abril a mayo<\/strong>, y se cosecha a partir de julio hasta octubre. La <strong>distancia de siembra es de 50-80 cm entre plantas, y de 1 m entre filas<\/strong>. Si se hace en la seca, conviene dejar unos 1,8 m entre filas.<\/p>\n<p><strong>\u00bfQu\u00e9 cantidad de semilla hay en el sobre?<\/strong><\/p>\n<p><strong>Peso del sobre<\/strong>: 1 g. Aproximadamente 36 unidades<\/p>\n<p><strong>\u00bfDurante cu\u00e1nto tiempo se podr\u00e1 sembrar esta semilla?<\/strong><\/p>\n<p>Viabilidad de la semilla: 4-5 a\u00f1os<\/p>\n<p><em>Cucumis melo <\/em>\u2013 Recurso fitogen\u00e9tico<\/p>\n<p>Origen: Es Moradet, Montu\u00efri, Mallorca.<\/p>","protected":false},"excerpt":{"rendered":"<p><strong>Calendario de siembra Mel\u00f3n cal\u00e1pote<\/strong><\/p>\n<p><img decoding=\"async\" class=\"alignnone size-full wp-image-7372\" src=\"https:\/\/www.varietatslocals.org\/wp-content\/uploads\/2024\/02\/Disseny-sense-titol-6-1.jpg\" alt=\"\" width=\"425\" height=\"100\" srcset=\"https:\/\/varietatslocals.org\/wp-content\/uploads\/2024\/02\/Disseny-sense-titol-6-1.jpg 425w, https:\/\/varietatslocals.org\/wp-content\/uploads\/2024\/02\/Disseny-sense-titol-6-1-18x4.jpg 18w\" sizes=\"(max-width: 425px) 100vw, 425px\" \/><\/p>\n<p><strong>Leyenda<\/strong><\/p>\n<p><img decoding=\"async\" class=\"alignnone size-full wp-image-7215\" src=\"https:\/\/www.varietatslocals.org\/wp-content\/uploads\/2024\/02\/Llegenda-varietats-locals-475-x-50-px.png\" alt=\"\" width=\"475\" height=\"50\" srcset=\"https:\/\/varietatslocals.org\/wp-content\/uploads\/2024\/02\/Llegenda-varietats-locals-475-x-50-px.png 475w, https:\/\/varietatslocals.org\/wp-content\/uploads\/2024\/02\/Llegenda-varietats-locals-475-x-50-px-18x2.png 18w\" sizes=\"(max-width: 475px) 100vw, 475px\" \/><\/p>","protected":false},"featured_media":3135,"template":"","meta":{"_joinchat":[]},"product_brand":[],"product_cat":[53],"product_tag":[],"class_list":{"0":"post-3134","1":"product","2":"type-product","3":"status-publish","4":"has-post-thumbnail","6":"product_cat-melo-i-sindria","8":"first","9":"instock","10":"taxable","11":"shipping-taxable","12":"purchasable","13":"product-type-simple"},"_links":{"self":[{"href":"https:\/\/varietatslocals.org\/es\/wp-json\/wp\/v2\/product\/3134","targetHints":{"allow":["GET"]}}],"collection":[{"href":"https:\/\/varietatslocals.org\/es\/wp-json\/wp\/v2\/product"}],"about":[{"href":"https:\/\/varietatslocals.org\/es\/wp-json\/wp\/v2\/types\/product"}],"wp:featuredmedia":[{"embeddable":true,"href":"https:\/\/varietatslocals.org\/es\/wp-json\/wp\/v2\/media\/3135"}],"wp:attachment":[{"href":"https:\/\/varietatslocals.org\/es\/wp-json\/wp\/v2\/media?parent=3134"}],"wp:term":[{"taxonomy":"product_brand","embeddable":true,"href":"https:\/\/varietatslocals.org\/es\/wp-json\/wp\/v2\/product_brand?post=3134"},{"taxonomy":"product_cat","embeddable":true,"href":"https:\/\/varietatslocals.org\/es\/wp-json\/wp\/v2\/product_cat?post=3134"},{"taxonomy":"product_tag","embeddable":true,"href":"https:\/\/varietatslocals.org\/es\/wp-json\/wp\/v2\/product_tag?post=3134"}],"curies":[{"name":"wp","href":"https:\/\/api.w.org\/{rel}","templated":true}]}}