{"id":3149,"date":"2024-02-01T00:10:06","date_gmt":"2024-01-31T23:10:06","guid":{"rendered":"https:\/\/enricoriolc13.sg-host.com\/producte\/inventari-de-les-varietats-vegetals-tradicionals-ib-tom-ii\/"},"modified":"2024-04-19T10:45:07","modified_gmt":"2024-04-19T08:45:07","slug":"inventario-de-las-variedades-vegetales-tradicionales-ib-tom-ii","status":"publish","type":"product","link":"https:\/\/varietatslocals.org\/es\/producte\/inventari-de-les-varietats-vegetals-tradicionals-ib-tom-ii\/","title":{"rendered":"Inventario de las variedades vegetales tradicionales IB. Tomo II"},"content":{"rendered":"<p>Libro \u201c<strong>Inventario de las variedades vegetales tradicionales IB. Tomo II<\/strong>\u201c.<\/p>\n<p>Tomo I sobre los frutales de la sub-familia de las prunoidees de Mallorca.<\/p>\n<p>Es un libro muy completo sobre las variedades tradicionales de frutales de la familia de las prunoideas.<\/p>\n<p>Si desea saber qu\u00e9 variedades sembrar, conocer el ciclo de cultivo, as\u00ed como el momento de fructificaci\u00f3n, as\u00ed el modo<\/p>\n<p>de consumo. Es un gran libro. Muy recomendable por los apasionados de los frutales.<\/p>\n<p>Autor: Lloren\u00e7 Payeras y Jaume Falconer<\/p>\n<p>A\u00f1o 2019.<\/p>","protected":false},"excerpt":{"rendered":"<p>Llibre &#8220;Inventari de les varietats vegetals tradicionals IB. Tom II&#8220;. Tom I sobre els fruiters de la sub-fam\u00edlia de les prunoidees de Mallorca. \u00c9s un llibre molt complet sobre les varietats tradicionals de fruiters de la fam\u00edlia de les prunoidees. Si voleu saber quines varietats sembrar, con\u00e8ixer el cicle de cultiu, aix\u00ed com el moment [&hellip;]<\/p>\n","protected":false},"featured_media":3150,"template":"","meta":{"_joinchat":[]},"product_brand":[],"product_cat":[42],"product_tag":[],"class_list":{"0":"post-3149","1":"product","2":"type-product","3":"status-publish","4":"has-post-thumbnail","6":"product_cat-llibres","8":"first","9":"instock","10":"taxable","11":"shipping-taxable","12":"purchasable","13":"product-type-simple"},"_links":{"self":[{"href":"https:\/\/varietatslocals.org\/es\/wp-json\/wp\/v2\/product\/3149","targetHints":{"allow":["GET"]}}],"collection":[{"href":"https:\/\/varietatslocals.org\/es\/wp-json\/wp\/v2\/product"}],"about":[{"href":"https:\/\/varietatslocals.org\/es\/wp-json\/wp\/v2\/types\/product"}],"wp:featuredmedia":[{"embeddable":true,"href":"https:\/\/varietatslocals.org\/es\/wp-json\/wp\/v2\/media\/3150"}],"wp:attachment":[{"href":"https:\/\/varietatslocals.org\/es\/wp-json\/wp\/v2\/media?parent=3149"}],"wp:term":[{"taxonomy":"product_brand","embeddable":true,"href":"https:\/\/varietatslocals.org\/es\/wp-json\/wp\/v2\/product_brand?post=3149"},{"taxonomy":"product_cat","embeddable":true,"href":"https:\/\/varietatslocals.org\/es\/wp-json\/wp\/v2\/product_cat?post=3149"},{"taxonomy":"product_tag","embeddable":true,"href":"https:\/\/varietatslocals.org\/es\/wp-json\/wp\/v2\/product_tag?post=3149"}],"curies":[{"name":"wp","href":"https:\/\/api.w.org\/{rel}","templated":true}]}}