{"id":3159,"date":"2024-02-01T00:10:06","date_gmt":"2024-01-31T23:10:06","guid":{"rendered":"https:\/\/enricoriolc13.sg-host.com\/producte\/bossa-varietats-daglans-dolcos\/"},"modified":"2024-11-20T12:19:22","modified_gmt":"2024-11-20T11:19:22","slug":"bolsa-variedades-daglanes-dulces","status":"publish","type":"product","link":"https:\/\/varietatslocals.org\/es\/producte\/bossa-varietats-daglans-dolcos-de-mallorca\/","title":{"rendered":"Bolsa variedades de bellotas dulces de Mallorca"},"content":{"rendered":"<p>La <strong>bolsa variedades de bellotas dulces de Mallorca<\/strong> es una bolsa de algod\u00f3n ecol\u00f3gico hecha en Galicia.<\/p>\n<p>Las ilustraciones son de Xavi Canyellas y ha sido maquetada por la ilustradora N\u00edvola Uy\u00e0.<\/p>\n<p>En la ilustraci\u00f3n hay cuatro variedades locales de bellotas dulces que en los \u00faltimos a\u00f1os hemos prospectado.<\/p>\n<p>Estas variedades tienen diferentes grados de dulzura y tienen diferentes formas, lo que hace que se diferencien mejor.<\/p>\n<p>Las cuatro variedades seleccionadas son: Avellaneta, de casta\u00f1a, den Cremat y de la campanilla.<\/p>\n<p>Si quieres apoyar el proyecto de recuperaci\u00f3n de encinas dulces compra esta bolsa.<\/p>\n<p>&nbsp;<\/p>","protected":false},"excerpt":{"rendered":"<p>La bossa varietats d&#8217;aglans dol\u00e7os de Mallorca \u00e9s una bossa de cot\u00f3 ecol\u00f2gic feta a Gal\u00edcia. Les il\u00b7lustracions s\u00f3n den Xavi Canyellas i ha estat maquetada per la il\u00b7lustradora N\u00edvola Uy\u00e0. A la il\u00b7lustraci\u00f3 hi ha quatre varietats locals d&#8217;aglans dol\u00e7os que els darrers anys hem prospectat. Aquestes varietats tenen diferents graus de dol\u00e7or i [&hellip;]<\/p>\n","protected":false},"featured_media":3160,"template":"","meta":{"_joinchat":[]},"product_brand":[],"product_cat":[41],"product_tag":[],"class_list":{"0":"post-3159","1":"product","2":"type-product","3":"status-publish","4":"has-post-thumbnail","6":"product_cat-merxandatge","8":"first","9":"instock","10":"taxable","11":"shipping-taxable","12":"purchasable","13":"product-type-simple"},"_links":{"self":[{"href":"https:\/\/varietatslocals.org\/es\/wp-json\/wp\/v2\/product\/3159","targetHints":{"allow":["GET"]}}],"collection":[{"href":"https:\/\/varietatslocals.org\/es\/wp-json\/wp\/v2\/product"}],"about":[{"href":"https:\/\/varietatslocals.org\/es\/wp-json\/wp\/v2\/types\/product"}],"wp:featuredmedia":[{"embeddable":true,"href":"https:\/\/varietatslocals.org\/es\/wp-json\/wp\/v2\/media\/3160"}],"wp:attachment":[{"href":"https:\/\/varietatslocals.org\/es\/wp-json\/wp\/v2\/media?parent=3159"}],"wp:term":[{"taxonomy":"product_brand","embeddable":true,"href":"https:\/\/varietatslocals.org\/es\/wp-json\/wp\/v2\/product_brand?post=3159"},{"taxonomy":"product_cat","embeddable":true,"href":"https:\/\/varietatslocals.org\/es\/wp-json\/wp\/v2\/product_cat?post=3159"},{"taxonomy":"product_tag","embeddable":true,"href":"https:\/\/varietatslocals.org\/es\/wp-json\/wp\/v2\/product_tag?post=3159"}],"curies":[{"name":"wp","href":"https:\/\/api.w.org\/{rel}","templated":true}]}}