{"id":3161,"date":"2024-02-01T00:10:06","date_gmt":"2024-01-31T23:10:06","guid":{"rendered":"https:\/\/enricoriolc13.sg-host.com\/producte\/cataleg-avl-2024\/"},"modified":"2026-04-13T13:48:35","modified_gmt":"2026-04-13T11:48:35","slug":"catalogo-avl-2026","status":"publish","type":"product","link":"https:\/\/varietatslocals.org\/es\/producte\/cataleg-avl-2026\/","title":{"rendered":"Cat\u00e1logo AVL 2026"},"content":{"rendered":"<div class=\"wpb_text_column wpb_content_element p18px\">\n<div class=\"wpb_wrapper\">\n<p>El cat\u00e1logo de semillas de variedades locales es un ejemplar en papel, que ilustra las diferentes variedades de hortaliza y legumbre que la red de multiplicadores de semilla produce en sus fincas distribuidas en la isla de Mallorca para ofrecerlos a la poblaci\u00f3n. Descubre en el cat\u00e1logo cu\u00e1ndo sembrar y cu\u00e1ndo recolectar las variedades locales. La mayor\u00eda de semillas tienen la certificaci\u00f3n ecol\u00f3gica.<\/p>\n<p>Adem\u00e1s, y como novedad, este a\u00f1o tambi\u00e9n podr\u00e1s encontrar, aparte de la lista de establecimientos colaboradores donde encontrar nuestras semillas, una lista de productores y vendedores de planteles y \u00e1rboles de variedades locales. Si quieres tener toda la informaci\u00f3n de nuestro proyecto de multiplicaci\u00f3n de semilla, este material es el ideal.<\/p>\n<p>&nbsp;<\/p>\n<\/div>\n<\/div>\n<p>&nbsp;<\/p>","protected":false},"excerpt":{"rendered":"<p>El cat\u00e0leg de llavors de varietats locals \u00e9s un exemplar en paper, que il\u00b7lustra les diferents varietats d\u2019hortalissa i llegum que la xarxa de multiplicadors de llavor produeix a les seves finques distribuides a l&#8217;illa de Mallorca per oferir-los a la poblaci\u00f3. Descobreix al cat\u00e0leg quan sembrar i quan recol\u00b7lectar les varietats locals. La majoria [&hellip;]<\/p>\n","protected":false},"featured_media":8695,"template":"","meta":{"_joinchat":[]},"product_brand":[],"product_cat":[39,42,40],"product_tag":[],"class_list":{"0":"post-3161","1":"product","2":"type-product","3":"status-publish","4":"has-post-thumbnail","6":"product_cat-catalegs","7":"product_cat-llibres","8":"product_cat-novetat","10":"first","11":"instock","12":"taxable","13":"shipping-taxable","14":"purchasable","15":"product-type-simple"},"_links":{"self":[{"href":"https:\/\/varietatslocals.org\/es\/wp-json\/wp\/v2\/product\/3161","targetHints":{"allow":["GET"]}}],"collection":[{"href":"https:\/\/varietatslocals.org\/es\/wp-json\/wp\/v2\/product"}],"about":[{"href":"https:\/\/varietatslocals.org\/es\/wp-json\/wp\/v2\/types\/product"}],"wp:featuredmedia":[{"embeddable":true,"href":"https:\/\/varietatslocals.org\/es\/wp-json\/wp\/v2\/media\/8695"}],"wp:attachment":[{"href":"https:\/\/varietatslocals.org\/es\/wp-json\/wp\/v2\/media?parent=3161"}],"wp:term":[{"taxonomy":"product_brand","embeddable":true,"href":"https:\/\/varietatslocals.org\/es\/wp-json\/wp\/v2\/product_brand?post=3161"},{"taxonomy":"product_cat","embeddable":true,"href":"https:\/\/varietatslocals.org\/es\/wp-json\/wp\/v2\/product_cat?post=3161"},{"taxonomy":"product_tag","embeddable":true,"href":"https:\/\/varietatslocals.org\/es\/wp-json\/wp\/v2\/product_tag?post=3161"}],"curies":[{"name":"wp","href":"https:\/\/api.w.org\/{rel}","templated":true}]}}