{"id":3163,"date":"2024-02-01T00:10:06","date_gmt":"2024-01-31T23:10:06","guid":{"rendered":"https:\/\/enricoriolc13.sg-host.com\/producte\/elastic-cabells\/"},"modified":"2025-09-29T13:13:55","modified_gmt":"2025-09-29T11:13:55","slug":"elastico-pelo","status":"publish","type":"product","link":"https:\/\/varietatslocals.org\/es\/producte\/elastic-de-cabells\/","title":{"rendered":"El\u00e1stico de pelo"},"content":{"rendered":"<p><strong>El\u00e1stico de pelo<\/strong> de algod\u00f3n ecol\u00f3gico hecho a mano con el estampado de \u201c20 a\u00f1os esparciendo semillas\u201d.<\/p>\n<p>Las ilustraciones del el\u00e1stico son de la ilustradora N\u00edvola Uy\u00e0 y los el\u00e1sticos han sido realizados por diferentes mujeres que han aportado al proyecto<\/p>\n<p>de nuestra entidad su tiempo. El lienzo es de algod\u00f3n ecol\u00f3gico estampado en Barcelona.<\/p>\n<p>Hay dos tama\u00f1os de el\u00e1sticos de pelo: peque\u00f1o o grande.<\/p>\n<p>Los socios y socias de la entidad pueden conseguir el el\u00e1stico a un precio reducido de 3\u20ac.<\/p>\n<p>Si eres socio\/ay te quieres beneficiar de \u00e9ste, contacta directamente con nosotros a trav\u00e9s de pedidos@varietatslocals.org \/ 693 066 858 \/ 722 782 536<\/p>\n<p>Si quieres apoyar a nuestra entidad compra un el\u00e1stico de cabello de variedades locales. Es un regalo muy original.<\/p>","protected":false},"excerpt":{"rendered":"<p>El\u00e0stic de cabells de cot\u00f3 ecol\u00f2gic fet a m\u00e0 amb l&#8217;estampat de &#8220;20 anys escampant llavors&#8221;. Les il\u00b7lustracions de l&#8217;el\u00e0stic s\u00f3n de la il\u00b7lustradora N\u00edvola Uy\u00e0 i els el\u00e0stics han estat fets per diferents dones que han aportat al projecte de la nostra entitat el seu temps. La tela \u00e9s de cot\u00f3 ecol\u00f2gic estampada a [&hellip;]<\/p>\n","protected":false},"featured_media":3174,"template":"","meta":{"_joinchat":[]},"product_brand":[],"product_cat":[41],"product_tag":[],"class_list":{"0":"post-3163","1":"product","2":"type-product","3":"status-publish","4":"has-post-thumbnail","6":"product_cat-merxandatge","8":"first","9":"instock","10":"taxable","11":"shipping-taxable","12":"purchasable","13":"product-type-variable"},"_links":{"self":[{"href":"https:\/\/varietatslocals.org\/es\/wp-json\/wp\/v2\/product\/3163","targetHints":{"allow":["GET"]}}],"collection":[{"href":"https:\/\/varietatslocals.org\/es\/wp-json\/wp\/v2\/product"}],"about":[{"href":"https:\/\/varietatslocals.org\/es\/wp-json\/wp\/v2\/types\/product"}],"wp:featuredmedia":[{"embeddable":true,"href":"https:\/\/varietatslocals.org\/es\/wp-json\/wp\/v2\/media\/3174"}],"wp:attachment":[{"href":"https:\/\/varietatslocals.org\/es\/wp-json\/wp\/v2\/media?parent=3163"}],"wp:term":[{"taxonomy":"product_brand","embeddable":true,"href":"https:\/\/varietatslocals.org\/es\/wp-json\/wp\/v2\/product_brand?post=3163"},{"taxonomy":"product_cat","embeddable":true,"href":"https:\/\/varietatslocals.org\/es\/wp-json\/wp\/v2\/product_cat?post=3163"},{"taxonomy":"product_tag","embeddable":true,"href":"https:\/\/varietatslocals.org\/es\/wp-json\/wp\/v2\/product_tag?post=3163"}],"curies":[{"name":"wp","href":"https:\/\/api.w.org\/{rel}","templated":true}]}}