{"id":3166,"date":"2024-02-01T00:10:06","date_gmt":"2024-01-31T23:10:06","guid":{"rendered":"https:\/\/enricoriolc13.sg-host.com\/producte\/pack-sorpresa-una-llavor-per-a-cada-estacio\/"},"modified":"2026-01-08T19:02:00","modified_gmt":"2026-01-08T18:02:00","slug":"caja-de-semillas","status":"publish","type":"product","link":"https:\/\/varietatslocals.org\/es\/producte\/capsa-de-llavors\/","title":{"rendered":"Caja de Semillas"},"content":{"rendered":"<p>Caja de semillas<\/p>\n<p>La caja de semillas de variedades locales est\u00e1 compuesta de 3 tubitos que incluyen semillas ecol\u00f3gicas de variedades locales.<\/p>\n<p>Es un seedtube pack de Bri de paja: https:\/\/www.bridepalla.com\/seedpack-tube<\/p>\n<p>Las semillas son ecol\u00f3gicas y de variedades locales hechas por los multiplicadores de nuestra entidad.<\/p>\n<p>Las variedades que existen son el perejil mallorqu\u00edn, el tomate de Valldemossa y la berenjena morada.<\/p>\n<p>Los socios y socias de la entidad pueden conseguir la caja a un precio reducido de 15\u20ac. Si eres socio\/ay te quieres beneficiar de \u00e9ste, contacta directamente con nosotros a trav\u00e9s de pedidos@varietatslocals.org \/ 693 066 858 \/ 623 250 278 \/ 722 782 536<\/p>","protected":false},"excerpt":{"rendered":"<p>Capsa de llavors La capsa de llavors de varietats locals est\u00e0 composta de 3 tubets que inclouen llavors ecol\u00f2giques de varietats locals. \u00c9s un seedtube pack de Bri de palla: https:\/\/www.bridepalla.com\/seedpack-tube Les llavors s\u00f3n ecol\u00f2giques i de varietats locals fetes pels multiplicadors de la nostra entitat. Les varietats que hi ha s\u00f3n el julivert mallorqu\u00ed, [&hellip;]<\/p>\n","protected":false},"featured_media":7893,"template":"","meta":{"_joinchat":[]},"product_brand":[],"product_cat":[43],"product_tag":[],"class_list":{"0":"post-3166","1":"product","2":"type-product","3":"status-publish","4":"has-post-thumbnail","6":"product_cat-lots-de-regal","8":"first","9":"instock","10":"taxable","11":"shipping-taxable","12":"purchasable","13":"product-type-simple"},"_links":{"self":[{"href":"https:\/\/varietatslocals.org\/es\/wp-json\/wp\/v2\/product\/3166","targetHints":{"allow":["GET"]}}],"collection":[{"href":"https:\/\/varietatslocals.org\/es\/wp-json\/wp\/v2\/product"}],"about":[{"href":"https:\/\/varietatslocals.org\/es\/wp-json\/wp\/v2\/types\/product"}],"wp:featuredmedia":[{"embeddable":true,"href":"https:\/\/varietatslocals.org\/es\/wp-json\/wp\/v2\/media\/7893"}],"wp:attachment":[{"href":"https:\/\/varietatslocals.org\/es\/wp-json\/wp\/v2\/media?parent=3166"}],"wp:term":[{"taxonomy":"product_brand","embeddable":true,"href":"https:\/\/varietatslocals.org\/es\/wp-json\/wp\/v2\/product_brand?post=3166"},{"taxonomy":"product_cat","embeddable":true,"href":"https:\/\/varietatslocals.org\/es\/wp-json\/wp\/v2\/product_cat?post=3166"},{"taxonomy":"product_tag","embeddable":true,"href":"https:\/\/varietatslocals.org\/es\/wp-json\/wp\/v2\/product_tag?post=3166"}],"curies":[{"name":"wp","href":"https:\/\/api.w.org\/{rel}","templated":true}]}}