{"id":5998,"date":"2024-11-20T11:52:09","date_gmt":"2024-11-20T10:52:09","guid":{"rendered":"https:\/\/www.varietatslocals.org\/?post_type=product&#038;p=5998"},"modified":"2026-04-13T13:48:42","modified_gmt":"2026-04-13T11:48:42","slug":"camiseta-20-anos-esparciendo-semillas-tirantes","status":"publish","type":"product","link":"https:\/\/varietatslocals.org\/es\/producte\/camiseta-20-anys-escampant-llavors-tirants\/","title":{"rendered":"Camiseta 20 a\u00f1os esparciendo semillas tirantes"},"content":{"rendered":"<div class=\"wpb_text_column wpb_content_element p18px\">\n<div class=\"wpb_wrapper\">\n<p>La <strong>Camiseta 20 a\u00f1os esparciendo entonces<\/strong> se hizo en 2022, para celebrar nuestro cumplea\u00f1os. Sacamos a la venta unas camisetas de algod\u00f3n ecol\u00f3gico que dise\u00f1amos junto con la ilustradora <a href=\"https:\/\/nivolauya.com\/\" target=\"_blank\" rel=\"noopener\"><span class=\"_247o\" spellcheck=\"false\" data-offset-key=\"bb7sl-1-0\"><span data-offset-key=\"bb7sl-1-0\">N\u00edvola Uy\u00e1<\/span><\/span><\/a><span data-offset-key=\"bb7sl-2-0\"> y, que est\u00e1n confeccionadas a mano por <\/span><span class=\"_247o\" spellcheck=\"false\" data-offset-key=\"bb7sl-3-0\"><span data-offset-key=\"bb7sl-3-0\"><a href=\"https:\/\/moraduix.com\/\" target=\"_blank\" rel=\"noopener\">Moraduix<\/a>, dise\u00f1adores de ropa \u00e9tica y sostenible<\/span><\/span><span data-offset-key=\"bb7sl-4-0\">. \u00a1Este pico hemos versionado la camiseta y te la ofrecemos con tirantes!<\/span><\/p>\n<p>Hemos hecho una cantidad limitada, \u00a1as\u00ed que no despistes!<\/p>\n<p>Si quieres apoyar nuestro trabajo adquiere una camiseta. Tambi\u00e9n es un buen objeto de regalo. An\u00edmate.<\/p>\n<p>Los socios y socias de la entidad pueden conseguir la camiseta a un precio reducido de 18\u20ac.<\/p>\n<p>Si eres socio\/ay te quieres beneficiar de \u00e9ste, contacta directamente con nosotros a trav\u00e9s de pedidos@varietatslocals.org \/ 693 066 858 \/ 722 782 536<\/p>\n<p>&nbsp;<\/p>\n<p>&nbsp;<\/p>\n<\/div>\n<\/div>\n<p>&nbsp;<\/p>","protected":false},"excerpt":{"rendered":"<p>La Camiseta 20 anys escampant llavors es va fer el 2022, per celebrar el nostre aniversari. Vam treure a la venda unes camisetes de cot\u00f3 ecol\u00f2gic que vam dissenyar juntament amb la il\u00b7lustradora N\u00edvola Uy\u00e1 i, que estan confeccionades a m\u00e0 per Moraduix, dissenyadors de roba \u00e8tica i sostenible. Aquest pic hem versionat la camiseta [&hellip;]<\/p>\n","protected":false},"featured_media":6007,"template":"","meta":{"_joinchat":[]},"product_brand":[],"product_cat":[41,40],"product_tag":[],"class_list":{"0":"post-5998","1":"product","2":"type-product","3":"status-publish","4":"has-post-thumbnail","6":"product_cat-merxandatge","7":"product_cat-novetat","9":"first","10":"instock","11":"taxable","12":"shipping-taxable","13":"purchasable","14":"product-type-variable"},"_links":{"self":[{"href":"https:\/\/varietatslocals.org\/es\/wp-json\/wp\/v2\/product\/5998","targetHints":{"allow":["GET"]}}],"collection":[{"href":"https:\/\/varietatslocals.org\/es\/wp-json\/wp\/v2\/product"}],"about":[{"href":"https:\/\/varietatslocals.org\/es\/wp-json\/wp\/v2\/types\/product"}],"wp:featuredmedia":[{"embeddable":true,"href":"https:\/\/varietatslocals.org\/es\/wp-json\/wp\/v2\/media\/6007"}],"wp:attachment":[{"href":"https:\/\/varietatslocals.org\/es\/wp-json\/wp\/v2\/media?parent=5998"}],"wp:term":[{"taxonomy":"product_brand","embeddable":true,"href":"https:\/\/varietatslocals.org\/es\/wp-json\/wp\/v2\/product_brand?post=5998"},{"taxonomy":"product_cat","embeddable":true,"href":"https:\/\/varietatslocals.org\/es\/wp-json\/wp\/v2\/product_cat?post=5998"},{"taxonomy":"product_tag","embeddable":true,"href":"https:\/\/varietatslocals.org\/es\/wp-json\/wp\/v2\/product_tag?post=5998"}],"curies":[{"name":"wp","href":"https:\/\/api.w.org\/{rel}","templated":true}]}}