{"id":6009,"date":"2024-11-20T12:05:41","date_gmt":"2024-11-20T11:05:41","guid":{"rendered":"https:\/\/www.varietatslocals.org\/?post_type=product&#038;p=6009"},"modified":"2026-04-08T12:53:13","modified_gmt":"2026-04-08T10:53:13","slug":"tapabocas","status":"publish","type":"product","link":"https:\/\/varietatslocals.org\/es\/producte\/tapaboques\/","title":{"rendered":"Tapabocas"},"content":{"rendered":"<p><strong>Tapabocas<\/strong> de algod\u00f3n ecol\u00f3gico hecho a mano con el estampado de \u201c20 a\u00f1os esparciendo semillas\u201d.<\/p>\n<p>Las ilustraciones del tapacubos son de la ilustradora N\u00edvola Uy\u00e0.<\/p>\n<p>El lienzo es de algod\u00f3n ecol\u00f3gico estampado en Barcelona.<\/p>\n<p>Los socios y socias de la entidad pueden conseguir el tapacubos a un precio reducido de 6 \u20ac.<\/p>\n<p>Si eres socio\/ay te quieres beneficiar de \u00e9ste, contacta directamente con nosotros a trav\u00e9s de pedidos@varietatslocals.org \/ 693 066 858 \/ 623 250 278<\/p>\n<p>Si quieres apoyar a nuestra entidad compra un tapacubos de variedades locales. Es un regalo muy original.<\/p>","protected":false},"excerpt":{"rendered":"<p>Tapaboques de cot\u00f3 ecol\u00f2gic fet a m\u00e0 amb l&#8217;estampat de &#8220;20 anys escampant llavors&#8221;. Les il\u00b7lustracions del tapaboques s\u00f3n de la il\u00b7lustradora N\u00edvola Uy\u00e0. La tela \u00e9s de cot\u00f3 ecol\u00f2gic estampada a Barcelona. Els socis i s\u00f2cies de l\u2019entitat poden aconseguir el tapaboques a un preu redu\u00eft de 6 \u20ac. Si ets soci\/a i et [&hellip;]<\/p>\n","protected":false},"featured_media":6013,"template":"","meta":{"_joinchat":[]},"product_brand":[],"product_cat":[41,40],"product_tag":[81],"class_list":{"0":"post-6009","1":"product","2":"type-product","3":"status-publish","4":"has-post-thumbnail","6":"product_cat-merxandatge","7":"product_cat-novetat","8":"product_tag-tapaboques","10":"first","11":"instock","12":"taxable","13":"shipping-taxable","14":"purchasable","15":"product-type-simple"},"_links":{"self":[{"href":"https:\/\/varietatslocals.org\/es\/wp-json\/wp\/v2\/product\/6009","targetHints":{"allow":["GET"]}}],"collection":[{"href":"https:\/\/varietatslocals.org\/es\/wp-json\/wp\/v2\/product"}],"about":[{"href":"https:\/\/varietatslocals.org\/es\/wp-json\/wp\/v2\/types\/product"}],"wp:featuredmedia":[{"embeddable":true,"href":"https:\/\/varietatslocals.org\/es\/wp-json\/wp\/v2\/media\/6013"}],"wp:attachment":[{"href":"https:\/\/varietatslocals.org\/es\/wp-json\/wp\/v2\/media?parent=6009"}],"wp:term":[{"taxonomy":"product_brand","embeddable":true,"href":"https:\/\/varietatslocals.org\/es\/wp-json\/wp\/v2\/product_brand?post=6009"},{"taxonomy":"product_cat","embeddable":true,"href":"https:\/\/varietatslocals.org\/es\/wp-json\/wp\/v2\/product_cat?post=6009"},{"taxonomy":"product_tag","embeddable":true,"href":"https:\/\/varietatslocals.org\/es\/wp-json\/wp\/v2\/product_tag?post=6009"}],"curies":[{"name":"wp","href":"https:\/\/api.w.org\/{rel}","templated":true}]}}