{"id":6171,"date":"2024-12-02T12:01:46","date_gmt":"2024-12-02T11:01:46","guid":{"rendered":"https:\/\/www.varietatslocals.org\/?post_type=product&#038;p=6171"},"modified":"2024-12-02T14:53:59","modified_gmt":"2024-12-02T13:53:59","slug":"recopilacion-de-semillas-de-legumbre-4-variedades","status":"publish","type":"product","link":"https:\/\/varietatslocals.org\/es\/producte\/recull-de-llavors-de-llegum-4-varietats\/","title":{"rendered":"Recopilaci\u00f3n de semillas de legumbre, 4 variedades"},"content":{"rendered":"<p>Recopilaci\u00f3n perfecta para regalar, que incluye:<\/p>\n<ul>\n<li>4 sobres de semillas de variedades locales de legumbre. Incluye un sobre grande de garbanzo y 4 sobres peque\u00f1os a escoger entre nuestras legumbres.<\/li>\n<\/ul>\n<p>Al realizar el pedido deber\u00e1 escribir en los comentarios qu\u00e9 recopilaci\u00f3n desea recibir, si no se pondr\u00e1n variedades aleatorias.<\/p>","protected":false},"excerpt":{"rendered":"<p>Recopilaci\u00f3n perfecta para regalar, que incluye: 4 sobres de semillas de variedades locales de legumbre. Incluye un sobre grande de garbanzo y 4 sobres peque\u00f1os a escoger entre nuestras legumbres. Al realizar el pedido deber\u00e1 escribir en los comentarios qu\u00e9 recopilaci\u00f3n desea recibir, si no se pondr\u00e1n variedades aleatorias.<\/p>","protected":false},"featured_media":6175,"template":"","meta":{"_joinchat":[]},"product_brand":[],"product_cat":[43],"product_tag":[],"class_list":{"0":"post-6171","1":"product","2":"type-product","3":"status-publish","4":"has-post-thumbnail","6":"product_cat-lots-de-regal","8":"first","9":"instock","10":"taxable","11":"shipping-taxable","12":"purchasable","13":"product-type-simple"},"_links":{"self":[{"href":"https:\/\/varietatslocals.org\/es\/wp-json\/wp\/v2\/product\/6171","targetHints":{"allow":["GET"]}}],"collection":[{"href":"https:\/\/varietatslocals.org\/es\/wp-json\/wp\/v2\/product"}],"about":[{"href":"https:\/\/varietatslocals.org\/es\/wp-json\/wp\/v2\/types\/product"}],"wp:featuredmedia":[{"embeddable":true,"href":"https:\/\/varietatslocals.org\/es\/wp-json\/wp\/v2\/media\/6175"}],"wp:attachment":[{"href":"https:\/\/varietatslocals.org\/es\/wp-json\/wp\/v2\/media?parent=6171"}],"wp:term":[{"taxonomy":"product_brand","embeddable":true,"href":"https:\/\/varietatslocals.org\/es\/wp-json\/wp\/v2\/product_brand?post=6171"},{"taxonomy":"product_cat","embeddable":true,"href":"https:\/\/varietatslocals.org\/es\/wp-json\/wp\/v2\/product_cat?post=6171"},{"taxonomy":"product_tag","embeddable":true,"href":"https:\/\/varietatslocals.org\/es\/wp-json\/wp\/v2\/product_tag?post=6171"}],"curies":[{"name":"wp","href":"https:\/\/api.w.org\/{rel}","templated":true}]}}