{"id":6208,"date":"2024-12-11T08:49:07","date_gmt":"2024-12-11T07:49:07","guid":{"rendered":"https:\/\/www.varietatslocals.org\/?post_type=product&#038;p=6208"},"modified":"2026-04-12T18:47:20","modified_gmt":"2026-04-12T16:47:20","slug":"tomate-de-pera-grande","status":"publish","type":"product","link":"https:\/\/varietatslocals.org\/es\/producte\/tomatiga-de-pera-grossa\/","title":{"rendered":"Tomate de pera grande"},"content":{"rendered":"<p><strong>\u00bfC\u00f3mo es?<\/strong><\/p>\n<p>La <strong>Tomate de pera grande<\/strong> es de forma similar a la de pera, m\u00e1s grande y llena y de forma m\u00e1s redondeada. De color rosado tanto por dentro como por fuera. Es dulce y se utiliza para comer cruda y para conservar.<\/p>\n<p><strong>\u00bfCu\u00e1ndo y c\u00f3mo se siembra?<\/strong><\/p>\n<p>Tomatiguera de mata baja, muy productiva, pero tiene una producci\u00f3n poco escalonada (en 3 o 4 cosechadas se cosecha toda). No necesita enca\u00f1ar, pero es mejor poner a un peque\u00f1o tutor. Tiene la piel m\u00e1s gruesa, lo que la hace m\u00e1s apta para el cultivo rastrero. Tambi\u00e9n es una de las variedades m\u00e1s resistentes a la <em>Tuta Absoluta.<\/em><\/p>\n<p>Se<strong> siembra de mediados enero hasta abril<\/strong>. Puede trasplantarse de abril a mayo, y recolectar de julio a octubre. La<strong> distancia de siembra es de 50 cm entre plantas, y 100 cm entre filas<\/strong>.<\/p>\n<p><strong>\u00bfQu\u00e9 cantidad de semilla hay en el sobre?<\/strong><\/p>\n<p><strong>Peso del sobre<\/strong>: 0,1 g. Aproximadamente 34 unidades<\/p>\n<p><em>Solanum lycopersicum <\/em>\u2013 Recurso fitogen\u00e9tico<\/p>\n<p>Origen: Can Roseta, Son Servera, Mallorca.<\/p>","protected":false},"excerpt":{"rendered":"<p><strong>Calendario de siembra Tomate de pera grande<\/strong><\/p>\n<p><img decoding=\"async\" class=\"alignnone size-full wp-image-7201\" src=\"https:\/\/www.varietatslocals.org\/wp-content\/uploads\/2024\/12\/Calendari-plantacio-Tomatiga-de-pebre-425-x-100-px.jpg\" alt=\"Calendario siembra Tomate de pimienta\" width=\"425\" height=\"100\" srcset=\"https:\/\/varietatslocals.org\/wp-content\/uploads\/2024\/12\/Calendari-plantacio-Tomatiga-de-pebre-425-x-100-px.jpg 425w, https:\/\/varietatslocals.org\/wp-content\/uploads\/2024\/12\/Calendari-plantacio-Tomatiga-de-pebre-425-x-100-px-18x4.jpg 18w\" sizes=\"(max-width: 425px) 100vw, 425px\" \/><\/p>\n<p><strong>Leyenda<\/strong><\/p>\n<p><img decoding=\"async\" class=\"alignnone size-full wp-image-7213\" src=\"https:\/\/www.varietatslocals.org\/wp-content\/uploads\/2024\/02\/Llegenda-varietats-locals-425-x-50-px.jpg\" alt=\"Leyenda Variedades Locales\" width=\"425\" height=\"50\" srcset=\"https:\/\/varietatslocals.org\/wp-content\/uploads\/2024\/02\/Llegenda-varietats-locals-425-x-50-px.jpg 425w, https:\/\/varietatslocals.org\/wp-content\/uploads\/2024\/02\/Llegenda-varietats-locals-425-x-50-px-18x2.jpg 18w\" sizes=\"(max-width: 425px) 100vw, 425px\" \/><\/p>","protected":false},"featured_media":6209,"template":"","meta":{"_joinchat":[]},"product_brand":[],"product_cat":[54,40],"product_tag":[],"class_list":{"0":"post-6208","1":"product","2":"type-product","3":"status-publish","4":"has-post-thumbnail","6":"product_cat-tomatigues","7":"product_cat-novetat","9":"first","10":"instock","11":"taxable","12":"shipping-taxable","13":"purchasable","14":"product-type-simple"},"_links":{"self":[{"href":"https:\/\/varietatslocals.org\/es\/wp-json\/wp\/v2\/product\/6208","targetHints":{"allow":["GET"]}}],"collection":[{"href":"https:\/\/varietatslocals.org\/es\/wp-json\/wp\/v2\/product"}],"about":[{"href":"https:\/\/varietatslocals.org\/es\/wp-json\/wp\/v2\/types\/product"}],"wp:featuredmedia":[{"embeddable":true,"href":"https:\/\/varietatslocals.org\/es\/wp-json\/wp\/v2\/media\/6209"}],"wp:attachment":[{"href":"https:\/\/varietatslocals.org\/es\/wp-json\/wp\/v2\/media?parent=6208"}],"wp:term":[{"taxonomy":"product_brand","embeddable":true,"href":"https:\/\/varietatslocals.org\/es\/wp-json\/wp\/v2\/product_brand?post=6208"},{"taxonomy":"product_cat","embeddable":true,"href":"https:\/\/varietatslocals.org\/es\/wp-json\/wp\/v2\/product_cat?post=6208"},{"taxonomy":"product_tag","embeddable":true,"href":"https:\/\/varietatslocals.org\/es\/wp-json\/wp\/v2\/product_tag?post=6208"}],"curies":[{"name":"wp","href":"https:\/\/api.w.org\/{rel}","templated":true}]}}