{"id":8762,"date":"2025-11-21T12:50:53","date_gmt":"2025-11-21T11:50:53","guid":{"rendered":"https:\/\/varietatslocals.org\/?post_type=product&#038;p=8762"},"modified":"2026-04-01T11:19:48","modified_gmt":"2026-04-01T09:19:48","slug":"alfalfa-mallorquin","status":"publish","type":"product","link":"https:\/\/varietatslocals.org\/es\/producte\/alfals-mallorqui\/","title":{"rendered":"Alfalfa mallorqu\u00edn"},"content":{"rendered":"<p><strong>\u00bfC\u00f3mo es?<\/strong><\/p>\n<p>La alfalfa mallorqu\u00edn es una forrajera de regad\u00edo, que puede durar entre 6 y 7 a\u00f1os. Es un excelente cultivo para rotaci\u00f3n y como abono verde. Es muy productiva, de tallo alto, y se siega en primavera y en verano, y tiene paro invernal. Puede segarse cada 21-28 d\u00edas. Se aprovecha en verde, puede conservarse una vez seco, y tiene una alta calidad nutricional.<\/p>\n<p><strong>\u00bfCu\u00e1ndo y c\u00f3mo se siembra?<\/strong><\/p>\n<p>Se puede<strong> sembrar entre septiembre y marzo, <\/strong>por <strong>segar de abril a octubre<\/strong>. Se siembra en enjambres, y la dosis de siembra es de unos 2.5 gr\/m\u00b2, o 25kg\/ha.<\/p>\n<p><strong>\u00bfQu\u00e9 cantidad de semilla hay en el sobre?<\/strong><\/p>\n<p><strong>Peso del sobre<\/strong>: 100 o 1000gr.<\/p>\n<p><strong>\u00bfDurante cu\u00e1nto tiempo se podr\u00e1 sembrar esta semilla?<\/strong><\/p>\n<p>Viabilidad de la semilla: 5 a\u00f1os.<\/p>\n<p><em>Medicago sativa L. <\/em>\u2013 recurso fitogen\u00e9tico<\/p>\n<p>Origen: S&#039;Aranjassa, Mallorca.<\/p>\n<p>Tambi\u00e9n disponemos de semilla a granel, para pedidos: pedidos@varietatslocals.org \/ 623 250 278 \/ 693 066 858<\/p>","protected":false},"excerpt":{"rendered":"<p><strong>Calendario de siembra Alfalfa mallorqu\u00edn<\/strong><\/p>\n<p><strong> <img decoding=\"async\" class=\"alignnone size-full wp-image-8765\" src=\"https:\/\/varietatslocals.org\/wp-content\/uploads\/2025\/11\/Disseny-sense-titol-14.jpg\" alt=\"\" width=\"425\" height=\"100\" srcset=\"https:\/\/varietatslocals.org\/wp-content\/uploads\/2025\/11\/Disseny-sense-titol-14.jpg 425w, https:\/\/varietatslocals.org\/wp-content\/uploads\/2025\/11\/Disseny-sense-titol-14-18x4.jpg 18w\" sizes=\"(max-width: 425px) 100vw, 425px\" \/><\/strong><\/p>\n<p><strong>Leyenda<\/strong><\/p>\n<p><img decoding=\"async\" class=\"alignnone size-full wp-image-7215\" src=\"https:\/\/www.varietatslocals.org\/wp-content\/uploads\/2024\/02\/Llegenda-varietats-locals-475-x-50-px.png\" alt=\"\" width=\"475\" height=\"50\" srcset=\"https:\/\/varietatslocals.org\/wp-content\/uploads\/2024\/02\/Llegenda-varietats-locals-475-x-50-px.png 475w, https:\/\/varietatslocals.org\/wp-content\/uploads\/2024\/02\/Llegenda-varietats-locals-475-x-50-px-18x2.png 18w\" sizes=\"(max-width: 475px) 100vw, 475px\" \/><\/p>","protected":false},"featured_media":8766,"template":"","meta":{"_joinchat":[]},"product_brand":[],"product_cat":[46,50],"product_tag":[],"class_list":{"0":"post-8762","1":"product","2":"type-product","3":"status-publish","4":"has-post-thumbnail","6":"product_cat-hivern","7":"product_cat-llegums","9":"first","10":"instock","11":"taxable","12":"shipping-taxable","13":"purchasable","14":"product-type-variable"},"_links":{"self":[{"href":"https:\/\/varietatslocals.org\/es\/wp-json\/wp\/v2\/product\/8762","targetHints":{"allow":["GET"]}}],"collection":[{"href":"https:\/\/varietatslocals.org\/es\/wp-json\/wp\/v2\/product"}],"about":[{"href":"https:\/\/varietatslocals.org\/es\/wp-json\/wp\/v2\/types\/product"}],"wp:featuredmedia":[{"embeddable":true,"href":"https:\/\/varietatslocals.org\/es\/wp-json\/wp\/v2\/media\/8766"}],"wp:attachment":[{"href":"https:\/\/varietatslocals.org\/es\/wp-json\/wp\/v2\/media?parent=8762"}],"wp:term":[{"taxonomy":"product_brand","embeddable":true,"href":"https:\/\/varietatslocals.org\/es\/wp-json\/wp\/v2\/product_brand?post=8762"},{"taxonomy":"product_cat","embeddable":true,"href":"https:\/\/varietatslocals.org\/es\/wp-json\/wp\/v2\/product_cat?post=8762"},{"taxonomy":"product_tag","embeddable":true,"href":"https:\/\/varietatslocals.org\/es\/wp-json\/wp\/v2\/product_tag?post=8762"}],"curies":[{"name":"wp","href":"https:\/\/api.w.org\/{rel}","templated":true}]}}