{"id":9440,"date":"2026-02-12T11:51:14","date_gmt":"2026-02-12T10:51:14","guid":{"rendered":"https:\/\/varietatslocals.org\/?post_type=product&#038;p=9440"},"modified":"2026-05-07T15:07:19","modified_gmt":"2026-05-07T13:07:19","slug":"rosa-mistica","status":"publish","type":"product","link":"https:\/\/varietatslocals.org\/es\/producte\/rosa-mistica\/","title":{"rendered":"Rosa m\u00edstica"},"content":{"rendered":"<p><strong>\u00bfC\u00f3mo es?<\/strong><\/p>\n<p>La <strong>Rosa M\u00edstica<\/strong> es una planta anual ornamental grande, de hasta 1 m de altura y 50 cm de di\u00e1metro. De floraci\u00f3n abundante y larga en oto\u00f1o. Las flores tienen muchos p\u00e9talos y gran variedad de colores. Es muy poco exigente en yegua y esti\u00e9rcol. Se puede utilizar como flor cortada o entre cultivos, y atrae a varios polinizadores.<\/p>\n<p><strong>\u00bfCu\u00e1ndo y c\u00f3mo se siembra?<\/strong><\/p>\n<p><strong>Se siembra en febrero para trasplantar de marzo a junio<\/strong>, y la floraci\u00f3n es de julio hasta noviembre. La <strong>distancia de siembra es de 40 cm entre plantas<\/strong>.<\/p>\n<p><strong>\u00bfQu\u00e9 cantidad de semilla hay en el sobre?<\/strong><\/p>\n<p><strong>Peso del sobre:<\/strong> 0,2 g. Aproximadamente 33 unidades de semillas de perpetua roja.<\/p>\n<p><strong>\u00bfDurante cu\u00e1nto tiempo se podr\u00e1 sembrar esta semilla?<\/strong><\/p>\n<p>Viabilidad de la semilla: 2 a\u00f1os<\/p>\n<p>Nombre cient\u00edfico:<em> Zinnia elegans <\/em>\u2013 Recurso fitogen\u00e9tico<\/p>\n<p>Origen: Ca na Justa, Porreres, Mallorca.<\/p>\n<p>Tambi\u00e9n disponemos de semilla a granel, para pedidos: pedidos@varietatslocals.org \/ 623 250 278 \/ 693 066 858<\/p>","protected":false},"excerpt":{"rendered":"<p><strong>Calendario de siembra Rosa m\u00edstica<\/strong><\/p>\n<p><img decoding=\"async\" class=\"alignnone size-full wp-image-9441\" src=\"https:\/\/varietatslocals.org\/wp-content\/uploads\/2026\/02\/Disseny-sense-titol.jpg\" alt=\"\" width=\"425\" height=\"100\" srcset=\"https:\/\/varietatslocals.org\/wp-content\/uploads\/2026\/02\/Disseny-sense-titol.jpg 425w, https:\/\/varietatslocals.org\/wp-content\/uploads\/2026\/02\/Disseny-sense-titol-18x4.jpg 18w\" sizes=\"(max-width: 425px) 100vw, 425px\" \/><\/p>\n<p><strong>Leyenda<\/strong><\/p>\n<p><img decoding=\"async\" class=\"alignnone size-full wp-image-7215\" src=\"https:\/\/www.varietatslocals.org\/wp-content\/uploads\/2024\/02\/Llegenda-varietats-locals-475-x-50-px.png\" alt=\"\" width=\"475\" height=\"50\" srcset=\"https:\/\/varietatslocals.org\/wp-content\/uploads\/2024\/02\/Llegenda-varietats-locals-475-x-50-px.png 475w, https:\/\/varietatslocals.org\/wp-content\/uploads\/2024\/02\/Llegenda-varietats-locals-475-x-50-px-18x2.png 18w\" sizes=\"(max-width: 475px) 100vw, 475px\" \/><\/p>\n<p>&nbsp;<\/p>","protected":false},"featured_media":9442,"template":"","meta":{"_joinchat":[]},"product_brand":[],"product_cat":[51],"product_tag":[76],"class_list":{"0":"post-9440","1":"product","2":"type-product","3":"status-publish","4":"has-post-thumbnail","6":"product_cat-flors-i-aromatiques","7":"product_tag-perpetuavermella","9":"first","10":"instock","11":"taxable","12":"shipping-taxable","13":"purchasable","14":"product-type-simple"},"_links":{"self":[{"href":"https:\/\/varietatslocals.org\/es\/wp-json\/wp\/v2\/product\/9440","targetHints":{"allow":["GET"]}}],"collection":[{"href":"https:\/\/varietatslocals.org\/es\/wp-json\/wp\/v2\/product"}],"about":[{"href":"https:\/\/varietatslocals.org\/es\/wp-json\/wp\/v2\/types\/product"}],"wp:featuredmedia":[{"embeddable":true,"href":"https:\/\/varietatslocals.org\/es\/wp-json\/wp\/v2\/media\/9442"}],"wp:attachment":[{"href":"https:\/\/varietatslocals.org\/es\/wp-json\/wp\/v2\/media?parent=9440"}],"wp:term":[{"taxonomy":"product_brand","embeddable":true,"href":"https:\/\/varietatslocals.org\/es\/wp-json\/wp\/v2\/product_brand?post=9440"},{"taxonomy":"product_cat","embeddable":true,"href":"https:\/\/varietatslocals.org\/es\/wp-json\/wp\/v2\/product_cat?post=9440"},{"taxonomy":"product_tag","embeddable":true,"href":"https:\/\/varietatslocals.org\/es\/wp-json\/wp\/v2\/product_tag?post=9440"}],"curies":[{"name":"wp","href":"https:\/\/api.w.org\/{rel}","templated":true}]}}